{"id":2162,"date":"2020-08-25T12:04:19","date_gmt":"2020-08-25T17:04:19","guid":{"rendered":"https:\/\/cosmenales.com\/sitio\/contact-2\/"},"modified":"2023-03-14T09:40:52","modified_gmt":"2023-03-14T14:40:52","slug":"contacto","status":"publish","type":"page","link":"https:\/\/cosmenales.com\/sitio\/contacto\/","title":{"rendered":"Contacto"},"content":{"rendered":"\t\t<div data-elementor-type=\"wp-page\" data-elementor-id=\"2162\" class=\"elementor elementor-2162\" data-elementor-post-type=\"page\">\n\t\t\t\t\t\t<section class=\"elementor-section elementor-top-section elementor-element elementor-element-e9e3865 elementor-section-boxed elementor-section-height-default elementor-section-height-default\" data-id=\"e9e3865\" data-element_type=\"section\">\n\t\t\t\t\t\t<div class=\"elementor-container elementor-column-gap-default\">\n\t\t\t\t\t<div class=\"elementor-column elementor-col-100 elementor-top-column elementor-element elementor-element-fbec3f5\" data-id=\"fbec3f5\" data-element_type=\"column\">\n\t\t\t<div class=\"elementor-widget-wrap elementor-element-populated\">\n\t\t\t\t\t\t<div class=\"elementor-element elementor-element-c937826 elementor-widget elementor-widget-spacer\" data-id=\"c937826\" data-element_type=\"widget\" data-widget_type=\"spacer.default\">\n\t\t\t\t<div class=\"elementor-widget-container\">\n\t\t\t\t\t\t\t<div class=\"elementor-spacer\">\n\t\t\t<div class=\"elementor-spacer-inner\"><\/div>\n\t\t<\/div>\n\t\t\t\t\t\t<\/div>\n\t\t\t\t<\/div>\n\t\t\t\t\t<\/div>\n\t\t<\/div>\n\t\t\t\t\t<\/div>\n\t\t<\/section>\n\t\t\t\t<section class=\"elementor-section elementor-top-section elementor-element elementor-element-92464f4 elementor-section-boxed elementor-section-height-default elementor-section-height-default\" data-id=\"92464f4\" data-element_type=\"section\">\n\t\t\t\t\t\t<div class=\"elementor-container elementor-column-gap-default\">\n\t\t\t\t\t<div class=\"elementor-column elementor-col-100 elementor-top-column elementor-element elementor-element-be578b4\" data-id=\"be578b4\" data-element_type=\"column\">\n\t\t\t<div class=\"elementor-widget-wrap\">\n\t\t\t\t\t\t\t<\/div>\n\t\t<\/div>\n\t\t\t\t\t<\/div>\n\t\t<\/section>\n\t\t\t\t<section class=\"elementor-section elementor-top-section elementor-element elementor-element-7d11d5b elementor-section-full_width elementor-section-height-default elementor-section-height-default\" data-id=\"7d11d5b\" data-element_type=\"section\">\n\t\t\t\t\t\t<div class=\"elementor-container elementor-column-gap-default\">\n\t\t\t\t\t<div class=\"elementor-column elementor-col-100 elementor-top-column elementor-element elementor-element-7690098\" data-id=\"7690098\" data-element_type=\"column\">\n\t\t\t<div class=\"elementor-widget-wrap elementor-element-populated\">\n\t\t\t\t\t\t<div class=\"elementor-element elementor-element-146dccc elementor-widget elementor-widget-heading\" data-id=\"146dccc\" data-element_type=\"widget\" data-widget_type=\"heading.default\">\n\t\t\t\t<div class=\"elementor-widget-container\">\n\t\t\t\t\t<h2 class=\"elementor-heading-title elementor-size-default\">Cont\u00e1ctanos<\/h2>\t\t\t\t<\/div>\n\t\t\t\t<\/div>\n\t\t\t\t<div class=\"elementor-element elementor-element-15de61f elementor-widget elementor-widget-text-editor\" data-id=\"15de61f\" data-element_type=\"widget\" data-widget_type=\"text-editor.default\">\n\t\t\t\t<div class=\"elementor-widget-container\">\n\t\t\t\t\t\t\t\t\t<p>Estamos en mejora continua y tu opini\u00f3n es muy importante para nosotros, tambi\u00e9n estamos disponibles para resolver cualquier inquietud. \u00a1Gracias!<\/p>\t\t\t\t\t\t\t\t<\/div>\n\t\t\t\t<\/div>\n\t\t\t\t\t<\/div>\n\t\t<\/div>\n\t\t\t\t\t<\/div>\n\t\t<\/section>\n\t\t\t\t<section class=\"elementor-section elementor-top-section elementor-element elementor-element-857afd1 elementor-section-full_width elementor-section-height-default elementor-section-height-default\" data-id=\"857afd1\" data-element_type=\"section\">\n\t\t\t\t\t\t<div class=\"elementor-container elementor-column-gap-default\">\n\t\t\t\t\t<div class=\"elementor-column elementor-col-100 elementor-top-column elementor-element elementor-element-6cf6955\" data-id=\"6cf6955\" data-element_type=\"column\">\n\t\t\t<div class=\"elementor-widget-wrap elementor-element-populated\">\n\t\t\t\t\t\t<div class=\"elementor-element elementor-element-e4b2377 elementor-widget elementor-widget-wp-widget-wpforms-widget\" data-id=\"e4b2377\" data-element_type=\"widget\" data-widget_type=\"wp-widget-wpforms-widget.default\">\n\t\t\t\t<div class=\"elementor-widget-container\">\n\t\t\t\t\t<div class=\"wpforms-container \" id=\"wpforms-3186\"><form id=\"wpforms-form-3186\" class=\"wpforms-validate wpforms-form wpforms-ajax-form\" data-formid=\"3186\" method=\"post\" enctype=\"multipart\/form-data\" action=\"\/sitio\/wp-json\/wp\/v2\/pages\/2162\" data-token=\"f40faad5a9ce7bac1472ad35f19b3cfa\" data-token-time=\"1777209527\"><noscript class=\"wpforms-error-noscript\">Por favor, activa JavaScript en tu navegador para completar este formulario.<\/noscript><div class=\"wpforms-field-container\"><div id=\"wpforms-3186-field_0-container\" class=\"wpforms-field wpforms-field-name\" data-field-id=\"0\"><label class=\"wpforms-field-label\">Nombre <span class=\"wpforms-required-label\">*<\/span><\/label><div class=\"wpforms-field-row wpforms-field-medium\"><div class=\"wpforms-field-row-block wpforms-first wpforms-one-half\"><input type=\"text\" id=\"wpforms-3186-field_0\" class=\"wpforms-field-name-first wpforms-field-required\" name=\"wpforms[fields][0][first]\" required><label for=\"wpforms-3186-field_0\" class=\"wpforms-field-sublabel after\">Nombre<\/label><\/div><div class=\"wpforms-field-row-block wpforms-one-half\"><input type=\"text\" id=\"wpforms-3186-field_0-last\" class=\"wpforms-field-name-last wpforms-field-required\" name=\"wpforms[fields][0][last]\" required><label for=\"wpforms-3186-field_0-last\" class=\"wpforms-field-sublabel after\">Apellidos<\/label><\/div><\/div><\/div><div id=\"wpforms-3186-field_3-container\" class=\"wpforms-field wpforms-field-number\" data-field-id=\"3\"><label class=\"wpforms-field-label\" for=\"wpforms-3186-field_3\">Celular <span class=\"wpforms-required-label\">*<\/span><\/label><input type=\"number\" id=\"wpforms-3186-field_3\" class=\"wpforms-field-medium wpforms-field-required\" name=\"wpforms[fields][3]\" required><\/div><div id=\"wpforms-3186-field_1-container\" class=\"wpforms-field wpforms-field-email\" data-field-id=\"1\"><label class=\"wpforms-field-label\" for=\"wpforms-3186-field_1\">Correo electr\u00f3nico <span class=\"wpforms-required-label\">*<\/span><\/label><input type=\"email\" id=\"wpforms-3186-field_1\" class=\"wpforms-field-medium wpforms-field-required\" name=\"wpforms[fields][1]\" spellcheck=\"false\" required><\/div><div id=\"wpforms-3186-field_2-container\" class=\"wpforms-field wpforms-field-textarea\" data-field-id=\"2\"><label class=\"wpforms-field-label\" for=\"wpforms-3186-field_2\">Comentario o mensaje<\/label><textarea id=\"wpforms-3186-field_2\" class=\"wpforms-field-medium\" name=\"wpforms[fields][2]\" ><\/textarea><\/div><\/div><!-- .wpforms-field-container --><div class=\"wpforms-submit-container\" ><input type=\"hidden\" name=\"wpforms[id]\" value=\"3186\"><input type=\"hidden\" name=\"page_title\" value=\"\"><input type=\"hidden\" name=\"page_url\" value=\"https:\/\/cosmenales.com\/sitio\/wp-json\/wp\/v2\/pages\/2162\"><button type=\"submit\" name=\"wpforms[submit]\" id=\"wpforms-submit-3186\" class=\"wpforms-submit\" data-alt-text=\"Enviando...\" data-submit-text=\"Enviar\" aria-live=\"assertive\" value=\"wpforms-submit\">Enviar<\/button><img decoding=\"async\" src=\"https:\/\/cosmenales.com\/sitio\/wp-content\/plugins\/wpforms\/assets\/images\/submit-spin.svg\" class=\"wpforms-submit-spinner\" style=\"display: none;\" width=\"26\" height=\"26\" alt=\"Cargando\"><\/div><\/form><\/div>  <!-- .wpforms-container -->\t\t\t\t<\/div>\n\t\t\t\t<\/div>\n\t\t\t\t\t<\/div>\n\t\t<\/div>\n\t\t\t\t\t<\/div>\n\t\t<\/section>\n\t\t\t\t<section class=\"elementor-section elementor-top-section elementor-element elementor-element-f4fc422 elementor-section-boxed elementor-section-height-default elementor-section-height-default\" data-id=\"f4fc422\" data-element_type=\"section\">\n\t\t\t\t\t\t<div class=\"elementor-container elementor-column-gap-default\">\n\t\t\t\t\t<div class=\"elementor-column elementor-col-100 elementor-top-column elementor-element elementor-element-5ec38f2\" data-id=\"5ec38f2\" data-element_type=\"column\">\n\t\t\t<div class=\"elementor-widget-wrap elementor-element-populated\">\n\t\t\t\t\t\t<div class=\"elementor-element elementor-element-8d38eff elementor-widget elementor-widget-spacer\" data-id=\"8d38eff\" data-element_type=\"widget\" data-widget_type=\"spacer.default\">\n\t\t\t\t<div class=\"elementor-widget-container\">\n\t\t\t\t\t\t\t<div class=\"elementor-spacer\">\n\t\t\t<div class=\"elementor-spacer-inner\"><\/div>\n\t\t<\/div>\n\t\t\t\t\t\t<\/div>\n\t\t\t\t<\/div>\n\t\t\t\t\t<\/div>\n\t\t<\/div>\n\t\t\t\t\t<\/div>\n\t\t<\/section>\n\t\t\t\t<\/div>\n\t\t","protected":false},"excerpt":{"rendered":"<p>Cont\u00e1ctanos Estamos en mejora continua y tu opini\u00f3n es muy importante para nosotros, tambi\u00e9n estamos disponibles para resolver cualquier inquietud. \u00a1Gracias!<\/p>\n","protected":false},"author":1,"featured_media":0,"parent":0,"menu_order":0,"comment_status":"closed","ping_status":"closed","template":"","meta":{"_uag_custom_page_level_css":"","site-sidebar-layout":"no-sidebar","site-content-layout":"plain-container","ast-site-content-layout":"default","site-content-style":"default","site-sidebar-style":"default","ast-global-header-display":"","ast-banner-title-visibility":"","ast-main-header-display":"","ast-hfb-above-header-display":"","ast-hfb-below-header-display":"","ast-hfb-mobile-header-display":"","site-post-title":"disabled","ast-breadcrumbs-content":"","ast-featured-img":"disabled","footer-sml-layout":"","ast-disable-related-posts":"","theme-transparent-header-meta":"enabled","adv-header-id-meta":"","stick-header-meta":"","header-above-stick-meta":"","header-main-stick-meta":"","header-below-stick-meta":"","astra-migrate-meta-layouts":"default","ast-page-background-enabled":"default","ast-page-background-meta":{"desktop":{"background-color":"","background-image":"","background-repeat":"repeat","background-position":"center center","background-size":"auto","background-attachment":"scroll","background-type":"","background-media":"","overlay-type":"","overlay-color":"","overlay-opacity":"","overlay-gradient":""},"tablet":{"background-color":"","background-image":"","background-repeat":"repeat","background-position":"center center","background-size":"auto","background-attachment":"scroll","background-type":"","background-media":"","overlay-type":"","overlay-color":"","overlay-opacity":"","overlay-gradient":""},"mobile":{"background-color":"","background-image":"","background-repeat":"repeat","background-position":"center center","background-size":"auto","background-attachment":"scroll","background-type":"","background-media":"","overlay-type":"","overlay-color":"","overlay-opacity":"","overlay-gradient":""}},"ast-content-background-meta":{"desktop":{"background-color":"var(--ast-global-color-5)","background-image":"","background-repeat":"repeat","background-position":"center center","background-size":"auto","background-attachment":"scroll","background-type":"","background-media":"","overlay-type":"","overlay-color":"","overlay-opacity":"","overlay-gradient":""},"tablet":{"background-color":"var(--ast-global-color-5)","background-image":"","background-repeat":"repeat","background-position":"center center","background-size":"auto","background-attachment":"scroll","background-type":"","background-media":"","overlay-type":"","overlay-color":"","overlay-opacity":"","overlay-gradient":""},"mobile":{"background-color":"var(--ast-global-color-5)","background-image":"","background-repeat":"repeat","background-position":"center center","background-size":"auto","background-attachment":"scroll","background-type":"","background-media":"","overlay-type":"","overlay-color":"","overlay-opacity":"","overlay-gradient":""}},"footnotes":""},"class_list":["post-2162","page","type-page","status-publish","hentry"],"yoast_head":"<!-- This site is optimized with the Yoast SEO plugin v27.4 - https:\/\/yoast.com\/product\/yoast-seo-wordpress\/ -->\n<title>Contacto - Cosmenales Laboratorio de Cosm\u00e9ticos Internacionales<\/title>\n<meta name=\"robots\" content=\"index, follow, max-snippet:-1, max-image-preview:large, max-video-preview:-1\" \/>\n<link rel=\"canonical\" href=\"https:\/\/cosmenales.com\/sitio\/contacto\/\" \/>\n<meta property=\"og:locale\" content=\"es_ES\" \/>\n<meta property=\"og:type\" content=\"article\" \/>\n<meta property=\"og:title\" content=\"Contacto - Cosmenales Laboratorio de Cosm\u00e9ticos Internacionales\" \/>\n<meta property=\"og:description\" content=\"Cont\u00e1ctanos Estamos en mejora continua y tu opini\u00f3n es muy importante para nosotros, tambi\u00e9n estamos disponibles para resolver cualquier inquietud. \u00a1Gracias!\" \/>\n<meta property=\"og:url\" content=\"https:\/\/cosmenales.com\/sitio\/contacto\/\" \/>\n<meta property=\"og:site_name\" content=\"Cosmenales Laboratorio de Cosm\u00e9ticos Internacionales\" \/>\n<meta property=\"article:modified_time\" content=\"2023-03-14T14:40:52+00:00\" \/>\n<meta name=\"twitter:card\" content=\"summary_large_image\" \/>\n<meta name=\"twitter:label1\" content=\"Tiempo de lectura\" \/>\n\t<meta name=\"twitter:data1\" content=\"1 minuto\" \/>\n<script type=\"application\/ld+json\" class=\"yoast-schema-graph\">{\"@context\":\"https:\\\/\\\/schema.org\",\"@graph\":[{\"@type\":\"WebPage\",\"@id\":\"https:\\\/\\\/cosmenales.com\\\/sitio\\\/contacto\\\/\",\"url\":\"https:\\\/\\\/cosmenales.com\\\/sitio\\\/contacto\\\/\",\"name\":\"Contacto - Cosmenales Laboratorio de Cosm\u00e9ticos Internacionales\",\"isPartOf\":{\"@id\":\"https:\\\/\\\/cosmenales.com\\\/sitio\\\/#website\"},\"datePublished\":\"2020-08-25T17:04:19+00:00\",\"dateModified\":\"2023-03-14T14:40:52+00:00\",\"breadcrumb\":{\"@id\":\"https:\\\/\\\/cosmenales.com\\\/sitio\\\/contacto\\\/#breadcrumb\"},\"inLanguage\":\"es\",\"potentialAction\":[{\"@type\":\"ReadAction\",\"target\":[\"https:\\\/\\\/cosmenales.com\\\/sitio\\\/contacto\\\/\"]}]},{\"@type\":\"BreadcrumbList\",\"@id\":\"https:\\\/\\\/cosmenales.com\\\/sitio\\\/contacto\\\/#breadcrumb\",\"itemListElement\":[{\"@type\":\"ListItem\",\"position\":1,\"name\":\"Portada\",\"item\":\"https:\\\/\\\/cosmenales.com\\\/sitio\\\/\"},{\"@type\":\"ListItem\",\"position\":2,\"name\":\"Contacto\"}]},{\"@type\":\"WebSite\",\"@id\":\"https:\\\/\\\/cosmenales.com\\\/sitio\\\/#website\",\"url\":\"https:\\\/\\\/cosmenales.com\\\/sitio\\\/\",\"name\":\"Cosmenales Laboratorio de Cosm\u00e9ticos Internacionales\",\"description\":\"Empresa con 21 a\u00f1os de experiencia en la fabricaci\u00f3n y Comercializaci\u00f3n de Productos Cosm\u00e9ticos.\",\"publisher\":{\"@id\":\"https:\\\/\\\/cosmenales.com\\\/sitio\\\/#organization\"},\"alternateName\":\"cosmenales\",\"potentialAction\":[{\"@type\":\"SearchAction\",\"target\":{\"@type\":\"EntryPoint\",\"urlTemplate\":\"https:\\\/\\\/cosmenales.com\\\/sitio\\\/?s={search_term_string}\"},\"query-input\":{\"@type\":\"PropertyValueSpecification\",\"valueRequired\":true,\"valueName\":\"search_term_string\"}}],\"inLanguage\":\"es\"},{\"@type\":\"Organization\",\"@id\":\"https:\\\/\\\/cosmenales.com\\\/sitio\\\/#organization\",\"name\":\"Cosmenales Laboratorio de Cosm\u00e9ticos Internacionales\",\"url\":\"https:\\\/\\\/cosmenales.com\\\/sitio\\\/\",\"logo\":{\"@type\":\"ImageObject\",\"inLanguage\":\"es\",\"@id\":\"https:\\\/\\\/cosmenales.com\\\/sitio\\\/#\\\/schema\\\/logo\\\/image\\\/\",\"url\":\"https:\\\/\\\/cosmenales.com\\\/sitio\\\/wp-content\\\/uploads\\\/2026\\\/03\\\/cropped-logo-cosmenales-horizontal_Mesa-de-trabajo-1.png\",\"contentUrl\":\"https:\\\/\\\/cosmenales.com\\\/sitio\\\/wp-content\\\/uploads\\\/2026\\\/03\\\/cropped-logo-cosmenales-horizontal_Mesa-de-trabajo-1.png\",\"width\":375,\"height\":125,\"caption\":\"Cosmenales Laboratorio de Cosm\u00e9ticos Internacionales\"},\"image\":{\"@id\":\"https:\\\/\\\/cosmenales.com\\\/sitio\\\/#\\\/schema\\\/logo\\\/image\\\/\"}}]}<\/script>\n<!-- \/ Yoast SEO plugin. -->","yoast_head_json":{"title":"Contacto - Cosmenales Laboratorio de Cosm\u00e9ticos Internacionales","robots":{"index":"index","follow":"follow","max-snippet":"max-snippet:-1","max-image-preview":"max-image-preview:large","max-video-preview":"max-video-preview:-1"},"canonical":"https:\/\/cosmenales.com\/sitio\/contacto\/","og_locale":"es_ES","og_type":"article","og_title":"Contacto - Cosmenales Laboratorio de Cosm\u00e9ticos Internacionales","og_description":"Cont\u00e1ctanos Estamos en mejora continua y tu opini\u00f3n es muy importante para nosotros, tambi\u00e9n estamos disponibles para resolver cualquier inquietud. \u00a1Gracias!","og_url":"https:\/\/cosmenales.com\/sitio\/contacto\/","og_site_name":"Cosmenales Laboratorio de Cosm\u00e9ticos Internacionales","article_modified_time":"2023-03-14T14:40:52+00:00","twitter_card":"summary_large_image","twitter_misc":{"Tiempo de lectura":"1 minuto"},"schema":{"@context":"https:\/\/schema.org","@graph":[{"@type":"WebPage","@id":"https:\/\/cosmenales.com\/sitio\/contacto\/","url":"https:\/\/cosmenales.com\/sitio\/contacto\/","name":"Contacto - Cosmenales Laboratorio de Cosm\u00e9ticos Internacionales","isPartOf":{"@id":"https:\/\/cosmenales.com\/sitio\/#website"},"datePublished":"2020-08-25T17:04:19+00:00","dateModified":"2023-03-14T14:40:52+00:00","breadcrumb":{"@id":"https:\/\/cosmenales.com\/sitio\/contacto\/#breadcrumb"},"inLanguage":"es","potentialAction":[{"@type":"ReadAction","target":["https:\/\/cosmenales.com\/sitio\/contacto\/"]}]},{"@type":"BreadcrumbList","@id":"https:\/\/cosmenales.com\/sitio\/contacto\/#breadcrumb","itemListElement":[{"@type":"ListItem","position":1,"name":"Portada","item":"https:\/\/cosmenales.com\/sitio\/"},{"@type":"ListItem","position":2,"name":"Contacto"}]},{"@type":"WebSite","@id":"https:\/\/cosmenales.com\/sitio\/#website","url":"https:\/\/cosmenales.com\/sitio\/","name":"Cosmenales Laboratorio de Cosm\u00e9ticos Internacionales","description":"Empresa con 21 a\u00f1os de experiencia en la fabricaci\u00f3n y Comercializaci\u00f3n de Productos Cosm\u00e9ticos.","publisher":{"@id":"https:\/\/cosmenales.com\/sitio\/#organization"},"alternateName":"cosmenales","potentialAction":[{"@type":"SearchAction","target":{"@type":"EntryPoint","urlTemplate":"https:\/\/cosmenales.com\/sitio\/?s={search_term_string}"},"query-input":{"@type":"PropertyValueSpecification","valueRequired":true,"valueName":"search_term_string"}}],"inLanguage":"es"},{"@type":"Organization","@id":"https:\/\/cosmenales.com\/sitio\/#organization","name":"Cosmenales Laboratorio de Cosm\u00e9ticos Internacionales","url":"https:\/\/cosmenales.com\/sitio\/","logo":{"@type":"ImageObject","inLanguage":"es","@id":"https:\/\/cosmenales.com\/sitio\/#\/schema\/logo\/image\/","url":"https:\/\/cosmenales.com\/sitio\/wp-content\/uploads\/2026\/03\/cropped-logo-cosmenales-horizontal_Mesa-de-trabajo-1.png","contentUrl":"https:\/\/cosmenales.com\/sitio\/wp-content\/uploads\/2026\/03\/cropped-logo-cosmenales-horizontal_Mesa-de-trabajo-1.png","width":375,"height":125,"caption":"Cosmenales Laboratorio de Cosm\u00e9ticos Internacionales"},"image":{"@id":"https:\/\/cosmenales.com\/sitio\/#\/schema\/logo\/image\/"}}]}},"uagb_featured_image_src":{"full":false,"thumbnail":false,"medium":false,"medium_large":false,"large":false,"1536x1536":false,"2048x2048":false,"woocommerce_thumbnail":false,"woocommerce_single":false,"woocommerce_gallery_thumbnail":false,"variation_swatches_image_size":false,"variation_swatches_tooltip_size":false},"uagb_author_info":{"display_name":"admin","author_link":"https:\/\/cosmenales.com\/sitio\/author\/admin\/"},"uagb_comment_info":0,"uagb_excerpt":"Cont\u00e1ctanos Estamos en mejora continua y tu opini\u00f3n es muy importante para nosotros, tambi\u00e9n estamos disponibles para resolver cualquier inquietud. \u00a1Gracias!","jetpack_sharing_enabled":true,"publishpress_future_action":{"enabled":false,"date":"2026-05-03 08:18:48","action":"change-status","newStatus":"draft","terms":[],"taxonomy":"","extraData":[]},"publishpress_future_workflow_manual_trigger":{"enabledWorkflows":[]},"_links":{"self":[{"href":"https:\/\/cosmenales.com\/sitio\/wp-json\/wp\/v2\/pages\/2162","targetHints":{"allow":["GET"]}}],"collection":[{"href":"https:\/\/cosmenales.com\/sitio\/wp-json\/wp\/v2\/pages"}],"about":[{"href":"https:\/\/cosmenales.com\/sitio\/wp-json\/wp\/v2\/types\/page"}],"author":[{"embeddable":true,"href":"https:\/\/cosmenales.com\/sitio\/wp-json\/wp\/v2\/users\/1"}],"replies":[{"embeddable":true,"href":"https:\/\/cosmenales.com\/sitio\/wp-json\/wp\/v2\/comments?post=2162"}],"version-history":[{"count":0,"href":"https:\/\/cosmenales.com\/sitio\/wp-json\/wp\/v2\/pages\/2162\/revisions"}],"wp:attachment":[{"href":"https:\/\/cosmenales.com\/sitio\/wp-json\/wp\/v2\/media?parent=2162"}],"curies":[{"name":"wp","href":"https:\/\/api.w.org\/{rel}","templated":true}]}}