{"id":834,"date":"2017-01-11T09:08:48","date_gmt":"2017-01-11T14:08:48","guid":{"rendered":"https:\/\/demo.themegrill.com\/flash-default-2\/my-account\/"},"modified":"2023-02-24T03:03:39","modified_gmt":"2023-02-24T08:03:39","slug":"mi-cuenta","status":"publish","type":"page","link":"https:\/\/cosmenales.com\/sitio\/mi-cuenta\/","title":{"rendered":"Mi cuenta"},"content":{"rendered":"<div class=\"woocommerce\"><\/div>\n","protected":false},"excerpt":{"rendered":"","protected":false},"author":1,"featured_media":0,"parent":0,"menu_order":0,"comment_status":"closed","ping_status":"closed","template":"","meta":{"_uag_custom_page_level_css":"","site-sidebar-layout":"default","site-content-layout":"","ast-site-content-layout":"default","site-content-style":"default","site-sidebar-style":"default","ast-global-header-display":"","ast-banner-title-visibility":"","ast-main-header-display":"","ast-hfb-above-header-display":"","ast-hfb-below-header-display":"","ast-hfb-mobile-header-display":"","site-post-title":"","ast-breadcrumbs-content":"","ast-featured-img":"","footer-sml-layout":"","ast-disable-related-posts":"","theme-transparent-header-meta":"","adv-header-id-meta":"","stick-header-meta":"","header-above-stick-meta":"","header-main-stick-meta":"","header-below-stick-meta":"","astra-migrate-meta-layouts":"default","ast-page-background-enabled":"default","ast-page-background-meta":{"desktop":{"background-color":"","background-image":"","background-repeat":"repeat","background-position":"center center","background-size":"auto","background-attachment":"scroll","background-type":"","background-media":"","overlay-type":"","overlay-color":"","overlay-opacity":"","overlay-gradient":""},"tablet":{"background-color":"","background-image":"","background-repeat":"repeat","background-position":"center center","background-size":"auto","background-attachment":"scroll","background-type":"","background-media":"","overlay-type":"","overlay-color":"","overlay-opacity":"","overlay-gradient":""},"mobile":{"background-color":"","background-image":"","background-repeat":"repeat","background-position":"center center","background-size":"auto","background-attachment":"scroll","background-type":"","background-media":"","overlay-type":"","overlay-color":"","overlay-opacity":"","overlay-gradient":""}},"ast-content-background-meta":{"desktop":{"background-color":"var(--ast-global-color-5)","background-image":"","background-repeat":"repeat","background-position":"center center","background-size":"auto","background-attachment":"scroll","background-type":"","background-media":"","overlay-type":"","overlay-color":"","overlay-opacity":"","overlay-gradient":""},"tablet":{"background-color":"var(--ast-global-color-5)","background-image":"","background-repeat":"repeat","background-position":"center center","background-size":"auto","background-attachment":"scroll","background-type":"","background-media":"","overlay-type":"","overlay-color":"","overlay-opacity":"","overlay-gradient":""},"mobile":{"background-color":"var(--ast-global-color-5)","background-image":"","background-repeat":"repeat","background-position":"center center","background-size":"auto","background-attachment":"scroll","background-type":"","background-media":"","overlay-type":"","overlay-color":"","overlay-opacity":"","overlay-gradient":""}},"footnotes":""},"class_list":["post-834","page","type-page","status-publish","hentry"],"yoast_head":"<!-- This site is optimized with the Yoast SEO plugin v27.4 - https:\/\/yoast.com\/product\/yoast-seo-wordpress\/ -->\n<title>Mi cuenta - Cosmenales Laboratorio de Cosm\u00e9ticos Internacionales<\/title>\n<meta name=\"robots\" content=\"index, follow, max-snippet:-1, max-image-preview:large, max-video-preview:-1\" \/>\n<link rel=\"canonical\" href=\"https:\/\/cosmenales.com\/sitio\/mi-cuenta\/\" \/>\n<meta property=\"og:locale\" content=\"es_ES\" \/>\n<meta property=\"og:type\" content=\"article\" \/>\n<meta property=\"og:title\" content=\"Mi cuenta - Cosmenales Laboratorio de Cosm\u00e9ticos Internacionales\" \/>\n<meta property=\"og:url\" content=\"https:\/\/cosmenales.com\/sitio\/mi-cuenta\/\" \/>\n<meta property=\"og:site_name\" content=\"Cosmenales Laboratorio de Cosm\u00e9ticos Internacionales\" \/>\n<meta property=\"article:modified_time\" content=\"2023-02-24T08:03:39+00:00\" \/>\n<meta name=\"twitter:card\" content=\"summary_large_image\" \/>\n<script type=\"application\/ld+json\" class=\"yoast-schema-graph\">{\"@context\":\"https:\\\/\\\/schema.org\",\"@graph\":[{\"@type\":\"WebPage\",\"@id\":\"https:\\\/\\\/cosmenales.com\\\/sitio\\\/mi-cuenta\\\/\",\"url\":\"https:\\\/\\\/cosmenales.com\\\/sitio\\\/mi-cuenta\\\/\",\"name\":\"Mi cuenta - Cosmenales Laboratorio de Cosm\u00e9ticos Internacionales\",\"isPartOf\":{\"@id\":\"https:\\\/\\\/cosmenales.com\\\/sitio\\\/#website\"},\"datePublished\":\"2017-01-11T14:08:48+00:00\",\"dateModified\":\"2023-02-24T08:03:39+00:00\",\"breadcrumb\":{\"@id\":\"https:\\\/\\\/cosmenales.com\\\/sitio\\\/mi-cuenta\\\/#breadcrumb\"},\"inLanguage\":\"es\",\"potentialAction\":[{\"@type\":\"ReadAction\",\"target\":[\"https:\\\/\\\/cosmenales.com\\\/sitio\\\/mi-cuenta\\\/\"]}]},{\"@type\":\"BreadcrumbList\",\"@id\":\"https:\\\/\\\/cosmenales.com\\\/sitio\\\/mi-cuenta\\\/#breadcrumb\",\"itemListElement\":[{\"@type\":\"ListItem\",\"position\":1,\"name\":\"Portada\",\"item\":\"https:\\\/\\\/cosmenales.com\\\/sitio\\\/\"},{\"@type\":\"ListItem\",\"position\":2,\"name\":\"Mi cuenta\"}]},{\"@type\":\"WebSite\",\"@id\":\"https:\\\/\\\/cosmenales.com\\\/sitio\\\/#website\",\"url\":\"https:\\\/\\\/cosmenales.com\\\/sitio\\\/\",\"name\":\"Cosmenales Laboratorio de Cosm\u00e9ticos Internacionales\",\"description\":\"Empresa con 21 a\u00f1os de experiencia en la fabricaci\u00f3n y Comercializaci\u00f3n de Productos Cosm\u00e9ticos.\",\"publisher\":{\"@id\":\"https:\\\/\\\/cosmenales.com\\\/sitio\\\/#organization\"},\"alternateName\":\"cosmenales\",\"potentialAction\":[{\"@type\":\"SearchAction\",\"target\":{\"@type\":\"EntryPoint\",\"urlTemplate\":\"https:\\\/\\\/cosmenales.com\\\/sitio\\\/?s={search_term_string}\"},\"query-input\":{\"@type\":\"PropertyValueSpecification\",\"valueRequired\":true,\"valueName\":\"search_term_string\"}}],\"inLanguage\":\"es\"},{\"@type\":\"Organization\",\"@id\":\"https:\\\/\\\/cosmenales.com\\\/sitio\\\/#organization\",\"name\":\"Cosmenales Laboratorio de Cosm\u00e9ticos Internacionales\",\"url\":\"https:\\\/\\\/cosmenales.com\\\/sitio\\\/\",\"logo\":{\"@type\":\"ImageObject\",\"inLanguage\":\"es\",\"@id\":\"https:\\\/\\\/cosmenales.com\\\/sitio\\\/#\\\/schema\\\/logo\\\/image\\\/\",\"url\":\"https:\\\/\\\/cosmenales.com\\\/sitio\\\/wp-content\\\/uploads\\\/2026\\\/03\\\/cropped-logo-cosmenales-horizontal_Mesa-de-trabajo-1.png\",\"contentUrl\":\"https:\\\/\\\/cosmenales.com\\\/sitio\\\/wp-content\\\/uploads\\\/2026\\\/03\\\/cropped-logo-cosmenales-horizontal_Mesa-de-trabajo-1.png\",\"width\":375,\"height\":125,\"caption\":\"Cosmenales Laboratorio de Cosm\u00e9ticos Internacionales\"},\"image\":{\"@id\":\"https:\\\/\\\/cosmenales.com\\\/sitio\\\/#\\\/schema\\\/logo\\\/image\\\/\"}}]}<\/script>\n<!-- \/ Yoast SEO plugin. -->","yoast_head_json":{"title":"Mi cuenta - Cosmenales Laboratorio de Cosm\u00e9ticos Internacionales","robots":{"index":"index","follow":"follow","max-snippet":"max-snippet:-1","max-image-preview":"max-image-preview:large","max-video-preview":"max-video-preview:-1"},"canonical":"https:\/\/cosmenales.com\/sitio\/mi-cuenta\/","og_locale":"es_ES","og_type":"article","og_title":"Mi cuenta - Cosmenales Laboratorio de Cosm\u00e9ticos Internacionales","og_url":"https:\/\/cosmenales.com\/sitio\/mi-cuenta\/","og_site_name":"Cosmenales Laboratorio de Cosm\u00e9ticos Internacionales","article_modified_time":"2023-02-24T08:03:39+00:00","twitter_card":"summary_large_image","schema":{"@context":"https:\/\/schema.org","@graph":[{"@type":"WebPage","@id":"https:\/\/cosmenales.com\/sitio\/mi-cuenta\/","url":"https:\/\/cosmenales.com\/sitio\/mi-cuenta\/","name":"Mi cuenta - Cosmenales Laboratorio de Cosm\u00e9ticos Internacionales","isPartOf":{"@id":"https:\/\/cosmenales.com\/sitio\/#website"},"datePublished":"2017-01-11T14:08:48+00:00","dateModified":"2023-02-24T08:03:39+00:00","breadcrumb":{"@id":"https:\/\/cosmenales.com\/sitio\/mi-cuenta\/#breadcrumb"},"inLanguage":"es","potentialAction":[{"@type":"ReadAction","target":["https:\/\/cosmenales.com\/sitio\/mi-cuenta\/"]}]},{"@type":"BreadcrumbList","@id":"https:\/\/cosmenales.com\/sitio\/mi-cuenta\/#breadcrumb","itemListElement":[{"@type":"ListItem","position":1,"name":"Portada","item":"https:\/\/cosmenales.com\/sitio\/"},{"@type":"ListItem","position":2,"name":"Mi cuenta"}]},{"@type":"WebSite","@id":"https:\/\/cosmenales.com\/sitio\/#website","url":"https:\/\/cosmenales.com\/sitio\/","name":"Cosmenales Laboratorio de Cosm\u00e9ticos Internacionales","description":"Empresa con 21 a\u00f1os de experiencia en la fabricaci\u00f3n y Comercializaci\u00f3n de Productos Cosm\u00e9ticos.","publisher":{"@id":"https:\/\/cosmenales.com\/sitio\/#organization"},"alternateName":"cosmenales","potentialAction":[{"@type":"SearchAction","target":{"@type":"EntryPoint","urlTemplate":"https:\/\/cosmenales.com\/sitio\/?s={search_term_string}"},"query-input":{"@type":"PropertyValueSpecification","valueRequired":true,"valueName":"search_term_string"}}],"inLanguage":"es"},{"@type":"Organization","@id":"https:\/\/cosmenales.com\/sitio\/#organization","name":"Cosmenales Laboratorio de Cosm\u00e9ticos Internacionales","url":"https:\/\/cosmenales.com\/sitio\/","logo":{"@type":"ImageObject","inLanguage":"es","@id":"https:\/\/cosmenales.com\/sitio\/#\/schema\/logo\/image\/","url":"https:\/\/cosmenales.com\/sitio\/wp-content\/uploads\/2026\/03\/cropped-logo-cosmenales-horizontal_Mesa-de-trabajo-1.png","contentUrl":"https:\/\/cosmenales.com\/sitio\/wp-content\/uploads\/2026\/03\/cropped-logo-cosmenales-horizontal_Mesa-de-trabajo-1.png","width":375,"height":125,"caption":"Cosmenales Laboratorio de Cosm\u00e9ticos Internacionales"},"image":{"@id":"https:\/\/cosmenales.com\/sitio\/#\/schema\/logo\/image\/"}}]}},"uagb_featured_image_src":{"full":false,"thumbnail":false,"medium":false,"medium_large":false,"large":false,"1536x1536":false,"2048x2048":false,"woocommerce_thumbnail":false,"woocommerce_single":false,"woocommerce_gallery_thumbnail":false,"variation_swatches_image_size":false,"variation_swatches_tooltip_size":false},"uagb_author_info":{"display_name":"admin","author_link":"https:\/\/cosmenales.com\/sitio\/author\/admin\/"},"uagb_comment_info":0,"uagb_excerpt":null,"jetpack_sharing_enabled":true,"publishpress_future_action":{"enabled":false,"date":"2026-05-03 08:21:52","action":"change-status","newStatus":"draft","terms":[],"taxonomy":"","extraData":[]},"publishpress_future_workflow_manual_trigger":{"enabledWorkflows":[]},"_links":{"self":[{"href":"https:\/\/cosmenales.com\/sitio\/wp-json\/wp\/v2\/pages\/834","targetHints":{"allow":["GET"]}}],"collection":[{"href":"https:\/\/cosmenales.com\/sitio\/wp-json\/wp\/v2\/pages"}],"about":[{"href":"https:\/\/cosmenales.com\/sitio\/wp-json\/wp\/v2\/types\/page"}],"author":[{"embeddable":true,"href":"https:\/\/cosmenales.com\/sitio\/wp-json\/wp\/v2\/users\/1"}],"replies":[{"embeddable":true,"href":"https:\/\/cosmenales.com\/sitio\/wp-json\/wp\/v2\/comments?post=834"}],"version-history":[{"count":0,"href":"https:\/\/cosmenales.com\/sitio\/wp-json\/wp\/v2\/pages\/834\/revisions"}],"wp:attachment":[{"href":"https:\/\/cosmenales.com\/sitio\/wp-json\/wp\/v2\/media?parent=834"}],"curies":[{"name":"wp","href":"https:\/\/api.w.org\/{rel}","templated":true}]}}