{"id":15,"date":"2023-02-12T15:14:53","date_gmt":"2023-02-12T20:14:53","guid":{"rendered":"https:\/\/cosmenales.com\/sitio\/?post_type=product&#038;p=15"},"modified":"2026-03-02T09:27:19","modified_gmt":"2026-03-02T14:27:19","slug":"agua-de-rosas-micelar-desmaquillante-pote-500g","status":"publish","type":"product","link":"https:\/\/cosmenales.com\/sitio\/producto\/agua-de-rosas-micelar-desmaquillante-pote-500g\/","title":{"rendered":"AGUA DE ROSAS MICELAR DESMAQUILLANTE X 250g pote"},"content":{"rendered":"<p><span style=\"font-weight: 400;\">Limpia y remueve de forma eficiente el maquillaje del rostro, contorno de ojos y labios; contiene extractos de agua de rosas, pepino, col\u00e1geno, manzanilla y aloe vera, que tonifican, suavizan y refrescan la piel. Su f\u00f3rmula contiene micelas que eliminan las impurezas y excesos de grasa en la piel.<\/span><\/p>\n<h6>MODO DE USO:<\/h6>\n<p>Humedezca un pomo de algod\u00f3n, luego aplique realizando suaves masajes en forma circular hasta dejar el \u00e1rea completamente limpia.<\/p>\n<h6>ADVERTENCIAS Y PRECAUCIONES:<\/h6>\n<p>Solo para uso externo. Evite el contacto con los ojos, si el producto entra en contactocon los ojos lavar, con abudante agua\u00a0 no ingerirlo. No ingerir; si observa alguna reacci\u00f3n desfavorable, suspenda su uso y consulte con un m\u00e9dico; mant\u00e9ngase fuera del alcance de ni\u00f1os y mascotas. No es para uso \u00edntimo.<\/p>\n","protected":false},"excerpt":{"rendered":"<p>Limpia y remueve de forma eficiente el maquillaje del rostro, contorno de ojos y labios; contiene extractos de agua de rosas, pepino, col\u00e1geno, manzanilla y aloe vera, que tonifican, suavizan y refrescan la piel. Su f\u00f3rmula contiene micelas que eliminan las impurezas y excesos de grasa en la piel. MODO DE USO: Humedezca un pomo [&hellip;]<\/p>\n","protected":false},"featured_media":6198,"template":"","meta":{"_uag_custom_page_level_css":"","site-sidebar-layout":"default","site-content-layout":"default","ast-site-content-layout":"default","site-content-style":"default","site-sidebar-style":"default","ast-global-header-display":"","ast-banner-title-visibility":"","ast-main-header-display":"","ast-hfb-above-header-display":"","ast-hfb-below-header-display":"","ast-hfb-mobile-header-display":"","site-post-title":"","ast-breadcrumbs-content":"","ast-featured-img":"","footer-sml-layout":"","ast-disable-related-posts":"","theme-transparent-header-meta":"default","adv-header-id-meta":"","stick-header-meta":"","header-above-stick-meta":"","header-main-stick-meta":"","header-below-stick-meta":"","astra-migrate-meta-layouts":"set","ast-page-background-enabled":"default","ast-page-background-meta":{"desktop":{"background-color":"","background-image":"","background-repeat":"repeat","background-position":"center center","background-size":"auto","background-attachment":"scroll","background-type":"","background-media":"","overlay-type":"","overlay-color":"","overlay-opacity":"","overlay-gradient":""},"tablet":{"background-color":"","background-image":"","background-repeat":"repeat","background-position":"center center","background-size":"auto","background-attachment":"scroll","background-type":"","background-media":"","overlay-type":"","overlay-color":"","overlay-opacity":"","overlay-gradient":""},"mobile":{"background-color":"","background-image":"","background-repeat":"repeat","background-position":"center center","background-size":"auto","background-attachment":"scroll","background-type":"","background-media":"","overlay-type":"","overlay-color":"","overlay-opacity":"","overlay-gradient":""}},"ast-content-background-meta":{"desktop":{"background-color":"var(--ast-global-color-5)","background-image":"","background-repeat":"repeat","background-position":"center center","background-size":"auto","background-attachment":"scroll","background-type":"","background-media":"","overlay-type":"","overlay-color":"","overlay-opacity":"","overlay-gradient":""},"tablet":{"background-color":"var(--ast-global-color-5)","background-image":"","background-repeat":"repeat","background-position":"center center","background-size":"auto","background-attachment":"scroll","background-type":"","background-media":"","overlay-type":"","overlay-color":"","overlay-opacity":"","overlay-gradient":""},"mobile":{"background-color":"var(--ast-global-color-5)","background-image":"","background-repeat":"repeat","background-position":"center center","background-size":"auto","background-attachment":"scroll","background-type":"","background-media":"","overlay-type":"","overlay-color":"","overlay-opacity":"","overlay-gradient":""}}},"pwb-brand":[],"product_brand":[],"product_cat":[32,21],"product_tag":[],"class_list":{"0":"post-15","1":"product","2":"type-product","3":"status-publish","4":"has-post-thumbnail","6":"product_cat-bioelixir","7":"product_cat-3-facial","8":"desktop-align-center","9":"tablet-align-left","10":"mobile-align-left","12":"first","13":"instock","14":"virtual","15":"purchasable","16":"product-type-simple"},"yoast_head":"<!-- This site is optimized with the Yoast SEO plugin v27.4 - https:\/\/yoast.com\/product\/yoast-seo-wordpress\/ -->\n<title>AGUA DE ROSAS MICELAR DESMAQUILLANTE X 250g pote - Cosmenales Laboratorio de Cosm\u00e9ticos Internacionales<\/title>\n<meta name=\"robots\" content=\"index, follow, max-snippet:-1, max-image-preview:large, max-video-preview:-1\" \/>\n<link rel=\"canonical\" href=\"https:\/\/cosmenales.com\/sitio\/producto\/agua-de-rosas-micelar-desmaquillante-pote-500g\/\" \/>\n<meta property=\"og:locale\" content=\"es_ES\" \/>\n<meta property=\"og:type\" content=\"article\" \/>\n<meta property=\"og:title\" content=\"AGUA DE ROSAS MICELAR DESMAQUILLANTE X 250g pote - Cosmenales Laboratorio de Cosm\u00e9ticos Internacionales\" \/>\n<meta property=\"og:description\" content=\"Limpia y remueve de forma eficiente el maquillaje del rostro, contorno de ojos y labios; contiene extractos de agua de rosas, pepino, col\u00e1geno, manzanilla y aloe vera, que tonifican, suavizan y refrescan la piel. Su f\u00f3rmula contiene micelas que eliminan las impurezas y excesos de grasa en la piel. MODO DE USO: Humedezca un pomo [&hellip;]\" \/>\n<meta property=\"og:url\" content=\"https:\/\/cosmenales.com\/sitio\/producto\/agua-de-rosas-micelar-desmaquillante-pote-500g\/\" \/>\n<meta property=\"og:site_name\" content=\"Cosmenales Laboratorio de Cosm\u00e9ticos Internacionales\" \/>\n<meta property=\"article:modified_time\" content=\"2026-03-02T14:27:19+00:00\" \/>\n<meta property=\"og:image\" content=\"https:\/\/cosmenales.com\/sitio\/wp-content\/uploads\/2023\/02\/Agua-de-rosas-250g.png\" \/>\n\t<meta property=\"og:image:width\" content=\"2063\" \/>\n\t<meta property=\"og:image:height\" content=\"2063\" \/>\n\t<meta property=\"og:image:type\" content=\"image\/png\" \/>\n<meta name=\"twitter:card\" content=\"summary_large_image\" \/>\n<meta name=\"twitter:label1\" content=\"Tiempo de lectura\" \/>\n\t<meta name=\"twitter:data1\" content=\"1 minuto\" \/>\n<script type=\"application\/ld+json\" class=\"yoast-schema-graph\">{\"@context\":\"https:\\\/\\\/schema.org\",\"@graph\":[{\"@type\":\"WebPage\",\"@id\":\"https:\\\/\\\/cosmenales.com\\\/sitio\\\/producto\\\/agua-de-rosas-micelar-desmaquillante-pote-500g\\\/\",\"url\":\"https:\\\/\\\/cosmenales.com\\\/sitio\\\/producto\\\/agua-de-rosas-micelar-desmaquillante-pote-500g\\\/\",\"name\":\"AGUA DE ROSAS MICELAR DESMAQUILLANTE X 250g pote - Cosmenales Laboratorio de Cosm\u00e9ticos Internacionales\",\"isPartOf\":{\"@id\":\"https:\\\/\\\/cosmenales.com\\\/sitio\\\/#website\"},\"primaryImageOfPage\":{\"@id\":\"https:\\\/\\\/cosmenales.com\\\/sitio\\\/producto\\\/agua-de-rosas-micelar-desmaquillante-pote-500g\\\/#primaryimage\"},\"image\":{\"@id\":\"https:\\\/\\\/cosmenales.com\\\/sitio\\\/producto\\\/agua-de-rosas-micelar-desmaquillante-pote-500g\\\/#primaryimage\"},\"thumbnailUrl\":\"https:\\\/\\\/cosmenales.com\\\/sitio\\\/wp-content\\\/uploads\\\/2023\\\/02\\\/Agua-de-rosas-250g.png\",\"datePublished\":\"2023-02-12T20:14:53+00:00\",\"dateModified\":\"2026-03-02T14:27:19+00:00\",\"breadcrumb\":{\"@id\":\"https:\\\/\\\/cosmenales.com\\\/sitio\\\/producto\\\/agua-de-rosas-micelar-desmaquillante-pote-500g\\\/#breadcrumb\"},\"inLanguage\":\"es\",\"potentialAction\":[{\"@type\":\"ReadAction\",\"target\":[\"https:\\\/\\\/cosmenales.com\\\/sitio\\\/producto\\\/agua-de-rosas-micelar-desmaquillante-pote-500g\\\/\"]}]},{\"@type\":\"ImageObject\",\"inLanguage\":\"es\",\"@id\":\"https:\\\/\\\/cosmenales.com\\\/sitio\\\/producto\\\/agua-de-rosas-micelar-desmaquillante-pote-500g\\\/#primaryimage\",\"url\":\"https:\\\/\\\/cosmenales.com\\\/sitio\\\/wp-content\\\/uploads\\\/2023\\\/02\\\/Agua-de-rosas-250g.png\",\"contentUrl\":\"https:\\\/\\\/cosmenales.com\\\/sitio\\\/wp-content\\\/uploads\\\/2023\\\/02\\\/Agua-de-rosas-250g.png\",\"width\":2063,\"height\":2063},{\"@type\":\"BreadcrumbList\",\"@id\":\"https:\\\/\\\/cosmenales.com\\\/sitio\\\/producto\\\/agua-de-rosas-micelar-desmaquillante-pote-500g\\\/#breadcrumb\",\"itemListElement\":[{\"@type\":\"ListItem\",\"position\":1,\"name\":\"Portada\",\"item\":\"https:\\\/\\\/cosmenales.com\\\/sitio\\\/\"},{\"@type\":\"ListItem\",\"position\":2,\"name\":\"Tienda\",\"item\":\"https:\\\/\\\/cosmenales.com\\\/sitio\\\/shop\\\/\"},{\"@type\":\"ListItem\",\"position\":3,\"name\":\"AGUA DE ROSAS MICELAR DESMAQUILLANTE X 250g pote\"}]},{\"@type\":\"WebSite\",\"@id\":\"https:\\\/\\\/cosmenales.com\\\/sitio\\\/#website\",\"url\":\"https:\\\/\\\/cosmenales.com\\\/sitio\\\/\",\"name\":\"Cosmenales Laboratorio de Cosm\u00e9ticos Internacionales\",\"description\":\"Empresa con 21 a\u00f1os de experiencia en la fabricaci\u00f3n y Comercializaci\u00f3n de Productos Cosm\u00e9ticos.\",\"publisher\":{\"@id\":\"https:\\\/\\\/cosmenales.com\\\/sitio\\\/#organization\"},\"alternateName\":\"cosmenales\",\"potentialAction\":[{\"@type\":\"SearchAction\",\"target\":{\"@type\":\"EntryPoint\",\"urlTemplate\":\"https:\\\/\\\/cosmenales.com\\\/sitio\\\/?s={search_term_string}\"},\"query-input\":{\"@type\":\"PropertyValueSpecification\",\"valueRequired\":true,\"valueName\":\"search_term_string\"}}],\"inLanguage\":\"es\"},{\"@type\":\"Organization\",\"@id\":\"https:\\\/\\\/cosmenales.com\\\/sitio\\\/#organization\",\"name\":\"Cosmenales Laboratorio de Cosm\u00e9ticos Internacionales\",\"url\":\"https:\\\/\\\/cosmenales.com\\\/sitio\\\/\",\"logo\":{\"@type\":\"ImageObject\",\"inLanguage\":\"es\",\"@id\":\"https:\\\/\\\/cosmenales.com\\\/sitio\\\/#\\\/schema\\\/logo\\\/image\\\/\",\"url\":\"https:\\\/\\\/cosmenales.com\\\/sitio\\\/wp-content\\\/uploads\\\/2026\\\/03\\\/cropped-logo-cosmenales-horizontal_Mesa-de-trabajo-1.png\",\"contentUrl\":\"https:\\\/\\\/cosmenales.com\\\/sitio\\\/wp-content\\\/uploads\\\/2026\\\/03\\\/cropped-logo-cosmenales-horizontal_Mesa-de-trabajo-1.png\",\"width\":375,\"height\":125,\"caption\":\"Cosmenales Laboratorio de Cosm\u00e9ticos Internacionales\"},\"image\":{\"@id\":\"https:\\\/\\\/cosmenales.com\\\/sitio\\\/#\\\/schema\\\/logo\\\/image\\\/\"}}]}<\/script>\n<!-- \/ Yoast SEO plugin. -->","yoast_head_json":{"title":"AGUA DE ROSAS MICELAR DESMAQUILLANTE X 250g pote - Cosmenales Laboratorio de Cosm\u00e9ticos Internacionales","robots":{"index":"index","follow":"follow","max-snippet":"max-snippet:-1","max-image-preview":"max-image-preview:large","max-video-preview":"max-video-preview:-1"},"canonical":"https:\/\/cosmenales.com\/sitio\/producto\/agua-de-rosas-micelar-desmaquillante-pote-500g\/","og_locale":"es_ES","og_type":"article","og_title":"AGUA DE ROSAS MICELAR DESMAQUILLANTE X 250g pote - Cosmenales Laboratorio de Cosm\u00e9ticos Internacionales","og_description":"Limpia y remueve de forma eficiente el maquillaje del rostro, contorno de ojos y labios; contiene extractos de agua de rosas, pepino, col\u00e1geno, manzanilla y aloe vera, que tonifican, suavizan y refrescan la piel. Su f\u00f3rmula contiene micelas que eliminan las impurezas y excesos de grasa en la piel. MODO DE USO: Humedezca un pomo [&hellip;]","og_url":"https:\/\/cosmenales.com\/sitio\/producto\/agua-de-rosas-micelar-desmaquillante-pote-500g\/","og_site_name":"Cosmenales Laboratorio de Cosm\u00e9ticos Internacionales","article_modified_time":"2026-03-02T14:27:19+00:00","og_image":[{"width":2063,"height":2063,"url":"https:\/\/cosmenales.com\/sitio\/wp-content\/uploads\/2023\/02\/Agua-de-rosas-250g.png","type":"image\/png"}],"twitter_card":"summary_large_image","twitter_misc":{"Tiempo de lectura":"1 minuto"},"schema":{"@context":"https:\/\/schema.org","@graph":[{"@type":"WebPage","@id":"https:\/\/cosmenales.com\/sitio\/producto\/agua-de-rosas-micelar-desmaquillante-pote-500g\/","url":"https:\/\/cosmenales.com\/sitio\/producto\/agua-de-rosas-micelar-desmaquillante-pote-500g\/","name":"AGUA DE ROSAS MICELAR DESMAQUILLANTE X 250g pote - Cosmenales Laboratorio de Cosm\u00e9ticos Internacionales","isPartOf":{"@id":"https:\/\/cosmenales.com\/sitio\/#website"},"primaryImageOfPage":{"@id":"https:\/\/cosmenales.com\/sitio\/producto\/agua-de-rosas-micelar-desmaquillante-pote-500g\/#primaryimage"},"image":{"@id":"https:\/\/cosmenales.com\/sitio\/producto\/agua-de-rosas-micelar-desmaquillante-pote-500g\/#primaryimage"},"thumbnailUrl":"https:\/\/cosmenales.com\/sitio\/wp-content\/uploads\/2023\/02\/Agua-de-rosas-250g.png","datePublished":"2023-02-12T20:14:53+00:00","dateModified":"2026-03-02T14:27:19+00:00","breadcrumb":{"@id":"https:\/\/cosmenales.com\/sitio\/producto\/agua-de-rosas-micelar-desmaquillante-pote-500g\/#breadcrumb"},"inLanguage":"es","potentialAction":[{"@type":"ReadAction","target":["https:\/\/cosmenales.com\/sitio\/producto\/agua-de-rosas-micelar-desmaquillante-pote-500g\/"]}]},{"@type":"ImageObject","inLanguage":"es","@id":"https:\/\/cosmenales.com\/sitio\/producto\/agua-de-rosas-micelar-desmaquillante-pote-500g\/#primaryimage","url":"https:\/\/cosmenales.com\/sitio\/wp-content\/uploads\/2023\/02\/Agua-de-rosas-250g.png","contentUrl":"https:\/\/cosmenales.com\/sitio\/wp-content\/uploads\/2023\/02\/Agua-de-rosas-250g.png","width":2063,"height":2063},{"@type":"BreadcrumbList","@id":"https:\/\/cosmenales.com\/sitio\/producto\/agua-de-rosas-micelar-desmaquillante-pote-500g\/#breadcrumb","itemListElement":[{"@type":"ListItem","position":1,"name":"Portada","item":"https:\/\/cosmenales.com\/sitio\/"},{"@type":"ListItem","position":2,"name":"Tienda","item":"https:\/\/cosmenales.com\/sitio\/shop\/"},{"@type":"ListItem","position":3,"name":"AGUA DE ROSAS MICELAR DESMAQUILLANTE X 250g pote"}]},{"@type":"WebSite","@id":"https:\/\/cosmenales.com\/sitio\/#website","url":"https:\/\/cosmenales.com\/sitio\/","name":"Cosmenales Laboratorio de Cosm\u00e9ticos Internacionales","description":"Empresa con 21 a\u00f1os de experiencia en la fabricaci\u00f3n y Comercializaci\u00f3n de Productos Cosm\u00e9ticos.","publisher":{"@id":"https:\/\/cosmenales.com\/sitio\/#organization"},"alternateName":"cosmenales","potentialAction":[{"@type":"SearchAction","target":{"@type":"EntryPoint","urlTemplate":"https:\/\/cosmenales.com\/sitio\/?s={search_term_string}"},"query-input":{"@type":"PropertyValueSpecification","valueRequired":true,"valueName":"search_term_string"}}],"inLanguage":"es"},{"@type":"Organization","@id":"https:\/\/cosmenales.com\/sitio\/#organization","name":"Cosmenales Laboratorio de Cosm\u00e9ticos Internacionales","url":"https:\/\/cosmenales.com\/sitio\/","logo":{"@type":"ImageObject","inLanguage":"es","@id":"https:\/\/cosmenales.com\/sitio\/#\/schema\/logo\/image\/","url":"https:\/\/cosmenales.com\/sitio\/wp-content\/uploads\/2026\/03\/cropped-logo-cosmenales-horizontal_Mesa-de-trabajo-1.png","contentUrl":"https:\/\/cosmenales.com\/sitio\/wp-content\/uploads\/2026\/03\/cropped-logo-cosmenales-horizontal_Mesa-de-trabajo-1.png","width":375,"height":125,"caption":"Cosmenales Laboratorio de Cosm\u00e9ticos Internacionales"},"image":{"@id":"https:\/\/cosmenales.com\/sitio\/#\/schema\/logo\/image\/"}}]}},"uagb_featured_image_src":{"full":["https:\/\/cosmenales.com\/sitio\/wp-content\/uploads\/2023\/02\/Agua-de-rosas-250g.png",2063,2063,false],"thumbnail":["https:\/\/cosmenales.com\/sitio\/wp-content\/uploads\/2023\/02\/Agua-de-rosas-250g-150x150.png",150,150,true],"medium":["https:\/\/cosmenales.com\/sitio\/wp-content\/uploads\/2023\/02\/Agua-de-rosas-250g-300x300.png",300,300,true],"medium_large":["https:\/\/cosmenales.com\/sitio\/wp-content\/uploads\/2023\/02\/Agua-de-rosas-250g-768x768.png",768,768,true],"large":["https:\/\/cosmenales.com\/sitio\/wp-content\/uploads\/2023\/02\/Agua-de-rosas-250g-1024x1024.png",1024,1024,true],"1536x1536":["https:\/\/cosmenales.com\/sitio\/wp-content\/uploads\/2023\/02\/Agua-de-rosas-250g-1536x1536.png",1536,1536,true],"2048x2048":["https:\/\/cosmenales.com\/sitio\/wp-content\/uploads\/2023\/02\/Agua-de-rosas-250g-2048x2048.png",2048,2048,true],"woocommerce_thumbnail":["https:\/\/cosmenales.com\/sitio\/wp-content\/uploads\/2023\/02\/Agua-de-rosas-250g-300x225.png",300,225,true],"woocommerce_single":["https:\/\/cosmenales.com\/sitio\/wp-content\/uploads\/2023\/02\/Agua-de-rosas-250g-600x600.png",600,600,true],"woocommerce_gallery_thumbnail":["https:\/\/cosmenales.com\/sitio\/wp-content\/uploads\/2023\/02\/Agua-de-rosas-250g-100x100.png",100,100,true],"variation_swatches_image_size":["https:\/\/cosmenales.com\/sitio\/wp-content\/uploads\/2023\/02\/Agua-de-rosas-250g.png",50,50,false],"variation_swatches_tooltip_size":["https:\/\/cosmenales.com\/sitio\/wp-content\/uploads\/2023\/02\/Agua-de-rosas-250g.png",100,100,false]},"uagb_author_info":{"display_name":"admin","author_link":"https:\/\/cosmenales.com\/sitio\/author\/"},"uagb_comment_info":0,"uagb_excerpt":"Limpia y remueve de forma eficiente el maquillaje del rostro, contorno de ojos y labios; contiene extractos de agua de rosas, pepino, col\u00e1geno, manzanilla y aloe vera, que tonifican, suavizan y refrescan la piel. Su f\u00f3rmula contiene micelas que eliminan las impurezas y excesos de grasa en la piel. MODO DE USO: Humedezca un pomo&hellip;","jetpack_sharing_enabled":true,"brands":[],"publishpress_future_workflow_manual_trigger":{"enabledWorkflows":[]},"_links":{"self":[{"href":"https:\/\/cosmenales.com\/sitio\/wp-json\/wp\/v2\/product\/15","targetHints":{"allow":["GET"]}}],"collection":[{"href":"https:\/\/cosmenales.com\/sitio\/wp-json\/wp\/v2\/product"}],"about":[{"href":"https:\/\/cosmenales.com\/sitio\/wp-json\/wp\/v2\/types\/product"}],"wp:featuredmedia":[{"embeddable":true,"href":"https:\/\/cosmenales.com\/sitio\/wp-json\/wp\/v2\/media\/6198"}],"wp:attachment":[{"href":"https:\/\/cosmenales.com\/sitio\/wp-json\/wp\/v2\/media?parent=15"}],"wp:term":[{"taxonomy":"pwb-brand","embeddable":true,"href":"https:\/\/cosmenales.com\/sitio\/wp-json\/wp\/v2\/pwb-brand?post=15"},{"taxonomy":"product_brand","embeddable":true,"href":"https:\/\/cosmenales.com\/sitio\/wp-json\/wp\/v2\/product_brand?post=15"},{"taxonomy":"product_cat","embeddable":true,"href":"https:\/\/cosmenales.com\/sitio\/wp-json\/wp\/v2\/product_cat?post=15"},{"taxonomy":"product_tag","embeddable":true,"href":"https:\/\/cosmenales.com\/sitio\/wp-json\/wp\/v2\/product_tag?post=15"}],"curies":[{"name":"wp","href":"https:\/\/api.w.org\/{rel}","templated":true}]}}