{"id":527,"date":"2023-02-16T17:42:42","date_gmt":"2023-02-16T22:42:42","guid":{"rendered":"https:\/\/cosmenales.com\/sitio\/?post_type=product&#038;p=527"},"modified":"2025-04-30T16:45:18","modified_gmt":"2025-04-30T21:45:18","slug":"repolarizador-ionico-vitaltime-x-40g","status":"publish","type":"product","link":"https:\/\/cosmenales.com\/sitio\/producto\/repolarizador-ionico-vitaltime-x-40g\/","title":{"rendered":"REPOLARIZADOR I\u00d3NICO VITALTIME X 300g pote"},"content":{"rendered":"<p>Es una innovadora f\u00f3rmula desarrollada para restaurar la din\u00e1mica de un cabello saludable mediante la combinaci\u00f3n de activos que acondicionan, protegen y reparan. Est\u00e1 formulado para tratar cabellos secos y maltratados, disminuye el frizz, repara puntas abiertas y proporciona brillo. Su acci\u00f3n despolarizante aporta iones positivos derivados de las cargas cati\u00f3nicas que se originan de sus componentes, por su contenido de keratina, prote\u00edna de trigo, aceite de arg\u00e1n, karit\u00e9 y aceite de oliva, los cuales brindan una acci\u00f3n nutritiva y reparadora.<\/p>\n<h6>MODO DE USO:<\/h6>\n<p>Aplicar el producto despu\u00e9s de utilizar el shampoo, en caso de da\u00f1os capilares producidos por el uso de tratamientos qu\u00edmicos dejar aplicado durante 5 a 10 minutos dando constantes masajes al cuero cabelludo y luego enjuagar. A exposiciones prolongadas de secadores y planchas, es recomendable dejar aplicado en el cabello.<\/p>\n<h6>ADVERTENCIAS Y PRECAUCIONES:<\/h6>\n<p>Solo para uso externo. Evite el contacto con los ojos y la piel. Si el producto entra en contacto con los ojos lavar con abundante agua; si observa alguna reacci\u00f3n desfavorable, suspenda su uso y consulte con un m\u00e9dico. Mant\u00e9ngase fuera del alcance de ninos y mascotas, mant\u00e9ngase en un lugar frescco y seco.<\/p>\n<p>&nbsp;<\/p>\n<p>&nbsp;<\/p>\n","protected":false},"excerpt":{"rendered":"<p>Es una innovadora f\u00f3rmula desarrollada para restaurar la din\u00e1mica de un cabello saludable mediante la combinaci\u00f3n de activos que acondicionan, protegen y reparan. Est\u00e1 formulado para tratar cabellos secos y maltratados, disminuye el frizz, repara puntas abiertas y proporciona brillo. Su acci\u00f3n despolarizante aporta iones positivos derivados de las cargas cati\u00f3nicas que se originan de [&hellip;]<\/p>\n","protected":false},"featured_media":6042,"template":"","meta":{"_uag_custom_page_level_css":"","site-sidebar-layout":"default","site-content-layout":"","ast-site-content-layout":"default","site-content-style":"default","site-sidebar-style":"default","ast-global-header-display":"","ast-banner-title-visibility":"","ast-main-header-display":"","ast-hfb-above-header-display":"","ast-hfb-below-header-display":"","ast-hfb-mobile-header-display":"","site-post-title":"","ast-breadcrumbs-content":"","ast-featured-img":"","footer-sml-layout":"","ast-disable-related-posts":"","theme-transparent-header-meta":"default","adv-header-id-meta":"","stick-header-meta":"","header-above-stick-meta":"","header-main-stick-meta":"","header-below-stick-meta":"","astra-migrate-meta-layouts":"set","ast-page-background-enabled":"default","ast-page-background-meta":{"desktop":{"background-color":"","background-image":"","background-repeat":"repeat","background-position":"center center","background-size":"auto","background-attachment":"scroll","background-type":"","background-media":"","overlay-type":"","overlay-color":"","overlay-opacity":"","overlay-gradient":""},"tablet":{"background-color":"","background-image":"","background-repeat":"repeat","background-position":"center center","background-size":"auto","background-attachment":"scroll","background-type":"","background-media":"","overlay-type":"","overlay-color":"","overlay-opacity":"","overlay-gradient":""},"mobile":{"background-color":"","background-image":"","background-repeat":"repeat","background-position":"center center","background-size":"auto","background-attachment":"scroll","background-type":"","background-media":"","overlay-type":"","overlay-color":"","overlay-opacity":"","overlay-gradient":""}},"ast-content-background-meta":{"desktop":{"background-color":"var(--ast-global-color-5)","background-image":"","background-repeat":"repeat","background-position":"center center","background-size":"auto","background-attachment":"scroll","background-type":"","background-media":"","overlay-type":"","overlay-color":"","overlay-opacity":"","overlay-gradient":""},"tablet":{"background-color":"var(--ast-global-color-5)","background-image":"","background-repeat":"repeat","background-position":"center center","background-size":"auto","background-attachment":"scroll","background-type":"","background-media":"","overlay-type":"","overlay-color":"","overlay-opacity":"","overlay-gradient":""},"mobile":{"background-color":"var(--ast-global-color-5)","background-image":"","background-repeat":"repeat","background-position":"center center","background-size":"auto","background-attachment":"scroll","background-type":"","background-media":"","overlay-type":"","overlay-color":"","overlay-opacity":"","overlay-gradient":""}}},"pwb-brand":[],"product_brand":[],"product_cat":[19,28],"product_tag":[],"class_list":{"0":"post-527","1":"product","2":"type-product","3":"status-publish","4":"has-post-thumbnail","6":"product_cat-1-cabello","7":"product_cat-vital-time","8":"desktop-align-center","9":"tablet-align-left","10":"mobile-align-left","12":"first","13":"instock","14":"virtual","15":"taxable","16":"purchasable","17":"product-type-simple"},"yoast_head":"<!-- This site is optimized with the Yoast SEO plugin v27.4 - https:\/\/yoast.com\/product\/yoast-seo-wordpress\/ -->\n<title>REPOLARIZADOR I\u00d3NICO VITALTIME X 300g pote - Cosmenales Laboratorio de Cosm\u00e9ticos Internacionales<\/title>\n<meta name=\"robots\" content=\"index, follow, max-snippet:-1, max-image-preview:large, max-video-preview:-1\" \/>\n<link rel=\"canonical\" href=\"https:\/\/cosmenales.com\/sitio\/producto\/repolarizador-ionico-vitaltime-x-40g\/\" \/>\n<meta property=\"og:locale\" content=\"es_ES\" \/>\n<meta property=\"og:type\" content=\"article\" \/>\n<meta property=\"og:title\" content=\"REPOLARIZADOR I\u00d3NICO VITALTIME X 300g pote - Cosmenales Laboratorio de Cosm\u00e9ticos Internacionales\" \/>\n<meta property=\"og:description\" content=\"Es una innovadora f\u00f3rmula desarrollada para restaurar la din\u00e1mica de un cabello saludable mediante la combinaci\u00f3n de activos que acondicionan, protegen y reparan. Est\u00e1 formulado para tratar cabellos secos y maltratados, disminuye el frizz, repara puntas abiertas y proporciona brillo. Su acci\u00f3n despolarizante aporta iones positivos derivados de las cargas cati\u00f3nicas que se originan de [&hellip;]\" \/>\n<meta property=\"og:url\" content=\"https:\/\/cosmenales.com\/sitio\/producto\/repolarizador-ionico-vitaltime-x-40g\/\" \/>\n<meta property=\"og:site_name\" content=\"Cosmenales Laboratorio de Cosm\u00e9ticos Internacionales\" \/>\n<meta property=\"article:modified_time\" content=\"2025-04-30T21:45:18+00:00\" \/>\n<meta property=\"og:image\" content=\"https:\/\/cosmenales.com\/sitio\/wp-content\/uploads\/2023\/02\/Repolizador.png\" \/>\n\t<meta property=\"og:image:width\" content=\"1000\" \/>\n\t<meta property=\"og:image:height\" content=\"666\" \/>\n\t<meta property=\"og:image:type\" content=\"image\/png\" \/>\n<meta name=\"twitter:card\" content=\"summary_large_image\" \/>\n<meta name=\"twitter:label1\" content=\"Tiempo de lectura\" \/>\n\t<meta name=\"twitter:data1\" content=\"2 minutos\" \/>\n<script type=\"application\/ld+json\" class=\"yoast-schema-graph\">{\"@context\":\"https:\\\/\\\/schema.org\",\"@graph\":[{\"@type\":\"WebPage\",\"@id\":\"https:\\\/\\\/cosmenales.com\\\/sitio\\\/producto\\\/repolarizador-ionico-vitaltime-x-40g\\\/\",\"url\":\"https:\\\/\\\/cosmenales.com\\\/sitio\\\/producto\\\/repolarizador-ionico-vitaltime-x-40g\\\/\",\"name\":\"REPOLARIZADOR I\u00d3NICO VITALTIME X 300g pote - Cosmenales Laboratorio de Cosm\u00e9ticos Internacionales\",\"isPartOf\":{\"@id\":\"https:\\\/\\\/cosmenales.com\\\/sitio\\\/#website\"},\"primaryImageOfPage\":{\"@id\":\"https:\\\/\\\/cosmenales.com\\\/sitio\\\/producto\\\/repolarizador-ionico-vitaltime-x-40g\\\/#primaryimage\"},\"image\":{\"@id\":\"https:\\\/\\\/cosmenales.com\\\/sitio\\\/producto\\\/repolarizador-ionico-vitaltime-x-40g\\\/#primaryimage\"},\"thumbnailUrl\":\"https:\\\/\\\/cosmenales.com\\\/sitio\\\/wp-content\\\/uploads\\\/2023\\\/02\\\/Repolizador.png\",\"datePublished\":\"2023-02-16T22:42:42+00:00\",\"dateModified\":\"2025-04-30T21:45:18+00:00\",\"breadcrumb\":{\"@id\":\"https:\\\/\\\/cosmenales.com\\\/sitio\\\/producto\\\/repolarizador-ionico-vitaltime-x-40g\\\/#breadcrumb\"},\"inLanguage\":\"es\",\"potentialAction\":[{\"@type\":\"ReadAction\",\"target\":[\"https:\\\/\\\/cosmenales.com\\\/sitio\\\/producto\\\/repolarizador-ionico-vitaltime-x-40g\\\/\"]}]},{\"@type\":\"ImageObject\",\"inLanguage\":\"es\",\"@id\":\"https:\\\/\\\/cosmenales.com\\\/sitio\\\/producto\\\/repolarizador-ionico-vitaltime-x-40g\\\/#primaryimage\",\"url\":\"https:\\\/\\\/cosmenales.com\\\/sitio\\\/wp-content\\\/uploads\\\/2023\\\/02\\\/Repolizador.png\",\"contentUrl\":\"https:\\\/\\\/cosmenales.com\\\/sitio\\\/wp-content\\\/uploads\\\/2023\\\/02\\\/Repolizador.png\",\"width\":1000,\"height\":666},{\"@type\":\"BreadcrumbList\",\"@id\":\"https:\\\/\\\/cosmenales.com\\\/sitio\\\/producto\\\/repolarizador-ionico-vitaltime-x-40g\\\/#breadcrumb\",\"itemListElement\":[{\"@type\":\"ListItem\",\"position\":1,\"name\":\"Portada\",\"item\":\"https:\\\/\\\/cosmenales.com\\\/sitio\\\/\"},{\"@type\":\"ListItem\",\"position\":2,\"name\":\"Tienda\",\"item\":\"https:\\\/\\\/cosmenales.com\\\/sitio\\\/shop\\\/\"},{\"@type\":\"ListItem\",\"position\":3,\"name\":\"REPOLARIZADOR I\u00d3NICO VITALTIME X 300g pote\"}]},{\"@type\":\"WebSite\",\"@id\":\"https:\\\/\\\/cosmenales.com\\\/sitio\\\/#website\",\"url\":\"https:\\\/\\\/cosmenales.com\\\/sitio\\\/\",\"name\":\"Cosmenales Laboratorio de Cosm\u00e9ticos Internacionales\",\"description\":\"Empresa con 21 a\u00f1os de experiencia en la fabricaci\u00f3n y Comercializaci\u00f3n de Productos Cosm\u00e9ticos.\",\"publisher\":{\"@id\":\"https:\\\/\\\/cosmenales.com\\\/sitio\\\/#organization\"},\"alternateName\":\"cosmenales\",\"potentialAction\":[{\"@type\":\"SearchAction\",\"target\":{\"@type\":\"EntryPoint\",\"urlTemplate\":\"https:\\\/\\\/cosmenales.com\\\/sitio\\\/?s={search_term_string}\"},\"query-input\":{\"@type\":\"PropertyValueSpecification\",\"valueRequired\":true,\"valueName\":\"search_term_string\"}}],\"inLanguage\":\"es\"},{\"@type\":\"Organization\",\"@id\":\"https:\\\/\\\/cosmenales.com\\\/sitio\\\/#organization\",\"name\":\"Cosmenales Laboratorio de Cosm\u00e9ticos Internacionales\",\"url\":\"https:\\\/\\\/cosmenales.com\\\/sitio\\\/\",\"logo\":{\"@type\":\"ImageObject\",\"inLanguage\":\"es\",\"@id\":\"https:\\\/\\\/cosmenales.com\\\/sitio\\\/#\\\/schema\\\/logo\\\/image\\\/\",\"url\":\"https:\\\/\\\/cosmenales.com\\\/sitio\\\/wp-content\\\/uploads\\\/2026\\\/03\\\/cropped-logo-cosmenales-horizontal_Mesa-de-trabajo-1.png\",\"contentUrl\":\"https:\\\/\\\/cosmenales.com\\\/sitio\\\/wp-content\\\/uploads\\\/2026\\\/03\\\/cropped-logo-cosmenales-horizontal_Mesa-de-trabajo-1.png\",\"width\":375,\"height\":125,\"caption\":\"Cosmenales Laboratorio de Cosm\u00e9ticos Internacionales\"},\"image\":{\"@id\":\"https:\\\/\\\/cosmenales.com\\\/sitio\\\/#\\\/schema\\\/logo\\\/image\\\/\"}}]}<\/script>\n<!-- \/ Yoast SEO plugin. -->","yoast_head_json":{"title":"REPOLARIZADOR I\u00d3NICO VITALTIME X 300g pote - Cosmenales Laboratorio de Cosm\u00e9ticos Internacionales","robots":{"index":"index","follow":"follow","max-snippet":"max-snippet:-1","max-image-preview":"max-image-preview:large","max-video-preview":"max-video-preview:-1"},"canonical":"https:\/\/cosmenales.com\/sitio\/producto\/repolarizador-ionico-vitaltime-x-40g\/","og_locale":"es_ES","og_type":"article","og_title":"REPOLARIZADOR I\u00d3NICO VITALTIME X 300g pote - Cosmenales Laboratorio de Cosm\u00e9ticos Internacionales","og_description":"Es una innovadora f\u00f3rmula desarrollada para restaurar la din\u00e1mica de un cabello saludable mediante la combinaci\u00f3n de activos que acondicionan, protegen y reparan. Est\u00e1 formulado para tratar cabellos secos y maltratados, disminuye el frizz, repara puntas abiertas y proporciona brillo. Su acci\u00f3n despolarizante aporta iones positivos derivados de las cargas cati\u00f3nicas que se originan de [&hellip;]","og_url":"https:\/\/cosmenales.com\/sitio\/producto\/repolarizador-ionico-vitaltime-x-40g\/","og_site_name":"Cosmenales Laboratorio de Cosm\u00e9ticos Internacionales","article_modified_time":"2025-04-30T21:45:18+00:00","og_image":[{"width":1000,"height":666,"url":"https:\/\/cosmenales.com\/sitio\/wp-content\/uploads\/2023\/02\/Repolizador.png","type":"image\/png"}],"twitter_card":"summary_large_image","twitter_misc":{"Tiempo de lectura":"2 minutos"},"schema":{"@context":"https:\/\/schema.org","@graph":[{"@type":"WebPage","@id":"https:\/\/cosmenales.com\/sitio\/producto\/repolarizador-ionico-vitaltime-x-40g\/","url":"https:\/\/cosmenales.com\/sitio\/producto\/repolarizador-ionico-vitaltime-x-40g\/","name":"REPOLARIZADOR I\u00d3NICO VITALTIME X 300g pote - Cosmenales Laboratorio de Cosm\u00e9ticos Internacionales","isPartOf":{"@id":"https:\/\/cosmenales.com\/sitio\/#website"},"primaryImageOfPage":{"@id":"https:\/\/cosmenales.com\/sitio\/producto\/repolarizador-ionico-vitaltime-x-40g\/#primaryimage"},"image":{"@id":"https:\/\/cosmenales.com\/sitio\/producto\/repolarizador-ionico-vitaltime-x-40g\/#primaryimage"},"thumbnailUrl":"https:\/\/cosmenales.com\/sitio\/wp-content\/uploads\/2023\/02\/Repolizador.png","datePublished":"2023-02-16T22:42:42+00:00","dateModified":"2025-04-30T21:45:18+00:00","breadcrumb":{"@id":"https:\/\/cosmenales.com\/sitio\/producto\/repolarizador-ionico-vitaltime-x-40g\/#breadcrumb"},"inLanguage":"es","potentialAction":[{"@type":"ReadAction","target":["https:\/\/cosmenales.com\/sitio\/producto\/repolarizador-ionico-vitaltime-x-40g\/"]}]},{"@type":"ImageObject","inLanguage":"es","@id":"https:\/\/cosmenales.com\/sitio\/producto\/repolarizador-ionico-vitaltime-x-40g\/#primaryimage","url":"https:\/\/cosmenales.com\/sitio\/wp-content\/uploads\/2023\/02\/Repolizador.png","contentUrl":"https:\/\/cosmenales.com\/sitio\/wp-content\/uploads\/2023\/02\/Repolizador.png","width":1000,"height":666},{"@type":"BreadcrumbList","@id":"https:\/\/cosmenales.com\/sitio\/producto\/repolarizador-ionico-vitaltime-x-40g\/#breadcrumb","itemListElement":[{"@type":"ListItem","position":1,"name":"Portada","item":"https:\/\/cosmenales.com\/sitio\/"},{"@type":"ListItem","position":2,"name":"Tienda","item":"https:\/\/cosmenales.com\/sitio\/shop\/"},{"@type":"ListItem","position":3,"name":"REPOLARIZADOR I\u00d3NICO VITALTIME X 300g pote"}]},{"@type":"WebSite","@id":"https:\/\/cosmenales.com\/sitio\/#website","url":"https:\/\/cosmenales.com\/sitio\/","name":"Cosmenales Laboratorio de Cosm\u00e9ticos Internacionales","description":"Empresa con 21 a\u00f1os de experiencia en la fabricaci\u00f3n y Comercializaci\u00f3n de Productos Cosm\u00e9ticos.","publisher":{"@id":"https:\/\/cosmenales.com\/sitio\/#organization"},"alternateName":"cosmenales","potentialAction":[{"@type":"SearchAction","target":{"@type":"EntryPoint","urlTemplate":"https:\/\/cosmenales.com\/sitio\/?s={search_term_string}"},"query-input":{"@type":"PropertyValueSpecification","valueRequired":true,"valueName":"search_term_string"}}],"inLanguage":"es"},{"@type":"Organization","@id":"https:\/\/cosmenales.com\/sitio\/#organization","name":"Cosmenales Laboratorio de Cosm\u00e9ticos Internacionales","url":"https:\/\/cosmenales.com\/sitio\/","logo":{"@type":"ImageObject","inLanguage":"es","@id":"https:\/\/cosmenales.com\/sitio\/#\/schema\/logo\/image\/","url":"https:\/\/cosmenales.com\/sitio\/wp-content\/uploads\/2026\/03\/cropped-logo-cosmenales-horizontal_Mesa-de-trabajo-1.png","contentUrl":"https:\/\/cosmenales.com\/sitio\/wp-content\/uploads\/2026\/03\/cropped-logo-cosmenales-horizontal_Mesa-de-trabajo-1.png","width":375,"height":125,"caption":"Cosmenales Laboratorio de Cosm\u00e9ticos Internacionales"},"image":{"@id":"https:\/\/cosmenales.com\/sitio\/#\/schema\/logo\/image\/"}}]}},"uagb_featured_image_src":{"full":["https:\/\/cosmenales.com\/sitio\/wp-content\/uploads\/2023\/02\/Repolizador.png",1000,666,false],"thumbnail":["https:\/\/cosmenales.com\/sitio\/wp-content\/uploads\/2023\/02\/Repolizador-150x150.png",150,150,true],"medium":["https:\/\/cosmenales.com\/sitio\/wp-content\/uploads\/2023\/02\/Repolizador-300x200.png",300,200,true],"medium_large":["https:\/\/cosmenales.com\/sitio\/wp-content\/uploads\/2023\/02\/Repolizador-768x511.png",768,511,true],"large":["https:\/\/cosmenales.com\/sitio\/wp-content\/uploads\/2023\/02\/Repolizador.png",1000,666,false],"1536x1536":["https:\/\/cosmenales.com\/sitio\/wp-content\/uploads\/2023\/02\/Repolizador.png",1000,666,false],"2048x2048":["https:\/\/cosmenales.com\/sitio\/wp-content\/uploads\/2023\/02\/Repolizador.png",1000,666,false],"woocommerce_thumbnail":["https:\/\/cosmenales.com\/sitio\/wp-content\/uploads\/2023\/02\/Repolizador-300x225.png",300,225,true],"woocommerce_single":["https:\/\/cosmenales.com\/sitio\/wp-content\/uploads\/2023\/02\/Repolizador-600x400.png",600,400,true],"woocommerce_gallery_thumbnail":["https:\/\/cosmenales.com\/sitio\/wp-content\/uploads\/2023\/02\/Repolizador-100x100.png",100,100,true],"variation_swatches_image_size":["https:\/\/cosmenales.com\/sitio\/wp-content\/uploads\/2023\/02\/Repolizador-50x50.png",50,50,true],"variation_swatches_tooltip_size":["https:\/\/cosmenales.com\/sitio\/wp-content\/uploads\/2023\/02\/Repolizador-100x100.png",100,100,true]},"uagb_author_info":{"display_name":"admin","author_link":"https:\/\/cosmenales.com\/sitio\/author\/"},"uagb_comment_info":0,"uagb_excerpt":"Es una innovadora f\u00f3rmula desarrollada para restaurar la din\u00e1mica de un cabello saludable mediante la combinaci\u00f3n de activos que acondicionan, protegen y reparan. Est\u00e1 formulado para tratar cabellos secos y maltratados, disminuye el frizz, repara puntas abiertas y proporciona brillo. Su acci\u00f3n despolarizante aporta iones positivos derivados de las cargas cati\u00f3nicas que se originan de&hellip;","jetpack_sharing_enabled":true,"brands":[],"publishpress_future_workflow_manual_trigger":{"enabledWorkflows":[]},"_links":{"self":[{"href":"https:\/\/cosmenales.com\/sitio\/wp-json\/wp\/v2\/product\/527","targetHints":{"allow":["GET"]}}],"collection":[{"href":"https:\/\/cosmenales.com\/sitio\/wp-json\/wp\/v2\/product"}],"about":[{"href":"https:\/\/cosmenales.com\/sitio\/wp-json\/wp\/v2\/types\/product"}],"wp:featuredmedia":[{"embeddable":true,"href":"https:\/\/cosmenales.com\/sitio\/wp-json\/wp\/v2\/media\/6042"}],"wp:attachment":[{"href":"https:\/\/cosmenales.com\/sitio\/wp-json\/wp\/v2\/media?parent=527"}],"wp:term":[{"taxonomy":"pwb-brand","embeddable":true,"href":"https:\/\/cosmenales.com\/sitio\/wp-json\/wp\/v2\/pwb-brand?post=527"},{"taxonomy":"product_brand","embeddable":true,"href":"https:\/\/cosmenales.com\/sitio\/wp-json\/wp\/v2\/product_brand?post=527"},{"taxonomy":"product_cat","embeddable":true,"href":"https:\/\/cosmenales.com\/sitio\/wp-json\/wp\/v2\/product_cat?post=527"},{"taxonomy":"product_tag","embeddable":true,"href":"https:\/\/cosmenales.com\/sitio\/wp-json\/wp\/v2\/product_tag?post=527"}],"curies":[{"name":"wp","href":"https:\/\/api.w.org\/{rel}","templated":true}]}}