{"id":6071,"date":"2024-04-23T15:05:10","date_gmt":"2024-04-23T20:05:10","guid":{"rendered":"https:\/\/cosmenales.com\/sitio\/?post_type=product&#038;p=6071"},"modified":"2026-03-02T08:59:47","modified_gmt":"2026-03-02T13:59:47","slug":"tratamiento-capilar-bioexilir-con-extracto-de-cebolla-300g","status":"publish","type":"product","link":"https:\/\/cosmenales.com\/sitio\/producto\/tratamiento-capilar-bioexilir-con-extracto-de-cebolla-300g\/","title":{"rendered":"TRATAMIENTO CAPILAR BIOEXILIR CON EXTRACTO DE CEBOLLA 300g"},"content":{"rendered":"<p>Cuando el cabello se expone a la luz solar, contaminaci\u00f3n, tratamientos qu\u00edmicos, planchas y secador; puede volverse \u00e1spero, quebradizo y vulnerable a puntas abiertas. El shampoo Zero sal con extracto de cebolla roja y romero, ayuda a combatir estas agresiones y restaura el cabello da\u00f1ado. Sus efectivos ingredientes ofrecen termo protecci\u00f3n, reducci\u00f3n del frizz, disminuye la p\u00e9rdida del cabello y estimula su crecimiento. Por su contenido de cebolla roja, romero, biotina y \u00e1cido hialur\u00f3nico que disminuyen la p\u00e9rdidaa de cabello y estimula su crecimiento.<\/p>\n<h6>MODO DE USO:<\/h6>\n<p>Luego de utilizar el shampoo Zero sal. Aplique con el cabello h\u00famedo dando suaves masajes, deje actuar durante\u00a0 5 minutos y luego enjuague. En caso de da\u00f1o capilar severo puede dejarse aplicado.<\/p>\n<h6>ADVERTENCIAS Y PRECAUCIONES:<\/h6>\n<p>Solo para uso externo. Evite el contacto con los ojos, no ingerirlo; si observa alguna reacci\u00f3n desfavorable, suspenda su uso y consulte con un m\u00e9dico. Mant\u00e9ngase fuera del alcance de ni\u00f1os y\u00a0 mascotas, mant\u00e9ngase en un lugar fresco en un lugar fresco y seco.<\/p>\n<p>&nbsp;<\/p>\n<p>&nbsp;<\/p>\n","protected":false},"excerpt":{"rendered":"<p>Cuando el cabello se expone a la luz solar, contaminaci\u00f3n, tratamientos qu\u00edmicos, planchas y secador; puede volverse \u00e1spero, quebradizo y vulnerable a puntas abiertas. El shampoo Zero sal con extracto de cebolla roja y romero, ayuda a combatir estas agresiones y restaura el cabello da\u00f1ado. Sus efectivos ingredientes ofrecen termo protecci\u00f3n, reducci\u00f3n del frizz, disminuye [&hellip;]<\/p>\n","protected":false},"featured_media":5598,"template":"","meta":{"_uag_custom_page_level_css":"","site-sidebar-layout":"default","site-content-layout":"","ast-site-content-layout":"default","site-content-style":"default","site-sidebar-style":"default","ast-global-header-display":"","ast-banner-title-visibility":"","ast-main-header-display":"","ast-hfb-above-header-display":"","ast-hfb-below-header-display":"","ast-hfb-mobile-header-display":"","site-post-title":"","ast-breadcrumbs-content":"","ast-featured-img":"","footer-sml-layout":"","ast-disable-related-posts":"","theme-transparent-header-meta":"default","adv-header-id-meta":"","stick-header-meta":"","header-above-stick-meta":"","header-main-stick-meta":"","header-below-stick-meta":"","astra-migrate-meta-layouts":"set","ast-page-background-enabled":"default","ast-page-background-meta":{"desktop":{"background-color":"","background-image":"","background-repeat":"repeat","background-position":"center center","background-size":"auto","background-attachment":"scroll","background-type":"","background-media":"","overlay-type":"","overlay-color":"","overlay-opacity":"","overlay-gradient":""},"tablet":{"background-color":"","background-image":"","background-repeat":"repeat","background-position":"center center","background-size":"auto","background-attachment":"scroll","background-type":"","background-media":"","overlay-type":"","overlay-color":"","overlay-opacity":"","overlay-gradient":""},"mobile":{"background-color":"","background-image":"","background-repeat":"repeat","background-position":"center center","background-size":"auto","background-attachment":"scroll","background-type":"","background-media":"","overlay-type":"","overlay-color":"","overlay-opacity":"","overlay-gradient":""}},"ast-content-background-meta":{"desktop":{"background-color":"var(--ast-global-color-5)","background-image":"","background-repeat":"repeat","background-position":"center center","background-size":"auto","background-attachment":"scroll","background-type":"","background-media":"","overlay-type":"","overlay-color":"","overlay-opacity":"","overlay-gradient":""},"tablet":{"background-color":"var(--ast-global-color-5)","background-image":"","background-repeat":"repeat","background-position":"center center","background-size":"auto","background-attachment":"scroll","background-type":"","background-media":"","overlay-type":"","overlay-color":"","overlay-opacity":"","overlay-gradient":""},"mobile":{"background-color":"var(--ast-global-color-5)","background-image":"","background-repeat":"repeat","background-position":"center center","background-size":"auto","background-attachment":"scroll","background-type":"","background-media":"","overlay-type":"","overlay-color":"","overlay-opacity":"","overlay-gradient":""}}},"pwb-brand":[],"product_brand":[],"product_cat":[32,19],"product_tag":[],"class_list":{"0":"post-6071","1":"product","2":"type-product","3":"status-publish","4":"has-post-thumbnail","6":"product_cat-bioelixir","7":"product_cat-1-cabello","8":"desktop-align-center","9":"tablet-align-left","10":"mobile-align-left","12":"first","13":"instock","14":"taxable","15":"shipping-taxable","16":"purchasable","17":"product-type-simple"},"yoast_head":"<!-- This site is optimized with the Yoast SEO plugin v27.4 - https:\/\/yoast.com\/product\/yoast-seo-wordpress\/ -->\n<title>TRATAMIENTO CAPILAR BIOEXILIR CON EXTRACTO DE CEBOLLA 300g - Cosmenales Laboratorio de Cosm\u00e9ticos Internacionales<\/title>\n<meta name=\"robots\" content=\"index, follow, max-snippet:-1, max-image-preview:large, max-video-preview:-1\" \/>\n<link rel=\"canonical\" href=\"https:\/\/cosmenales.com\/sitio\/producto\/tratamiento-capilar-bioexilir-con-extracto-de-cebolla-300g\/\" \/>\n<meta property=\"og:locale\" content=\"es_ES\" \/>\n<meta property=\"og:type\" content=\"article\" \/>\n<meta property=\"og:title\" content=\"TRATAMIENTO CAPILAR BIOEXILIR CON EXTRACTO DE CEBOLLA 300g - Cosmenales Laboratorio de Cosm\u00e9ticos Internacionales\" \/>\n<meta property=\"og:description\" content=\"Cuando el cabello se expone a la luz solar, contaminaci\u00f3n, tratamientos qu\u00edmicos, planchas y secador; puede volverse \u00e1spero, quebradizo y vulnerable a puntas abiertas. El shampoo Zero sal con extracto de cebolla roja y romero, ayuda a combatir estas agresiones y restaura el cabello da\u00f1ado. Sus efectivos ingredientes ofrecen termo protecci\u00f3n, reducci\u00f3n del frizz, disminuye [&hellip;]\" \/>\n<meta property=\"og:url\" content=\"https:\/\/cosmenales.com\/sitio\/producto\/tratamiento-capilar-bioexilir-con-extracto-de-cebolla-300g\/\" \/>\n<meta property=\"og:site_name\" content=\"Cosmenales Laboratorio de Cosm\u00e9ticos Internacionales\" \/>\n<meta property=\"article:modified_time\" content=\"2026-03-02T13:59:47+00:00\" \/>\n<meta property=\"og:image\" content=\"https:\/\/cosmenales.com\/sitio\/wp-content\/uploads\/2023\/12\/Tratamiento-de-cebolla.png\" \/>\n\t<meta property=\"og:image:width\" content=\"1000\" \/>\n\t<meta property=\"og:image:height\" content=\"666\" \/>\n\t<meta property=\"og:image:type\" content=\"image\/png\" \/>\n<meta name=\"twitter:card\" content=\"summary_large_image\" \/>\n<meta name=\"twitter:label1\" content=\"Tiempo de lectura\" \/>\n\t<meta name=\"twitter:data1\" content=\"1 minuto\" \/>\n<script type=\"application\/ld+json\" class=\"yoast-schema-graph\">{\"@context\":\"https:\\\/\\\/schema.org\",\"@graph\":[{\"@type\":\"WebPage\",\"@id\":\"https:\\\/\\\/cosmenales.com\\\/sitio\\\/producto\\\/tratamiento-capilar-bioexilir-con-extracto-de-cebolla-300g\\\/\",\"url\":\"https:\\\/\\\/cosmenales.com\\\/sitio\\\/producto\\\/tratamiento-capilar-bioexilir-con-extracto-de-cebolla-300g\\\/\",\"name\":\"TRATAMIENTO CAPILAR BIOEXILIR CON EXTRACTO DE CEBOLLA 300g - Cosmenales Laboratorio de Cosm\u00e9ticos Internacionales\",\"isPartOf\":{\"@id\":\"https:\\\/\\\/cosmenales.com\\\/sitio\\\/#website\"},\"primaryImageOfPage\":{\"@id\":\"https:\\\/\\\/cosmenales.com\\\/sitio\\\/producto\\\/tratamiento-capilar-bioexilir-con-extracto-de-cebolla-300g\\\/#primaryimage\"},\"image\":{\"@id\":\"https:\\\/\\\/cosmenales.com\\\/sitio\\\/producto\\\/tratamiento-capilar-bioexilir-con-extracto-de-cebolla-300g\\\/#primaryimage\"},\"thumbnailUrl\":\"https:\\\/\\\/cosmenales.com\\\/sitio\\\/wp-content\\\/uploads\\\/2023\\\/12\\\/Tratamiento-de-cebolla.png\",\"datePublished\":\"2024-04-23T20:05:10+00:00\",\"dateModified\":\"2026-03-02T13:59:47+00:00\",\"breadcrumb\":{\"@id\":\"https:\\\/\\\/cosmenales.com\\\/sitio\\\/producto\\\/tratamiento-capilar-bioexilir-con-extracto-de-cebolla-300g\\\/#breadcrumb\"},\"inLanguage\":\"es\",\"potentialAction\":[{\"@type\":\"ReadAction\",\"target\":[\"https:\\\/\\\/cosmenales.com\\\/sitio\\\/producto\\\/tratamiento-capilar-bioexilir-con-extracto-de-cebolla-300g\\\/\"]}]},{\"@type\":\"ImageObject\",\"inLanguage\":\"es\",\"@id\":\"https:\\\/\\\/cosmenales.com\\\/sitio\\\/producto\\\/tratamiento-capilar-bioexilir-con-extracto-de-cebolla-300g\\\/#primaryimage\",\"url\":\"https:\\\/\\\/cosmenales.com\\\/sitio\\\/wp-content\\\/uploads\\\/2023\\\/12\\\/Tratamiento-de-cebolla.png\",\"contentUrl\":\"https:\\\/\\\/cosmenales.com\\\/sitio\\\/wp-content\\\/uploads\\\/2023\\\/12\\\/Tratamiento-de-cebolla.png\",\"width\":1000,\"height\":666},{\"@type\":\"BreadcrumbList\",\"@id\":\"https:\\\/\\\/cosmenales.com\\\/sitio\\\/producto\\\/tratamiento-capilar-bioexilir-con-extracto-de-cebolla-300g\\\/#breadcrumb\",\"itemListElement\":[{\"@type\":\"ListItem\",\"position\":1,\"name\":\"Portada\",\"item\":\"https:\\\/\\\/cosmenales.com\\\/sitio\\\/\"},{\"@type\":\"ListItem\",\"position\":2,\"name\":\"Tienda\",\"item\":\"https:\\\/\\\/cosmenales.com\\\/sitio\\\/shop\\\/\"},{\"@type\":\"ListItem\",\"position\":3,\"name\":\"TRATAMIENTO CAPILAR BIOEXILIR CON EXTRACTO DE CEBOLLA 300g\"}]},{\"@type\":\"WebSite\",\"@id\":\"https:\\\/\\\/cosmenales.com\\\/sitio\\\/#website\",\"url\":\"https:\\\/\\\/cosmenales.com\\\/sitio\\\/\",\"name\":\"Cosmenales Laboratorio de Cosm\u00e9ticos Internacionales\",\"description\":\"Empresa con 21 a\u00f1os de experiencia en la fabricaci\u00f3n y Comercializaci\u00f3n de Productos Cosm\u00e9ticos.\",\"publisher\":{\"@id\":\"https:\\\/\\\/cosmenales.com\\\/sitio\\\/#organization\"},\"alternateName\":\"cosmenales\",\"potentialAction\":[{\"@type\":\"SearchAction\",\"target\":{\"@type\":\"EntryPoint\",\"urlTemplate\":\"https:\\\/\\\/cosmenales.com\\\/sitio\\\/?s={search_term_string}\"},\"query-input\":{\"@type\":\"PropertyValueSpecification\",\"valueRequired\":true,\"valueName\":\"search_term_string\"}}],\"inLanguage\":\"es\"},{\"@type\":\"Organization\",\"@id\":\"https:\\\/\\\/cosmenales.com\\\/sitio\\\/#organization\",\"name\":\"Cosmenales Laboratorio de Cosm\u00e9ticos Internacionales\",\"url\":\"https:\\\/\\\/cosmenales.com\\\/sitio\\\/\",\"logo\":{\"@type\":\"ImageObject\",\"inLanguage\":\"es\",\"@id\":\"https:\\\/\\\/cosmenales.com\\\/sitio\\\/#\\\/schema\\\/logo\\\/image\\\/\",\"url\":\"https:\\\/\\\/cosmenales.com\\\/sitio\\\/wp-content\\\/uploads\\\/2026\\\/03\\\/cropped-logo-cosmenales-horizontal_Mesa-de-trabajo-1.png\",\"contentUrl\":\"https:\\\/\\\/cosmenales.com\\\/sitio\\\/wp-content\\\/uploads\\\/2026\\\/03\\\/cropped-logo-cosmenales-horizontal_Mesa-de-trabajo-1.png\",\"width\":375,\"height\":125,\"caption\":\"Cosmenales Laboratorio de Cosm\u00e9ticos Internacionales\"},\"image\":{\"@id\":\"https:\\\/\\\/cosmenales.com\\\/sitio\\\/#\\\/schema\\\/logo\\\/image\\\/\"}}]}<\/script>\n<!-- \/ Yoast SEO plugin. -->","yoast_head_json":{"title":"TRATAMIENTO CAPILAR BIOEXILIR CON EXTRACTO DE CEBOLLA 300g - Cosmenales Laboratorio de Cosm\u00e9ticos Internacionales","robots":{"index":"index","follow":"follow","max-snippet":"max-snippet:-1","max-image-preview":"max-image-preview:large","max-video-preview":"max-video-preview:-1"},"canonical":"https:\/\/cosmenales.com\/sitio\/producto\/tratamiento-capilar-bioexilir-con-extracto-de-cebolla-300g\/","og_locale":"es_ES","og_type":"article","og_title":"TRATAMIENTO CAPILAR BIOEXILIR CON EXTRACTO DE CEBOLLA 300g - Cosmenales Laboratorio de Cosm\u00e9ticos Internacionales","og_description":"Cuando el cabello se expone a la luz solar, contaminaci\u00f3n, tratamientos qu\u00edmicos, planchas y secador; puede volverse \u00e1spero, quebradizo y vulnerable a puntas abiertas. El shampoo Zero sal con extracto de cebolla roja y romero, ayuda a combatir estas agresiones y restaura el cabello da\u00f1ado. Sus efectivos ingredientes ofrecen termo protecci\u00f3n, reducci\u00f3n del frizz, disminuye [&hellip;]","og_url":"https:\/\/cosmenales.com\/sitio\/producto\/tratamiento-capilar-bioexilir-con-extracto-de-cebolla-300g\/","og_site_name":"Cosmenales Laboratorio de Cosm\u00e9ticos Internacionales","article_modified_time":"2026-03-02T13:59:47+00:00","og_image":[{"width":1000,"height":666,"url":"https:\/\/cosmenales.com\/sitio\/wp-content\/uploads\/2023\/12\/Tratamiento-de-cebolla.png","type":"image\/png"}],"twitter_card":"summary_large_image","twitter_misc":{"Tiempo de lectura":"1 minuto"},"schema":{"@context":"https:\/\/schema.org","@graph":[{"@type":"WebPage","@id":"https:\/\/cosmenales.com\/sitio\/producto\/tratamiento-capilar-bioexilir-con-extracto-de-cebolla-300g\/","url":"https:\/\/cosmenales.com\/sitio\/producto\/tratamiento-capilar-bioexilir-con-extracto-de-cebolla-300g\/","name":"TRATAMIENTO CAPILAR BIOEXILIR CON EXTRACTO DE CEBOLLA 300g - Cosmenales Laboratorio de Cosm\u00e9ticos Internacionales","isPartOf":{"@id":"https:\/\/cosmenales.com\/sitio\/#website"},"primaryImageOfPage":{"@id":"https:\/\/cosmenales.com\/sitio\/producto\/tratamiento-capilar-bioexilir-con-extracto-de-cebolla-300g\/#primaryimage"},"image":{"@id":"https:\/\/cosmenales.com\/sitio\/producto\/tratamiento-capilar-bioexilir-con-extracto-de-cebolla-300g\/#primaryimage"},"thumbnailUrl":"https:\/\/cosmenales.com\/sitio\/wp-content\/uploads\/2023\/12\/Tratamiento-de-cebolla.png","datePublished":"2024-04-23T20:05:10+00:00","dateModified":"2026-03-02T13:59:47+00:00","breadcrumb":{"@id":"https:\/\/cosmenales.com\/sitio\/producto\/tratamiento-capilar-bioexilir-con-extracto-de-cebolla-300g\/#breadcrumb"},"inLanguage":"es","potentialAction":[{"@type":"ReadAction","target":["https:\/\/cosmenales.com\/sitio\/producto\/tratamiento-capilar-bioexilir-con-extracto-de-cebolla-300g\/"]}]},{"@type":"ImageObject","inLanguage":"es","@id":"https:\/\/cosmenales.com\/sitio\/producto\/tratamiento-capilar-bioexilir-con-extracto-de-cebolla-300g\/#primaryimage","url":"https:\/\/cosmenales.com\/sitio\/wp-content\/uploads\/2023\/12\/Tratamiento-de-cebolla.png","contentUrl":"https:\/\/cosmenales.com\/sitio\/wp-content\/uploads\/2023\/12\/Tratamiento-de-cebolla.png","width":1000,"height":666},{"@type":"BreadcrumbList","@id":"https:\/\/cosmenales.com\/sitio\/producto\/tratamiento-capilar-bioexilir-con-extracto-de-cebolla-300g\/#breadcrumb","itemListElement":[{"@type":"ListItem","position":1,"name":"Portada","item":"https:\/\/cosmenales.com\/sitio\/"},{"@type":"ListItem","position":2,"name":"Tienda","item":"https:\/\/cosmenales.com\/sitio\/shop\/"},{"@type":"ListItem","position":3,"name":"TRATAMIENTO CAPILAR BIOEXILIR CON EXTRACTO DE CEBOLLA 300g"}]},{"@type":"WebSite","@id":"https:\/\/cosmenales.com\/sitio\/#website","url":"https:\/\/cosmenales.com\/sitio\/","name":"Cosmenales Laboratorio de Cosm\u00e9ticos Internacionales","description":"Empresa con 21 a\u00f1os de experiencia en la fabricaci\u00f3n y Comercializaci\u00f3n de Productos Cosm\u00e9ticos.","publisher":{"@id":"https:\/\/cosmenales.com\/sitio\/#organization"},"alternateName":"cosmenales","potentialAction":[{"@type":"SearchAction","target":{"@type":"EntryPoint","urlTemplate":"https:\/\/cosmenales.com\/sitio\/?s={search_term_string}"},"query-input":{"@type":"PropertyValueSpecification","valueRequired":true,"valueName":"search_term_string"}}],"inLanguage":"es"},{"@type":"Organization","@id":"https:\/\/cosmenales.com\/sitio\/#organization","name":"Cosmenales Laboratorio de Cosm\u00e9ticos Internacionales","url":"https:\/\/cosmenales.com\/sitio\/","logo":{"@type":"ImageObject","inLanguage":"es","@id":"https:\/\/cosmenales.com\/sitio\/#\/schema\/logo\/image\/","url":"https:\/\/cosmenales.com\/sitio\/wp-content\/uploads\/2026\/03\/cropped-logo-cosmenales-horizontal_Mesa-de-trabajo-1.png","contentUrl":"https:\/\/cosmenales.com\/sitio\/wp-content\/uploads\/2026\/03\/cropped-logo-cosmenales-horizontal_Mesa-de-trabajo-1.png","width":375,"height":125,"caption":"Cosmenales Laboratorio de Cosm\u00e9ticos Internacionales"},"image":{"@id":"https:\/\/cosmenales.com\/sitio\/#\/schema\/logo\/image\/"}}]}},"uagb_featured_image_src":{"full":["https:\/\/cosmenales.com\/sitio\/wp-content\/uploads\/2023\/12\/Tratamiento-de-cebolla.png",1000,666,false],"thumbnail":["https:\/\/cosmenales.com\/sitio\/wp-content\/uploads\/2023\/12\/Tratamiento-de-cebolla-150x150.png",150,150,true],"medium":["https:\/\/cosmenales.com\/sitio\/wp-content\/uploads\/2023\/12\/Tratamiento-de-cebolla-300x200.png",300,200,true],"medium_large":["https:\/\/cosmenales.com\/sitio\/wp-content\/uploads\/2023\/12\/Tratamiento-de-cebolla-768x511.png",768,511,true],"large":["https:\/\/cosmenales.com\/sitio\/wp-content\/uploads\/2023\/12\/Tratamiento-de-cebolla.png",1000,666,false],"1536x1536":["https:\/\/cosmenales.com\/sitio\/wp-content\/uploads\/2023\/12\/Tratamiento-de-cebolla.png",1000,666,false],"2048x2048":["https:\/\/cosmenales.com\/sitio\/wp-content\/uploads\/2023\/12\/Tratamiento-de-cebolla.png",1000,666,false],"woocommerce_thumbnail":["https:\/\/cosmenales.com\/sitio\/wp-content\/uploads\/2023\/12\/Tratamiento-de-cebolla-300x225.png",300,225,true],"woocommerce_single":["https:\/\/cosmenales.com\/sitio\/wp-content\/uploads\/2023\/12\/Tratamiento-de-cebolla-600x400.png",600,400,true],"woocommerce_gallery_thumbnail":["https:\/\/cosmenales.com\/sitio\/wp-content\/uploads\/2023\/12\/Tratamiento-de-cebolla-100x100.png",100,100,true],"variation_swatches_image_size":["https:\/\/cosmenales.com\/sitio\/wp-content\/uploads\/2023\/12\/Tratamiento-de-cebolla-50x50.png",50,50,true],"variation_swatches_tooltip_size":["https:\/\/cosmenales.com\/sitio\/wp-content\/uploads\/2023\/12\/Tratamiento-de-cebolla-100x100.png",100,100,true]},"uagb_author_info":{"display_name":"ecommerce","author_link":"https:\/\/cosmenales.com\/sitio\/author\/"},"uagb_comment_info":0,"uagb_excerpt":"Cuando el cabello se expone a la luz solar, contaminaci\u00f3n, tratamientos qu\u00edmicos, planchas y secador; puede volverse \u00e1spero, quebradizo y vulnerable a puntas abiertas. El shampoo Zero sal con extracto de cebolla roja y romero, ayuda a combatir estas agresiones y restaura el cabello da\u00f1ado. Sus efectivos ingredientes ofrecen termo protecci\u00f3n, reducci\u00f3n del frizz, disminuye&hellip;","jetpack_sharing_enabled":true,"brands":[],"publishpress_future_workflow_manual_trigger":{"enabledWorkflows":[]},"_links":{"self":[{"href":"https:\/\/cosmenales.com\/sitio\/wp-json\/wp\/v2\/product\/6071","targetHints":{"allow":["GET"]}}],"collection":[{"href":"https:\/\/cosmenales.com\/sitio\/wp-json\/wp\/v2\/product"}],"about":[{"href":"https:\/\/cosmenales.com\/sitio\/wp-json\/wp\/v2\/types\/product"}],"wp:featuredmedia":[{"embeddable":true,"href":"https:\/\/cosmenales.com\/sitio\/wp-json\/wp\/v2\/media\/5598"}],"wp:attachment":[{"href":"https:\/\/cosmenales.com\/sitio\/wp-json\/wp\/v2\/media?parent=6071"}],"wp:term":[{"taxonomy":"pwb-brand","embeddable":true,"href":"https:\/\/cosmenales.com\/sitio\/wp-json\/wp\/v2\/pwb-brand?post=6071"},{"taxonomy":"product_brand","embeddable":true,"href":"https:\/\/cosmenales.com\/sitio\/wp-json\/wp\/v2\/product_brand?post=6071"},{"taxonomy":"product_cat","embeddable":true,"href":"https:\/\/cosmenales.com\/sitio\/wp-json\/wp\/v2\/product_cat?post=6071"},{"taxonomy":"product_tag","embeddable":true,"href":"https:\/\/cosmenales.com\/sitio\/wp-json\/wp\/v2\/product_tag?post=6071"}],"curies":[{"name":"wp","href":"https:\/\/api.w.org\/{rel}","templated":true}]}}