{"id":6645,"date":"2024-10-07T14:18:46","date_gmt":"2024-10-07T19:18:46","guid":{"rendered":"https:\/\/cosmenales.com\/sitio\/?post_type=product&#038;p=6645"},"modified":"2026-03-02T10:41:02","modified_gmt":"2026-03-02T15:41:02","slug":"locion-anticaida-hom-for-men-100g","status":"publish","type":"product","link":"https:\/\/cosmenales.com\/sitio\/producto\/locion-anticaida-hom-for-men-100g\/","title":{"rendered":"LOCI\u00d3N ANTICA\u00cdDA HOM FOR MEN 100g"},"content":{"rendered":"<p><strong>DESCRIPCI\u00d3N<\/strong>:<\/p>\n<p>Es la combinaci\u00f3n de activos biol\u00f3gicos de reconocida eficacia en el tratamiento de la perdida del cabello como TRICHOGEN, PROCAPIL Y BIOTINA, que estimula la din\u00e1mica celular y combaten el proceso de envejecimiento del foliculo, retardando la caida del cabello.<\/p>\n<p>Adicionalmente los extractos de plantas como el Romero,Ortiga y la Quina ayudan al proceso de fortalecimiento y acondicionamiento de la fibra capilar.<\/p>\n<p><strong>MODO DE USO:<\/strong><\/p>\n<p>Aplique de forma generosa en el cuero cabelludo, masajee de forma suave hasta que el producto se asorba. No enjuague, debe aplicarse en la ma\u00f1ana y en la noche antes de acostarse.<\/p>\n<p><strong>ADVERTENCIAS Y PRECAUCIONES:<\/strong><\/p>\n<p>Solo para uso externo. Evite el contacto con los ojos. No ingerir. Si el producto entra en contacto con los ojos lavar con abundante agua. Si observa alguna alguna reacci\u00f3n desfavorable suspenda su uso y consulte un m\u00e9dico. No dejar al alcance de los ni\u00f1os y mascotas. Mantengase en un lugar fresco y seco. No aplicar sobre mucosas o piel irritada.<\/p>\n","protected":false},"excerpt":{"rendered":"<p>DESCRIPCI\u00d3N: Es la combinaci\u00f3n de activos biol\u00f3gicos de reconocida eficacia en el tratamiento de la perdida del cabello como TRICHOGEN, PROCAPIL Y BIOTINA, que estimula la din\u00e1mica celular y combaten el proceso de envejecimiento del foliculo, retardando la caida del cabello. Adicionalmente los extractos de plantas como el Romero,Ortiga y la Quina ayudan al proceso [&hellip;]<\/p>\n","protected":false},"featured_media":7159,"template":"","meta":{"_uag_custom_page_level_css":"","site-sidebar-layout":"default","site-content-layout":"","ast-site-content-layout":"default","site-content-style":"default","site-sidebar-style":"default","ast-global-header-display":"","ast-banner-title-visibility":"","ast-main-header-display":"","ast-hfb-above-header-display":"","ast-hfb-below-header-display":"","ast-hfb-mobile-header-display":"","site-post-title":"","ast-breadcrumbs-content":"","ast-featured-img":"","footer-sml-layout":"","ast-disable-related-posts":"","theme-transparent-header-meta":"default","adv-header-id-meta":"","stick-header-meta":"","header-above-stick-meta":"","header-main-stick-meta":"","header-below-stick-meta":"","astra-migrate-meta-layouts":"set","ast-page-background-enabled":"default","ast-page-background-meta":{"desktop":{"background-color":"","background-image":"","background-repeat":"repeat","background-position":"center center","background-size":"auto","background-attachment":"scroll","background-type":"","background-media":"","overlay-type":"","overlay-color":"","overlay-opacity":"","overlay-gradient":""},"tablet":{"background-color":"","background-image":"","background-repeat":"repeat","background-position":"center center","background-size":"auto","background-attachment":"scroll","background-type":"","background-media":"","overlay-type":"","overlay-color":"","overlay-opacity":"","overlay-gradient":""},"mobile":{"background-color":"","background-image":"","background-repeat":"repeat","background-position":"center center","background-size":"auto","background-attachment":"scroll","background-type":"","background-media":"","overlay-type":"","overlay-color":"","overlay-opacity":"","overlay-gradient":""}},"ast-content-background-meta":{"desktop":{"background-color":"var(--ast-global-color-5)","background-image":"","background-repeat":"repeat","background-position":"center center","background-size":"auto","background-attachment":"scroll","background-type":"","background-media":"","overlay-type":"","overlay-color":"","overlay-opacity":"","overlay-gradient":""},"tablet":{"background-color":"var(--ast-global-color-5)","background-image":"","background-repeat":"repeat","background-position":"center center","background-size":"auto","background-attachment":"scroll","background-type":"","background-media":"","overlay-type":"","overlay-color":"","overlay-opacity":"","overlay-gradient":""},"mobile":{"background-color":"var(--ast-global-color-5)","background-image":"","background-repeat":"repeat","background-position":"center center","background-size":"auto","background-attachment":"scroll","background-type":"","background-media":"","overlay-type":"","overlay-color":"","overlay-opacity":"","overlay-gradient":""}}},"pwb-brand":[],"product_brand":[],"product_cat":[19,29],"product_tag":[],"class_list":{"0":"post-6645","1":"product","2":"type-product","3":"status-publish","4":"has-post-thumbnail","6":"product_cat-1-cabello","7":"product_cat-hom-for-men","8":"desktop-align-center","9":"tablet-align-left","10":"mobile-align-left","12":"first","13":"instock","14":"taxable","15":"shipping-taxable","16":"purchasable","17":"product-type-simple"},"yoast_head":"<!-- This site is optimized with the Yoast SEO plugin v27.4 - https:\/\/yoast.com\/product\/yoast-seo-wordpress\/ -->\n<title>LOCI\u00d3N ANTICA\u00cdDA HOM FOR MEN 100g - Cosmenales Laboratorio de Cosm\u00e9ticos Internacionales<\/title>\n<meta name=\"robots\" content=\"index, follow, max-snippet:-1, max-image-preview:large, max-video-preview:-1\" \/>\n<link rel=\"canonical\" href=\"https:\/\/cosmenales.com\/sitio\/producto\/locion-anticaida-hom-for-men-100g\/\" \/>\n<meta property=\"og:locale\" content=\"es_ES\" \/>\n<meta property=\"og:type\" content=\"article\" \/>\n<meta property=\"og:title\" content=\"LOCI\u00d3N ANTICA\u00cdDA HOM FOR MEN 100g - Cosmenales Laboratorio de Cosm\u00e9ticos Internacionales\" \/>\n<meta property=\"og:description\" content=\"DESCRIPCI\u00d3N: Es la combinaci\u00f3n de activos biol\u00f3gicos de reconocida eficacia en el tratamiento de la perdida del cabello como TRICHOGEN, PROCAPIL Y BIOTINA, que estimula la din\u00e1mica celular y combaten el proceso de envejecimiento del foliculo, retardando la caida del cabello. Adicionalmente los extractos de plantas como el Romero,Ortiga y la Quina ayudan al proceso [&hellip;]\" \/>\n<meta property=\"og:url\" content=\"https:\/\/cosmenales.com\/sitio\/producto\/locion-anticaida-hom-for-men-100g\/\" \/>\n<meta property=\"og:site_name\" content=\"Cosmenales Laboratorio de Cosm\u00e9ticos Internacionales\" \/>\n<meta property=\"article:modified_time\" content=\"2026-03-02T15:41:02+00:00\" \/>\n<meta property=\"og:image\" content=\"https:\/\/cosmenales.com\/sitio\/wp-content\/uploads\/2024\/10\/gtg.png\" \/>\n\t<meta property=\"og:image:width\" content=\"1080\" \/>\n\t<meta property=\"og:image:height\" content=\"1080\" \/>\n\t<meta property=\"og:image:type\" content=\"image\/png\" \/>\n<meta name=\"twitter:card\" content=\"summary_large_image\" \/>\n<meta name=\"twitter:label1\" content=\"Tiempo de lectura\" \/>\n\t<meta name=\"twitter:data1\" content=\"1 minuto\" \/>\n<script type=\"application\/ld+json\" class=\"yoast-schema-graph\">{\"@context\":\"https:\\\/\\\/schema.org\",\"@graph\":[{\"@type\":\"WebPage\",\"@id\":\"https:\\\/\\\/cosmenales.com\\\/sitio\\\/producto\\\/locion-anticaida-hom-for-men-100g\\\/\",\"url\":\"https:\\\/\\\/cosmenales.com\\\/sitio\\\/producto\\\/locion-anticaida-hom-for-men-100g\\\/\",\"name\":\"LOCI\u00d3N ANTICA\u00cdDA HOM FOR MEN 100g - Cosmenales Laboratorio de Cosm\u00e9ticos Internacionales\",\"isPartOf\":{\"@id\":\"https:\\\/\\\/cosmenales.com\\\/sitio\\\/#website\"},\"primaryImageOfPage\":{\"@id\":\"https:\\\/\\\/cosmenales.com\\\/sitio\\\/producto\\\/locion-anticaida-hom-for-men-100g\\\/#primaryimage\"},\"image\":{\"@id\":\"https:\\\/\\\/cosmenales.com\\\/sitio\\\/producto\\\/locion-anticaida-hom-for-men-100g\\\/#primaryimage\"},\"thumbnailUrl\":\"https:\\\/\\\/cosmenales.com\\\/sitio\\\/wp-content\\\/uploads\\\/2024\\\/10\\\/gtg.png\",\"datePublished\":\"2024-10-07T19:18:46+00:00\",\"dateModified\":\"2026-03-02T15:41:02+00:00\",\"breadcrumb\":{\"@id\":\"https:\\\/\\\/cosmenales.com\\\/sitio\\\/producto\\\/locion-anticaida-hom-for-men-100g\\\/#breadcrumb\"},\"inLanguage\":\"es\",\"potentialAction\":[{\"@type\":\"ReadAction\",\"target\":[\"https:\\\/\\\/cosmenales.com\\\/sitio\\\/producto\\\/locion-anticaida-hom-for-men-100g\\\/\"]}]},{\"@type\":\"ImageObject\",\"inLanguage\":\"es\",\"@id\":\"https:\\\/\\\/cosmenales.com\\\/sitio\\\/producto\\\/locion-anticaida-hom-for-men-100g\\\/#primaryimage\",\"url\":\"https:\\\/\\\/cosmenales.com\\\/sitio\\\/wp-content\\\/uploads\\\/2024\\\/10\\\/gtg.png\",\"contentUrl\":\"https:\\\/\\\/cosmenales.com\\\/sitio\\\/wp-content\\\/uploads\\\/2024\\\/10\\\/gtg.png\",\"width\":1080,\"height\":1080},{\"@type\":\"BreadcrumbList\",\"@id\":\"https:\\\/\\\/cosmenales.com\\\/sitio\\\/producto\\\/locion-anticaida-hom-for-men-100g\\\/#breadcrumb\",\"itemListElement\":[{\"@type\":\"ListItem\",\"position\":1,\"name\":\"Portada\",\"item\":\"https:\\\/\\\/cosmenales.com\\\/sitio\\\/\"},{\"@type\":\"ListItem\",\"position\":2,\"name\":\"Tienda\",\"item\":\"https:\\\/\\\/cosmenales.com\\\/sitio\\\/shop\\\/\"},{\"@type\":\"ListItem\",\"position\":3,\"name\":\"LOCI\u00d3N ANTICA\u00cdDA HOM FOR MEN 100g\"}]},{\"@type\":\"WebSite\",\"@id\":\"https:\\\/\\\/cosmenales.com\\\/sitio\\\/#website\",\"url\":\"https:\\\/\\\/cosmenales.com\\\/sitio\\\/\",\"name\":\"Cosmenales Laboratorio de Cosm\u00e9ticos Internacionales\",\"description\":\"Empresa con 21 a\u00f1os de experiencia en la fabricaci\u00f3n y Comercializaci\u00f3n de Productos Cosm\u00e9ticos.\",\"publisher\":{\"@id\":\"https:\\\/\\\/cosmenales.com\\\/sitio\\\/#organization\"},\"alternateName\":\"cosmenales\",\"potentialAction\":[{\"@type\":\"SearchAction\",\"target\":{\"@type\":\"EntryPoint\",\"urlTemplate\":\"https:\\\/\\\/cosmenales.com\\\/sitio\\\/?s={search_term_string}\"},\"query-input\":{\"@type\":\"PropertyValueSpecification\",\"valueRequired\":true,\"valueName\":\"search_term_string\"}}],\"inLanguage\":\"es\"},{\"@type\":\"Organization\",\"@id\":\"https:\\\/\\\/cosmenales.com\\\/sitio\\\/#organization\",\"name\":\"Cosmenales Laboratorio de Cosm\u00e9ticos Internacionales\",\"url\":\"https:\\\/\\\/cosmenales.com\\\/sitio\\\/\",\"logo\":{\"@type\":\"ImageObject\",\"inLanguage\":\"es\",\"@id\":\"https:\\\/\\\/cosmenales.com\\\/sitio\\\/#\\\/schema\\\/logo\\\/image\\\/\",\"url\":\"https:\\\/\\\/cosmenales.com\\\/sitio\\\/wp-content\\\/uploads\\\/2026\\\/03\\\/cropped-logo-cosmenales-horizontal_Mesa-de-trabajo-1.png\",\"contentUrl\":\"https:\\\/\\\/cosmenales.com\\\/sitio\\\/wp-content\\\/uploads\\\/2026\\\/03\\\/cropped-logo-cosmenales-horizontal_Mesa-de-trabajo-1.png\",\"width\":375,\"height\":125,\"caption\":\"Cosmenales Laboratorio de Cosm\u00e9ticos Internacionales\"},\"image\":{\"@id\":\"https:\\\/\\\/cosmenales.com\\\/sitio\\\/#\\\/schema\\\/logo\\\/image\\\/\"}}]}<\/script>\n<!-- \/ Yoast SEO plugin. -->","yoast_head_json":{"title":"LOCI\u00d3N ANTICA\u00cdDA HOM FOR MEN 100g - Cosmenales Laboratorio de Cosm\u00e9ticos Internacionales","robots":{"index":"index","follow":"follow","max-snippet":"max-snippet:-1","max-image-preview":"max-image-preview:large","max-video-preview":"max-video-preview:-1"},"canonical":"https:\/\/cosmenales.com\/sitio\/producto\/locion-anticaida-hom-for-men-100g\/","og_locale":"es_ES","og_type":"article","og_title":"LOCI\u00d3N ANTICA\u00cdDA HOM FOR MEN 100g - Cosmenales Laboratorio de Cosm\u00e9ticos Internacionales","og_description":"DESCRIPCI\u00d3N: Es la combinaci\u00f3n de activos biol\u00f3gicos de reconocida eficacia en el tratamiento de la perdida del cabello como TRICHOGEN, PROCAPIL Y BIOTINA, que estimula la din\u00e1mica celular y combaten el proceso de envejecimiento del foliculo, retardando la caida del cabello. Adicionalmente los extractos de plantas como el Romero,Ortiga y la Quina ayudan al proceso [&hellip;]","og_url":"https:\/\/cosmenales.com\/sitio\/producto\/locion-anticaida-hom-for-men-100g\/","og_site_name":"Cosmenales Laboratorio de Cosm\u00e9ticos Internacionales","article_modified_time":"2026-03-02T15:41:02+00:00","og_image":[{"width":1080,"height":1080,"url":"https:\/\/cosmenales.com\/sitio\/wp-content\/uploads\/2024\/10\/gtg.png","type":"image\/png"}],"twitter_card":"summary_large_image","twitter_misc":{"Tiempo de lectura":"1 minuto"},"schema":{"@context":"https:\/\/schema.org","@graph":[{"@type":"WebPage","@id":"https:\/\/cosmenales.com\/sitio\/producto\/locion-anticaida-hom-for-men-100g\/","url":"https:\/\/cosmenales.com\/sitio\/producto\/locion-anticaida-hom-for-men-100g\/","name":"LOCI\u00d3N ANTICA\u00cdDA HOM FOR MEN 100g - Cosmenales Laboratorio de Cosm\u00e9ticos Internacionales","isPartOf":{"@id":"https:\/\/cosmenales.com\/sitio\/#website"},"primaryImageOfPage":{"@id":"https:\/\/cosmenales.com\/sitio\/producto\/locion-anticaida-hom-for-men-100g\/#primaryimage"},"image":{"@id":"https:\/\/cosmenales.com\/sitio\/producto\/locion-anticaida-hom-for-men-100g\/#primaryimage"},"thumbnailUrl":"https:\/\/cosmenales.com\/sitio\/wp-content\/uploads\/2024\/10\/gtg.png","datePublished":"2024-10-07T19:18:46+00:00","dateModified":"2026-03-02T15:41:02+00:00","breadcrumb":{"@id":"https:\/\/cosmenales.com\/sitio\/producto\/locion-anticaida-hom-for-men-100g\/#breadcrumb"},"inLanguage":"es","potentialAction":[{"@type":"ReadAction","target":["https:\/\/cosmenales.com\/sitio\/producto\/locion-anticaida-hom-for-men-100g\/"]}]},{"@type":"ImageObject","inLanguage":"es","@id":"https:\/\/cosmenales.com\/sitio\/producto\/locion-anticaida-hom-for-men-100g\/#primaryimage","url":"https:\/\/cosmenales.com\/sitio\/wp-content\/uploads\/2024\/10\/gtg.png","contentUrl":"https:\/\/cosmenales.com\/sitio\/wp-content\/uploads\/2024\/10\/gtg.png","width":1080,"height":1080},{"@type":"BreadcrumbList","@id":"https:\/\/cosmenales.com\/sitio\/producto\/locion-anticaida-hom-for-men-100g\/#breadcrumb","itemListElement":[{"@type":"ListItem","position":1,"name":"Portada","item":"https:\/\/cosmenales.com\/sitio\/"},{"@type":"ListItem","position":2,"name":"Tienda","item":"https:\/\/cosmenales.com\/sitio\/shop\/"},{"@type":"ListItem","position":3,"name":"LOCI\u00d3N ANTICA\u00cdDA HOM FOR MEN 100g"}]},{"@type":"WebSite","@id":"https:\/\/cosmenales.com\/sitio\/#website","url":"https:\/\/cosmenales.com\/sitio\/","name":"Cosmenales Laboratorio de Cosm\u00e9ticos Internacionales","description":"Empresa con 21 a\u00f1os de experiencia en la fabricaci\u00f3n y Comercializaci\u00f3n de Productos Cosm\u00e9ticos.","publisher":{"@id":"https:\/\/cosmenales.com\/sitio\/#organization"},"alternateName":"cosmenales","potentialAction":[{"@type":"SearchAction","target":{"@type":"EntryPoint","urlTemplate":"https:\/\/cosmenales.com\/sitio\/?s={search_term_string}"},"query-input":{"@type":"PropertyValueSpecification","valueRequired":true,"valueName":"search_term_string"}}],"inLanguage":"es"},{"@type":"Organization","@id":"https:\/\/cosmenales.com\/sitio\/#organization","name":"Cosmenales Laboratorio de Cosm\u00e9ticos Internacionales","url":"https:\/\/cosmenales.com\/sitio\/","logo":{"@type":"ImageObject","inLanguage":"es","@id":"https:\/\/cosmenales.com\/sitio\/#\/schema\/logo\/image\/","url":"https:\/\/cosmenales.com\/sitio\/wp-content\/uploads\/2026\/03\/cropped-logo-cosmenales-horizontal_Mesa-de-trabajo-1.png","contentUrl":"https:\/\/cosmenales.com\/sitio\/wp-content\/uploads\/2026\/03\/cropped-logo-cosmenales-horizontal_Mesa-de-trabajo-1.png","width":375,"height":125,"caption":"Cosmenales Laboratorio de Cosm\u00e9ticos Internacionales"},"image":{"@id":"https:\/\/cosmenales.com\/sitio\/#\/schema\/logo\/image\/"}}]}},"uagb_featured_image_src":{"full":["https:\/\/cosmenales.com\/sitio\/wp-content\/uploads\/2024\/10\/gtg.png",1080,1080,false],"thumbnail":["https:\/\/cosmenales.com\/sitio\/wp-content\/uploads\/2024\/10\/gtg-150x150.png",150,150,true],"medium":["https:\/\/cosmenales.com\/sitio\/wp-content\/uploads\/2024\/10\/gtg-300x300.png",300,300,true],"medium_large":["https:\/\/cosmenales.com\/sitio\/wp-content\/uploads\/2024\/10\/gtg-768x768.png",768,768,true],"large":["https:\/\/cosmenales.com\/sitio\/wp-content\/uploads\/2024\/10\/gtg-1024x1024.png",1024,1024,true],"1536x1536":["https:\/\/cosmenales.com\/sitio\/wp-content\/uploads\/2024\/10\/gtg.png",1080,1080,false],"2048x2048":["https:\/\/cosmenales.com\/sitio\/wp-content\/uploads\/2024\/10\/gtg.png",1080,1080,false],"woocommerce_thumbnail":["https:\/\/cosmenales.com\/sitio\/wp-content\/uploads\/2024\/10\/gtg-300x225.png",300,225,true],"woocommerce_single":["https:\/\/cosmenales.com\/sitio\/wp-content\/uploads\/2024\/10\/gtg-600x600.png",600,600,true],"woocommerce_gallery_thumbnail":["https:\/\/cosmenales.com\/sitio\/wp-content\/uploads\/2024\/10\/gtg-100x100.png",100,100,true],"variation_swatches_image_size":["https:\/\/cosmenales.com\/sitio\/wp-content\/uploads\/2024\/10\/gtg.png",50,50,false],"variation_swatches_tooltip_size":["https:\/\/cosmenales.com\/sitio\/wp-content\/uploads\/2024\/10\/gtg.png",100,100,false]},"uagb_author_info":{"display_name":"ecommerce","author_link":"https:\/\/cosmenales.com\/sitio\/author\/"},"uagb_comment_info":0,"uagb_excerpt":"DESCRIPCI\u00d3N: Es la combinaci\u00f3n de activos biol\u00f3gicos de reconocida eficacia en el tratamiento de la perdida del cabello como TRICHOGEN, PROCAPIL Y BIOTINA, que estimula la din\u00e1mica celular y combaten el proceso de envejecimiento del foliculo, retardando la caida del cabello. Adicionalmente los extractos de plantas como el Romero,Ortiga y la Quina ayudan al proceso&hellip;","jetpack_sharing_enabled":true,"brands":[],"publishpress_future_workflow_manual_trigger":{"enabledWorkflows":[]},"_links":{"self":[{"href":"https:\/\/cosmenales.com\/sitio\/wp-json\/wp\/v2\/product\/6645","targetHints":{"allow":["GET"]}}],"collection":[{"href":"https:\/\/cosmenales.com\/sitio\/wp-json\/wp\/v2\/product"}],"about":[{"href":"https:\/\/cosmenales.com\/sitio\/wp-json\/wp\/v2\/types\/product"}],"wp:featuredmedia":[{"embeddable":true,"href":"https:\/\/cosmenales.com\/sitio\/wp-json\/wp\/v2\/media\/7159"}],"wp:attachment":[{"href":"https:\/\/cosmenales.com\/sitio\/wp-json\/wp\/v2\/media?parent=6645"}],"wp:term":[{"taxonomy":"pwb-brand","embeddable":true,"href":"https:\/\/cosmenales.com\/sitio\/wp-json\/wp\/v2\/pwb-brand?post=6645"},{"taxonomy":"product_brand","embeddable":true,"href":"https:\/\/cosmenales.com\/sitio\/wp-json\/wp\/v2\/product_brand?post=6645"},{"taxonomy":"product_cat","embeddable":true,"href":"https:\/\/cosmenales.com\/sitio\/wp-json\/wp\/v2\/product_cat?post=6645"},{"taxonomy":"product_tag","embeddable":true,"href":"https:\/\/cosmenales.com\/sitio\/wp-json\/wp\/v2\/product_tag?post=6645"}],"curies":[{"name":"wp","href":"https:\/\/api.w.org\/{rel}","templated":true}]}}