{"id":6690,"date":"2024-11-15T12:01:16","date_gmt":"2024-11-15T17:01:16","guid":{"rendered":"https:\/\/cosmenales.com\/sitio\/?post_type=product&#038;p=6690"},"modified":"2026-02-10T11:16:11","modified_gmt":"2026-02-10T16:16:11","slug":"glutacides-producto-sin-iva-x-38-l","status":"publish","type":"product","link":"https:\/\/cosmenales.com\/sitio\/producto\/glutacides-producto-sin-iva-x-38-l\/","title":{"rendered":"GLUTACIDES PRODUCTO SIN IVA X 3,8 L"},"content":{"rendered":"<p>Desinfectantede alto nivel (glutaccidesh\u00eddo al 2% )con agente inhibidor de la corrosi\u00f3n.<\/p>\n<h6>MODO DE USO:<\/h6>\n<p>Lave el instrumental, seg\u00fan el protocolo aprobado. Agregar al envase Rodo el contenido de la soluci\u00f3n activadora, marcar la fecha de expiraci\u00f3n. Sumerja el instrumental lavado en la soluci\u00f3n. Tape el recipiente y deje en inmersi\u00f3n por 10 minutos si se ve a desinfectar o para esterilizar dejar m\u00ednimo 8 horas. Enjuague y seque el instrumental.<\/p>\n<h6>ADVERTENCIAS Y PRECAUCIONES:<\/h6>\n<p>Mantener el recipiente bien cerrado y lejos del alcance de los ni\u00f1os y mascotas. Evitar exponer el producto a temperatura superior de 30\u00b0C, exceso de luz, calor o humedad, por periodos prolongados.<\/p>\n","protected":false},"excerpt":{"rendered":"<p>Desinfectantede alto nivel (glutaccidesh\u00eddo al 2% )con agente inhibidor de la corrosi\u00f3n. MODO DE USO: Lave el instrumental, seg\u00fan el protocolo aprobado. Agregar al envase Rodo el contenido de la soluci\u00f3n activadora, marcar la fecha de expiraci\u00f3n. Sumerja el instrumental lavado en la soluci\u00f3n. Tape el recipiente y deje en inmersi\u00f3n por 10 minutos si [&hellip;]<\/p>\n","protected":false},"featured_media":6692,"template":"","meta":{"_uag_custom_page_level_css":"","site-sidebar-layout":"default","site-content-layout":"","ast-site-content-layout":"default","site-content-style":"default","site-sidebar-style":"default","ast-global-header-display":"","ast-banner-title-visibility":"","ast-main-header-display":"","ast-hfb-above-header-display":"","ast-hfb-below-header-display":"","ast-hfb-mobile-header-display":"","site-post-title":"","ast-breadcrumbs-content":"","ast-featured-img":"","footer-sml-layout":"","ast-disable-related-posts":"","theme-transparent-header-meta":"default","adv-header-id-meta":"","stick-header-meta":"","header-above-stick-meta":"","header-main-stick-meta":"","header-below-stick-meta":"","astra-migrate-meta-layouts":"set","ast-page-background-enabled":"default","ast-page-background-meta":{"desktop":{"background-color":"","background-image":"","background-repeat":"repeat","background-position":"center center","background-size":"auto","background-attachment":"scroll","background-type":"","background-media":"","overlay-type":"","overlay-color":"","overlay-opacity":"","overlay-gradient":""},"tablet":{"background-color":"","background-image":"","background-repeat":"repeat","background-position":"center center","background-size":"auto","background-attachment":"scroll","background-type":"","background-media":"","overlay-type":"","overlay-color":"","overlay-opacity":"","overlay-gradient":""},"mobile":{"background-color":"","background-image":"","background-repeat":"repeat","background-position":"center center","background-size":"auto","background-attachment":"scroll","background-type":"","background-media":"","overlay-type":"","overlay-color":"","overlay-opacity":"","overlay-gradient":""}},"ast-content-background-meta":{"desktop":{"background-color":"var(--ast-global-color-5)","background-image":"","background-repeat":"repeat","background-position":"center center","background-size":"auto","background-attachment":"scroll","background-type":"","background-media":"","overlay-type":"","overlay-color":"","overlay-opacity":"","overlay-gradient":""},"tablet":{"background-color":"var(--ast-global-color-5)","background-image":"","background-repeat":"repeat","background-position":"center center","background-size":"auto","background-attachment":"scroll","background-type":"","background-media":"","overlay-type":"","overlay-color":"","overlay-opacity":"","overlay-gradient":""},"mobile":{"background-color":"var(--ast-global-color-5)","background-image":"","background-repeat":"repeat","background-position":"center center","background-size":"auto","background-attachment":"scroll","background-type":"","background-media":"","overlay-type":"","overlay-color":"","overlay-opacity":"","overlay-gradient":""}}},"pwb-brand":[],"product_brand":[],"product_cat":[23],"product_tag":[],"class_list":{"0":"post-6690","1":"product","2":"type-product","3":"status-publish","4":"has-post-thumbnail","6":"product_cat-3-bioseguridad","7":"desktop-align-center","8":"tablet-align-left","9":"mobile-align-left","11":"first","12":"instock","13":"taxable","14":"shipping-taxable","15":"purchasable","16":"product-type-simple"},"yoast_head":"<!-- This site is optimized with the Yoast SEO plugin v27.4 - https:\/\/yoast.com\/product\/yoast-seo-wordpress\/ -->\n<title>GLUTACIDES PRODUCTO SIN IVA X 3,8 L - Cosmenales Laboratorio de Cosm\u00e9ticos Internacionales<\/title>\n<meta name=\"robots\" content=\"index, follow, max-snippet:-1, max-image-preview:large, max-video-preview:-1\" \/>\n<link rel=\"canonical\" href=\"https:\/\/cosmenales.com\/sitio\/producto\/glutacides-producto-sin-iva-x-38-l\/\" \/>\n<meta property=\"og:locale\" content=\"es_ES\" \/>\n<meta property=\"og:type\" content=\"article\" \/>\n<meta property=\"og:title\" content=\"GLUTACIDES PRODUCTO SIN IVA X 3,8 L - Cosmenales Laboratorio de Cosm\u00e9ticos Internacionales\" \/>\n<meta property=\"og:description\" content=\"Desinfectantede alto nivel (glutaccidesh\u00eddo al 2% )con agente inhibidor de la corrosi\u00f3n. MODO DE USO: Lave el instrumental, seg\u00fan el protocolo aprobado. Agregar al envase Rodo el contenido de la soluci\u00f3n activadora, marcar la fecha de expiraci\u00f3n. Sumerja el instrumental lavado en la soluci\u00f3n. Tape el recipiente y deje en inmersi\u00f3n por 10 minutos si [&hellip;]\" \/>\n<meta property=\"og:url\" content=\"https:\/\/cosmenales.com\/sitio\/producto\/glutacides-producto-sin-iva-x-38-l\/\" \/>\n<meta property=\"og:site_name\" content=\"Cosmenales Laboratorio de Cosm\u00e9ticos Internacionales\" \/>\n<meta property=\"article:modified_time\" content=\"2026-02-10T16:16:11+00:00\" \/>\n<meta property=\"og:image\" content=\"https:\/\/cosmenales.com\/sitio\/wp-content\/uploads\/2024\/11\/Glutacides_3.8-removebg-preview.png\" \/>\n\t<meta property=\"og:image:width\" content=\"500\" \/>\n\t<meta property=\"og:image:height\" content=\"500\" \/>\n\t<meta property=\"og:image:type\" content=\"image\/png\" \/>\n<meta name=\"twitter:card\" content=\"summary_large_image\" \/>\n<meta name=\"twitter:label1\" content=\"Tiempo de lectura\" \/>\n\t<meta name=\"twitter:data1\" content=\"1 minuto\" \/>\n<script type=\"application\/ld+json\" class=\"yoast-schema-graph\">{\"@context\":\"https:\\\/\\\/schema.org\",\"@graph\":[{\"@type\":\"WebPage\",\"@id\":\"https:\\\/\\\/cosmenales.com\\\/sitio\\\/producto\\\/glutacides-producto-sin-iva-x-38-l\\\/\",\"url\":\"https:\\\/\\\/cosmenales.com\\\/sitio\\\/producto\\\/glutacides-producto-sin-iva-x-38-l\\\/\",\"name\":\"GLUTACIDES PRODUCTO SIN IVA X 3,8 L - Cosmenales Laboratorio de Cosm\u00e9ticos Internacionales\",\"isPartOf\":{\"@id\":\"https:\\\/\\\/cosmenales.com\\\/sitio\\\/#website\"},\"primaryImageOfPage\":{\"@id\":\"https:\\\/\\\/cosmenales.com\\\/sitio\\\/producto\\\/glutacides-producto-sin-iva-x-38-l\\\/#primaryimage\"},\"image\":{\"@id\":\"https:\\\/\\\/cosmenales.com\\\/sitio\\\/producto\\\/glutacides-producto-sin-iva-x-38-l\\\/#primaryimage\"},\"thumbnailUrl\":\"https:\\\/\\\/cosmenales.com\\\/sitio\\\/wp-content\\\/uploads\\\/2024\\\/11\\\/Glutacides_3.8-removebg-preview.png\",\"datePublished\":\"2024-11-15T17:01:16+00:00\",\"dateModified\":\"2026-02-10T16:16:11+00:00\",\"breadcrumb\":{\"@id\":\"https:\\\/\\\/cosmenales.com\\\/sitio\\\/producto\\\/glutacides-producto-sin-iva-x-38-l\\\/#breadcrumb\"},\"inLanguage\":\"es\",\"potentialAction\":[{\"@type\":\"ReadAction\",\"target\":[\"https:\\\/\\\/cosmenales.com\\\/sitio\\\/producto\\\/glutacides-producto-sin-iva-x-38-l\\\/\"]}]},{\"@type\":\"ImageObject\",\"inLanguage\":\"es\",\"@id\":\"https:\\\/\\\/cosmenales.com\\\/sitio\\\/producto\\\/glutacides-producto-sin-iva-x-38-l\\\/#primaryimage\",\"url\":\"https:\\\/\\\/cosmenales.com\\\/sitio\\\/wp-content\\\/uploads\\\/2024\\\/11\\\/Glutacides_3.8-removebg-preview.png\",\"contentUrl\":\"https:\\\/\\\/cosmenales.com\\\/sitio\\\/wp-content\\\/uploads\\\/2024\\\/11\\\/Glutacides_3.8-removebg-preview.png\",\"width\":500,\"height\":500},{\"@type\":\"BreadcrumbList\",\"@id\":\"https:\\\/\\\/cosmenales.com\\\/sitio\\\/producto\\\/glutacides-producto-sin-iva-x-38-l\\\/#breadcrumb\",\"itemListElement\":[{\"@type\":\"ListItem\",\"position\":1,\"name\":\"Portada\",\"item\":\"https:\\\/\\\/cosmenales.com\\\/sitio\\\/\"},{\"@type\":\"ListItem\",\"position\":2,\"name\":\"Tienda\",\"item\":\"https:\\\/\\\/cosmenales.com\\\/sitio\\\/shop\\\/\"},{\"@type\":\"ListItem\",\"position\":3,\"name\":\"GLUTACIDES PRODUCTO SIN IVA X 3,8 L\"}]},{\"@type\":\"WebSite\",\"@id\":\"https:\\\/\\\/cosmenales.com\\\/sitio\\\/#website\",\"url\":\"https:\\\/\\\/cosmenales.com\\\/sitio\\\/\",\"name\":\"Cosmenales Laboratorio de Cosm\u00e9ticos Internacionales\",\"description\":\"Empresa con 21 a\u00f1os de experiencia en la fabricaci\u00f3n y Comercializaci\u00f3n de Productos Cosm\u00e9ticos.\",\"publisher\":{\"@id\":\"https:\\\/\\\/cosmenales.com\\\/sitio\\\/#organization\"},\"alternateName\":\"cosmenales\",\"potentialAction\":[{\"@type\":\"SearchAction\",\"target\":{\"@type\":\"EntryPoint\",\"urlTemplate\":\"https:\\\/\\\/cosmenales.com\\\/sitio\\\/?s={search_term_string}\"},\"query-input\":{\"@type\":\"PropertyValueSpecification\",\"valueRequired\":true,\"valueName\":\"search_term_string\"}}],\"inLanguage\":\"es\"},{\"@type\":\"Organization\",\"@id\":\"https:\\\/\\\/cosmenales.com\\\/sitio\\\/#organization\",\"name\":\"Cosmenales Laboratorio de Cosm\u00e9ticos Internacionales\",\"url\":\"https:\\\/\\\/cosmenales.com\\\/sitio\\\/\",\"logo\":{\"@type\":\"ImageObject\",\"inLanguage\":\"es\",\"@id\":\"https:\\\/\\\/cosmenales.com\\\/sitio\\\/#\\\/schema\\\/logo\\\/image\\\/\",\"url\":\"https:\\\/\\\/cosmenales.com\\\/sitio\\\/wp-content\\\/uploads\\\/2026\\\/03\\\/cropped-logo-cosmenales-horizontal_Mesa-de-trabajo-1.png\",\"contentUrl\":\"https:\\\/\\\/cosmenales.com\\\/sitio\\\/wp-content\\\/uploads\\\/2026\\\/03\\\/cropped-logo-cosmenales-horizontal_Mesa-de-trabajo-1.png\",\"width\":375,\"height\":125,\"caption\":\"Cosmenales Laboratorio de Cosm\u00e9ticos Internacionales\"},\"image\":{\"@id\":\"https:\\\/\\\/cosmenales.com\\\/sitio\\\/#\\\/schema\\\/logo\\\/image\\\/\"}}]}<\/script>\n<!-- \/ Yoast SEO plugin. -->","yoast_head_json":{"title":"GLUTACIDES PRODUCTO SIN IVA X 3,8 L - Cosmenales Laboratorio de Cosm\u00e9ticos Internacionales","robots":{"index":"index","follow":"follow","max-snippet":"max-snippet:-1","max-image-preview":"max-image-preview:large","max-video-preview":"max-video-preview:-1"},"canonical":"https:\/\/cosmenales.com\/sitio\/producto\/glutacides-producto-sin-iva-x-38-l\/","og_locale":"es_ES","og_type":"article","og_title":"GLUTACIDES PRODUCTO SIN IVA X 3,8 L - Cosmenales Laboratorio de Cosm\u00e9ticos Internacionales","og_description":"Desinfectantede alto nivel (glutaccidesh\u00eddo al 2% )con agente inhibidor de la corrosi\u00f3n. MODO DE USO: Lave el instrumental, seg\u00fan el protocolo aprobado. Agregar al envase Rodo el contenido de la soluci\u00f3n activadora, marcar la fecha de expiraci\u00f3n. Sumerja el instrumental lavado en la soluci\u00f3n. Tape el recipiente y deje en inmersi\u00f3n por 10 minutos si [&hellip;]","og_url":"https:\/\/cosmenales.com\/sitio\/producto\/glutacides-producto-sin-iva-x-38-l\/","og_site_name":"Cosmenales Laboratorio de Cosm\u00e9ticos Internacionales","article_modified_time":"2026-02-10T16:16:11+00:00","og_image":[{"width":500,"height":500,"url":"https:\/\/cosmenales.com\/sitio\/wp-content\/uploads\/2024\/11\/Glutacides_3.8-removebg-preview.png","type":"image\/png"}],"twitter_card":"summary_large_image","twitter_misc":{"Tiempo de lectura":"1 minuto"},"schema":{"@context":"https:\/\/schema.org","@graph":[{"@type":"WebPage","@id":"https:\/\/cosmenales.com\/sitio\/producto\/glutacides-producto-sin-iva-x-38-l\/","url":"https:\/\/cosmenales.com\/sitio\/producto\/glutacides-producto-sin-iva-x-38-l\/","name":"GLUTACIDES PRODUCTO SIN IVA X 3,8 L - Cosmenales Laboratorio de Cosm\u00e9ticos Internacionales","isPartOf":{"@id":"https:\/\/cosmenales.com\/sitio\/#website"},"primaryImageOfPage":{"@id":"https:\/\/cosmenales.com\/sitio\/producto\/glutacides-producto-sin-iva-x-38-l\/#primaryimage"},"image":{"@id":"https:\/\/cosmenales.com\/sitio\/producto\/glutacides-producto-sin-iva-x-38-l\/#primaryimage"},"thumbnailUrl":"https:\/\/cosmenales.com\/sitio\/wp-content\/uploads\/2024\/11\/Glutacides_3.8-removebg-preview.png","datePublished":"2024-11-15T17:01:16+00:00","dateModified":"2026-02-10T16:16:11+00:00","breadcrumb":{"@id":"https:\/\/cosmenales.com\/sitio\/producto\/glutacides-producto-sin-iva-x-38-l\/#breadcrumb"},"inLanguage":"es","potentialAction":[{"@type":"ReadAction","target":["https:\/\/cosmenales.com\/sitio\/producto\/glutacides-producto-sin-iva-x-38-l\/"]}]},{"@type":"ImageObject","inLanguage":"es","@id":"https:\/\/cosmenales.com\/sitio\/producto\/glutacides-producto-sin-iva-x-38-l\/#primaryimage","url":"https:\/\/cosmenales.com\/sitio\/wp-content\/uploads\/2024\/11\/Glutacides_3.8-removebg-preview.png","contentUrl":"https:\/\/cosmenales.com\/sitio\/wp-content\/uploads\/2024\/11\/Glutacides_3.8-removebg-preview.png","width":500,"height":500},{"@type":"BreadcrumbList","@id":"https:\/\/cosmenales.com\/sitio\/producto\/glutacides-producto-sin-iva-x-38-l\/#breadcrumb","itemListElement":[{"@type":"ListItem","position":1,"name":"Portada","item":"https:\/\/cosmenales.com\/sitio\/"},{"@type":"ListItem","position":2,"name":"Tienda","item":"https:\/\/cosmenales.com\/sitio\/shop\/"},{"@type":"ListItem","position":3,"name":"GLUTACIDES PRODUCTO SIN IVA X 3,8 L"}]},{"@type":"WebSite","@id":"https:\/\/cosmenales.com\/sitio\/#website","url":"https:\/\/cosmenales.com\/sitio\/","name":"Cosmenales Laboratorio de Cosm\u00e9ticos Internacionales","description":"Empresa con 21 a\u00f1os de experiencia en la fabricaci\u00f3n y Comercializaci\u00f3n de Productos Cosm\u00e9ticos.","publisher":{"@id":"https:\/\/cosmenales.com\/sitio\/#organization"},"alternateName":"cosmenales","potentialAction":[{"@type":"SearchAction","target":{"@type":"EntryPoint","urlTemplate":"https:\/\/cosmenales.com\/sitio\/?s={search_term_string}"},"query-input":{"@type":"PropertyValueSpecification","valueRequired":true,"valueName":"search_term_string"}}],"inLanguage":"es"},{"@type":"Organization","@id":"https:\/\/cosmenales.com\/sitio\/#organization","name":"Cosmenales Laboratorio de Cosm\u00e9ticos Internacionales","url":"https:\/\/cosmenales.com\/sitio\/","logo":{"@type":"ImageObject","inLanguage":"es","@id":"https:\/\/cosmenales.com\/sitio\/#\/schema\/logo\/image\/","url":"https:\/\/cosmenales.com\/sitio\/wp-content\/uploads\/2026\/03\/cropped-logo-cosmenales-horizontal_Mesa-de-trabajo-1.png","contentUrl":"https:\/\/cosmenales.com\/sitio\/wp-content\/uploads\/2026\/03\/cropped-logo-cosmenales-horizontal_Mesa-de-trabajo-1.png","width":375,"height":125,"caption":"Cosmenales Laboratorio de Cosm\u00e9ticos Internacionales"},"image":{"@id":"https:\/\/cosmenales.com\/sitio\/#\/schema\/logo\/image\/"}}]}},"uagb_featured_image_src":{"full":["https:\/\/cosmenales.com\/sitio\/wp-content\/uploads\/2024\/11\/Glutacides_3.8-removebg-preview.png",500,500,false],"thumbnail":["https:\/\/cosmenales.com\/sitio\/wp-content\/uploads\/2024\/11\/Glutacides_3.8-removebg-preview-150x150.png",150,150,true],"medium":["https:\/\/cosmenales.com\/sitio\/wp-content\/uploads\/2024\/11\/Glutacides_3.8-removebg-preview-300x300.png",300,300,true],"medium_large":["https:\/\/cosmenales.com\/sitio\/wp-content\/uploads\/2024\/11\/Glutacides_3.8-removebg-preview.png",500,500,false],"large":["https:\/\/cosmenales.com\/sitio\/wp-content\/uploads\/2024\/11\/Glutacides_3.8-removebg-preview.png",500,500,false],"1536x1536":["https:\/\/cosmenales.com\/sitio\/wp-content\/uploads\/2024\/11\/Glutacides_3.8-removebg-preview.png",500,500,false],"2048x2048":["https:\/\/cosmenales.com\/sitio\/wp-content\/uploads\/2024\/11\/Glutacides_3.8-removebg-preview.png",500,500,false],"woocommerce_thumbnail":["https:\/\/cosmenales.com\/sitio\/wp-content\/uploads\/2024\/11\/Glutacides_3.8-removebg-preview-300x225.png",300,225,true],"woocommerce_single":["https:\/\/cosmenales.com\/sitio\/wp-content\/uploads\/2024\/11\/Glutacides_3.8-removebg-preview.png",500,500,false],"woocommerce_gallery_thumbnail":["https:\/\/cosmenales.com\/sitio\/wp-content\/uploads\/2024\/11\/Glutacides_3.8-removebg-preview-100x100.png",100,100,true],"variation_swatches_image_size":["https:\/\/cosmenales.com\/sitio\/wp-content\/uploads\/2024\/11\/Glutacides_3.8-removebg-preview.png",50,50,false],"variation_swatches_tooltip_size":["https:\/\/cosmenales.com\/sitio\/wp-content\/uploads\/2024\/11\/Glutacides_3.8-removebg-preview.png",100,100,false]},"uagb_author_info":{"display_name":"ecommerce","author_link":"https:\/\/cosmenales.com\/sitio\/author\/"},"uagb_comment_info":0,"uagb_excerpt":"Desinfectantede alto nivel (glutaccidesh\u00eddo al 2% )con agente inhibidor de la corrosi\u00f3n. MODO DE USO: Lave el instrumental, seg\u00fan el protocolo aprobado. Agregar al envase Rodo el contenido de la soluci\u00f3n activadora, marcar la fecha de expiraci\u00f3n. Sumerja el instrumental lavado en la soluci\u00f3n. Tape el recipiente y deje en inmersi\u00f3n por 10 minutos si&hellip;","jetpack_sharing_enabled":true,"brands":[],"publishpress_future_workflow_manual_trigger":{"enabledWorkflows":[]},"_links":{"self":[{"href":"https:\/\/cosmenales.com\/sitio\/wp-json\/wp\/v2\/product\/6690","targetHints":{"allow":["GET"]}}],"collection":[{"href":"https:\/\/cosmenales.com\/sitio\/wp-json\/wp\/v2\/product"}],"about":[{"href":"https:\/\/cosmenales.com\/sitio\/wp-json\/wp\/v2\/types\/product"}],"wp:featuredmedia":[{"embeddable":true,"href":"https:\/\/cosmenales.com\/sitio\/wp-json\/wp\/v2\/media\/6692"}],"wp:attachment":[{"href":"https:\/\/cosmenales.com\/sitio\/wp-json\/wp\/v2\/media?parent=6690"}],"wp:term":[{"taxonomy":"pwb-brand","embeddable":true,"href":"https:\/\/cosmenales.com\/sitio\/wp-json\/wp\/v2\/pwb-brand?post=6690"},{"taxonomy":"product_brand","embeddable":true,"href":"https:\/\/cosmenales.com\/sitio\/wp-json\/wp\/v2\/product_brand?post=6690"},{"taxonomy":"product_cat","embeddable":true,"href":"https:\/\/cosmenales.com\/sitio\/wp-json\/wp\/v2\/product_cat?post=6690"},{"taxonomy":"product_tag","embeddable":true,"href":"https:\/\/cosmenales.com\/sitio\/wp-json\/wp\/v2\/product_tag?post=6690"}],"curies":[{"name":"wp","href":"https:\/\/api.w.org\/{rel}","templated":true}]}}