{"id":6738,"date":"2024-11-20T10:49:04","date_gmt":"2024-11-20T15:49:04","guid":{"rendered":"https:\/\/cosmenales.com\/sitio\/?post_type=product&#038;p=6738"},"modified":"2026-03-02T09:30:10","modified_gmt":"2026-03-02T14:30:10","slug":"crema-para-manos-byza-coco-x-200g-colapsible","status":"publish","type":"product","link":"https:\/\/cosmenales.com\/sitio\/producto\/crema-para-manos-byza-coco-x-200g-colapsible\/","title":{"rendered":"CREMA PARA MANOS B\u00b4YZA COCO X 200g colapsible"},"content":{"rendered":"<p>F\u00f3rmula especialmente desarrollada para humectar y suavizar la piel, contiene \u00f3leos de arg\u00e1n, karit\u00e9, coco y macadamia que nutren y mejoran la apariencia de la piel.<\/p>\n<h6>MODO DE USO:<\/h6>\n<p>Aplique generosamente sobre la piel, luego distrib\u00fayalo con un suave masaje.<\/p>\n<h6>ADVERTENCIA Y PRECAUCIONES:<\/h6>\n<p>Solo para uso externo. Evite el contacto con los ojos, no ingerirlo. Si observa alguna reacci\u00f3n desfavorable, suspenda su uso y consulte con un m\u00e9dico; no aplicar sobre mucosas y piel irritada. Mant\u00e9ngase fuera del alcance de los ni\u00f1os y mascotas, este producto no est\u00e1 indicado para uso \u00edntimo.<\/p>\n","protected":false},"excerpt":{"rendered":"<p>F\u00f3rmula especialmente desarrollada para humectar y suavizar la piel, contiene \u00f3leos de arg\u00e1n, karit\u00e9, coco y macadamia que nutren y mejoran la apariencia de la piel. MODO DE USO: Aplique generosamente sobre la piel, luego distrib\u00fayalo con un suave masaje. ADVERTENCIA Y PRECAUCIONES: Solo para uso externo. Evite el contacto con los ojos, no ingerirlo. [&hellip;]<\/p>\n","protected":false},"featured_media":5564,"template":"","meta":{"_uag_custom_page_level_css":"","site-sidebar-layout":"default","site-content-layout":"","ast-site-content-layout":"default","site-content-style":"default","site-sidebar-style":"default","ast-global-header-display":"","ast-banner-title-visibility":"","ast-main-header-display":"","ast-hfb-above-header-display":"","ast-hfb-below-header-display":"","ast-hfb-mobile-header-display":"","site-post-title":"","ast-breadcrumbs-content":"","ast-featured-img":"","footer-sml-layout":"","ast-disable-related-posts":"","theme-transparent-header-meta":"default","adv-header-id-meta":"","stick-header-meta":"","header-above-stick-meta":"","header-main-stick-meta":"","header-below-stick-meta":"","astra-migrate-meta-layouts":"set","ast-page-background-enabled":"default","ast-page-background-meta":{"desktop":{"background-color":"","background-image":"","background-repeat":"repeat","background-position":"center center","background-size":"auto","background-attachment":"scroll","background-type":"","background-media":"","overlay-type":"","overlay-color":"","overlay-opacity":"","overlay-gradient":""},"tablet":{"background-color":"","background-image":"","background-repeat":"repeat","background-position":"center center","background-size":"auto","background-attachment":"scroll","background-type":"","background-media":"","overlay-type":"","overlay-color":"","overlay-opacity":"","overlay-gradient":""},"mobile":{"background-color":"","background-image":"","background-repeat":"repeat","background-position":"center center","background-size":"auto","background-attachment":"scroll","background-type":"","background-media":"","overlay-type":"","overlay-color":"","overlay-opacity":"","overlay-gradient":""}},"ast-content-background-meta":{"desktop":{"background-color":"var(--ast-global-color-5)","background-image":"","background-repeat":"repeat","background-position":"center center","background-size":"auto","background-attachment":"scroll","background-type":"","background-media":"","overlay-type":"","overlay-color":"","overlay-opacity":"","overlay-gradient":""},"tablet":{"background-color":"var(--ast-global-color-5)","background-image":"","background-repeat":"repeat","background-position":"center center","background-size":"auto","background-attachment":"scroll","background-type":"","background-media":"","overlay-type":"","overlay-color":"","overlay-opacity":"","overlay-gradient":""},"mobile":{"background-color":"var(--ast-global-color-5)","background-image":"","background-repeat":"repeat","background-position":"center center","background-size":"auto","background-attachment":"scroll","background-type":"","background-media":"","overlay-type":"","overlay-color":"","overlay-opacity":"","overlay-gradient":""}}},"pwb-brand":[],"product_brand":[],"product_cat":[31,19],"product_tag":[],"class_list":{"0":"post-6738","1":"product","2":"type-product","3":"status-publish","4":"has-post-thumbnail","6":"product_cat-byza","7":"product_cat-1-cabello","8":"desktop-align-center","9":"tablet-align-left","10":"mobile-align-left","12":"first","13":"instock","14":"taxable","15":"shipping-taxable","16":"purchasable","17":"product-type-simple"},"yoast_head":"<!-- This site is optimized with the Yoast SEO plugin v27.4 - https:\/\/yoast.com\/product\/yoast-seo-wordpress\/ -->\n<title>CREMA PARA MANOS B\u00b4YZA COCO X 200g colapsible - Cosmenales Laboratorio de Cosm\u00e9ticos Internacionales<\/title>\n<meta name=\"robots\" content=\"index, follow, max-snippet:-1, max-image-preview:large, max-video-preview:-1\" \/>\n<link rel=\"canonical\" href=\"https:\/\/cosmenales.com\/sitio\/producto\/crema-para-manos-byza-coco-x-200g-colapsible\/\" \/>\n<meta property=\"og:locale\" content=\"es_ES\" \/>\n<meta property=\"og:type\" content=\"article\" \/>\n<meta property=\"og:title\" content=\"CREMA PARA MANOS B\u00b4YZA COCO X 200g colapsible - Cosmenales Laboratorio de Cosm\u00e9ticos Internacionales\" \/>\n<meta property=\"og:description\" content=\"F\u00f3rmula especialmente desarrollada para humectar y suavizar la piel, contiene \u00f3leos de arg\u00e1n, karit\u00e9, coco y macadamia que nutren y mejoran la apariencia de la piel. MODO DE USO: Aplique generosamente sobre la piel, luego distrib\u00fayalo con un suave masaje. ADVERTENCIA Y PRECAUCIONES: Solo para uso externo. Evite el contacto con los ojos, no ingerirlo. [&hellip;]\" \/>\n<meta property=\"og:url\" content=\"https:\/\/cosmenales.com\/sitio\/producto\/crema-para-manos-byza-coco-x-200g-colapsible\/\" \/>\n<meta property=\"og:site_name\" content=\"Cosmenales Laboratorio de Cosm\u00e9ticos Internacionales\" \/>\n<meta property=\"article:modified_time\" content=\"2026-03-02T14:30:10+00:00\" \/>\n<meta property=\"og:image\" content=\"https:\/\/cosmenales.com\/sitio\/wp-content\/uploads\/2023\/12\/Sin-titulo-23-08-min.png\" \/>\n\t<meta property=\"og:image:width\" content=\"1651\" \/>\n\t<meta property=\"og:image:height\" content=\"1275\" \/>\n\t<meta property=\"og:image:type\" content=\"image\/png\" \/>\n<meta name=\"twitter:card\" content=\"summary_large_image\" \/>\n<meta name=\"twitter:label1\" content=\"Tiempo de lectura\" \/>\n\t<meta name=\"twitter:data1\" content=\"1 minuto\" \/>\n<script type=\"application\/ld+json\" class=\"yoast-schema-graph\">{\"@context\":\"https:\\\/\\\/schema.org\",\"@graph\":[{\"@type\":\"WebPage\",\"@id\":\"https:\\\/\\\/cosmenales.com\\\/sitio\\\/producto\\\/crema-para-manos-byza-coco-x-200g-colapsible\\\/\",\"url\":\"https:\\\/\\\/cosmenales.com\\\/sitio\\\/producto\\\/crema-para-manos-byza-coco-x-200g-colapsible\\\/\",\"name\":\"CREMA PARA MANOS B\u00b4YZA COCO X 200g colapsible - Cosmenales Laboratorio de Cosm\u00e9ticos Internacionales\",\"isPartOf\":{\"@id\":\"https:\\\/\\\/cosmenales.com\\\/sitio\\\/#website\"},\"primaryImageOfPage\":{\"@id\":\"https:\\\/\\\/cosmenales.com\\\/sitio\\\/producto\\\/crema-para-manos-byza-coco-x-200g-colapsible\\\/#primaryimage\"},\"image\":{\"@id\":\"https:\\\/\\\/cosmenales.com\\\/sitio\\\/producto\\\/crema-para-manos-byza-coco-x-200g-colapsible\\\/#primaryimage\"},\"thumbnailUrl\":\"https:\\\/\\\/cosmenales.com\\\/sitio\\\/wp-content\\\/uploads\\\/2023\\\/12\\\/Sin-titulo-23-08-min.png\",\"datePublished\":\"2024-11-20T15:49:04+00:00\",\"dateModified\":\"2026-03-02T14:30:10+00:00\",\"breadcrumb\":{\"@id\":\"https:\\\/\\\/cosmenales.com\\\/sitio\\\/producto\\\/crema-para-manos-byza-coco-x-200g-colapsible\\\/#breadcrumb\"},\"inLanguage\":\"es\",\"potentialAction\":[{\"@type\":\"ReadAction\",\"target\":[\"https:\\\/\\\/cosmenales.com\\\/sitio\\\/producto\\\/crema-para-manos-byza-coco-x-200g-colapsible\\\/\"]}]},{\"@type\":\"ImageObject\",\"inLanguage\":\"es\",\"@id\":\"https:\\\/\\\/cosmenales.com\\\/sitio\\\/producto\\\/crema-para-manos-byza-coco-x-200g-colapsible\\\/#primaryimage\",\"url\":\"https:\\\/\\\/cosmenales.com\\\/sitio\\\/wp-content\\\/uploads\\\/2023\\\/12\\\/Sin-titulo-23-08-min.png\",\"contentUrl\":\"https:\\\/\\\/cosmenales.com\\\/sitio\\\/wp-content\\\/uploads\\\/2023\\\/12\\\/Sin-titulo-23-08-min.png\",\"width\":1651,\"height\":1275},{\"@type\":\"BreadcrumbList\",\"@id\":\"https:\\\/\\\/cosmenales.com\\\/sitio\\\/producto\\\/crema-para-manos-byza-coco-x-200g-colapsible\\\/#breadcrumb\",\"itemListElement\":[{\"@type\":\"ListItem\",\"position\":1,\"name\":\"Portada\",\"item\":\"https:\\\/\\\/cosmenales.com\\\/sitio\\\/\"},{\"@type\":\"ListItem\",\"position\":2,\"name\":\"Tienda\",\"item\":\"https:\\\/\\\/cosmenales.com\\\/sitio\\\/shop\\\/\"},{\"@type\":\"ListItem\",\"position\":3,\"name\":\"CREMA PARA MANOS B\u00b4YZA COCO X 200g colapsible\"}]},{\"@type\":\"WebSite\",\"@id\":\"https:\\\/\\\/cosmenales.com\\\/sitio\\\/#website\",\"url\":\"https:\\\/\\\/cosmenales.com\\\/sitio\\\/\",\"name\":\"Cosmenales Laboratorio de Cosm\u00e9ticos Internacionales\",\"description\":\"Empresa con 21 a\u00f1os de experiencia en la fabricaci\u00f3n y Comercializaci\u00f3n de Productos Cosm\u00e9ticos.\",\"publisher\":{\"@id\":\"https:\\\/\\\/cosmenales.com\\\/sitio\\\/#organization\"},\"alternateName\":\"cosmenales\",\"potentialAction\":[{\"@type\":\"SearchAction\",\"target\":{\"@type\":\"EntryPoint\",\"urlTemplate\":\"https:\\\/\\\/cosmenales.com\\\/sitio\\\/?s={search_term_string}\"},\"query-input\":{\"@type\":\"PropertyValueSpecification\",\"valueRequired\":true,\"valueName\":\"search_term_string\"}}],\"inLanguage\":\"es\"},{\"@type\":\"Organization\",\"@id\":\"https:\\\/\\\/cosmenales.com\\\/sitio\\\/#organization\",\"name\":\"Cosmenales Laboratorio de Cosm\u00e9ticos Internacionales\",\"url\":\"https:\\\/\\\/cosmenales.com\\\/sitio\\\/\",\"logo\":{\"@type\":\"ImageObject\",\"inLanguage\":\"es\",\"@id\":\"https:\\\/\\\/cosmenales.com\\\/sitio\\\/#\\\/schema\\\/logo\\\/image\\\/\",\"url\":\"https:\\\/\\\/cosmenales.com\\\/sitio\\\/wp-content\\\/uploads\\\/2026\\\/03\\\/cropped-logo-cosmenales-horizontal_Mesa-de-trabajo-1.png\",\"contentUrl\":\"https:\\\/\\\/cosmenales.com\\\/sitio\\\/wp-content\\\/uploads\\\/2026\\\/03\\\/cropped-logo-cosmenales-horizontal_Mesa-de-trabajo-1.png\",\"width\":375,\"height\":125,\"caption\":\"Cosmenales Laboratorio de Cosm\u00e9ticos Internacionales\"},\"image\":{\"@id\":\"https:\\\/\\\/cosmenales.com\\\/sitio\\\/#\\\/schema\\\/logo\\\/image\\\/\"}}]}<\/script>\n<!-- \/ Yoast SEO plugin. -->","yoast_head_json":{"title":"CREMA PARA MANOS B\u00b4YZA COCO X 200g colapsible - Cosmenales Laboratorio de Cosm\u00e9ticos Internacionales","robots":{"index":"index","follow":"follow","max-snippet":"max-snippet:-1","max-image-preview":"max-image-preview:large","max-video-preview":"max-video-preview:-1"},"canonical":"https:\/\/cosmenales.com\/sitio\/producto\/crema-para-manos-byza-coco-x-200g-colapsible\/","og_locale":"es_ES","og_type":"article","og_title":"CREMA PARA MANOS B\u00b4YZA COCO X 200g colapsible - Cosmenales Laboratorio de Cosm\u00e9ticos Internacionales","og_description":"F\u00f3rmula especialmente desarrollada para humectar y suavizar la piel, contiene \u00f3leos de arg\u00e1n, karit\u00e9, coco y macadamia que nutren y mejoran la apariencia de la piel. MODO DE USO: Aplique generosamente sobre la piel, luego distrib\u00fayalo con un suave masaje. ADVERTENCIA Y PRECAUCIONES: Solo para uso externo. Evite el contacto con los ojos, no ingerirlo. [&hellip;]","og_url":"https:\/\/cosmenales.com\/sitio\/producto\/crema-para-manos-byza-coco-x-200g-colapsible\/","og_site_name":"Cosmenales Laboratorio de Cosm\u00e9ticos Internacionales","article_modified_time":"2026-03-02T14:30:10+00:00","og_image":[{"width":1651,"height":1275,"url":"https:\/\/cosmenales.com\/sitio\/wp-content\/uploads\/2023\/12\/Sin-titulo-23-08-min.png","type":"image\/png"}],"twitter_card":"summary_large_image","twitter_misc":{"Tiempo de lectura":"1 minuto"},"schema":{"@context":"https:\/\/schema.org","@graph":[{"@type":"WebPage","@id":"https:\/\/cosmenales.com\/sitio\/producto\/crema-para-manos-byza-coco-x-200g-colapsible\/","url":"https:\/\/cosmenales.com\/sitio\/producto\/crema-para-manos-byza-coco-x-200g-colapsible\/","name":"CREMA PARA MANOS B\u00b4YZA COCO X 200g colapsible - Cosmenales Laboratorio de Cosm\u00e9ticos Internacionales","isPartOf":{"@id":"https:\/\/cosmenales.com\/sitio\/#website"},"primaryImageOfPage":{"@id":"https:\/\/cosmenales.com\/sitio\/producto\/crema-para-manos-byza-coco-x-200g-colapsible\/#primaryimage"},"image":{"@id":"https:\/\/cosmenales.com\/sitio\/producto\/crema-para-manos-byza-coco-x-200g-colapsible\/#primaryimage"},"thumbnailUrl":"https:\/\/cosmenales.com\/sitio\/wp-content\/uploads\/2023\/12\/Sin-titulo-23-08-min.png","datePublished":"2024-11-20T15:49:04+00:00","dateModified":"2026-03-02T14:30:10+00:00","breadcrumb":{"@id":"https:\/\/cosmenales.com\/sitio\/producto\/crema-para-manos-byza-coco-x-200g-colapsible\/#breadcrumb"},"inLanguage":"es","potentialAction":[{"@type":"ReadAction","target":["https:\/\/cosmenales.com\/sitio\/producto\/crema-para-manos-byza-coco-x-200g-colapsible\/"]}]},{"@type":"ImageObject","inLanguage":"es","@id":"https:\/\/cosmenales.com\/sitio\/producto\/crema-para-manos-byza-coco-x-200g-colapsible\/#primaryimage","url":"https:\/\/cosmenales.com\/sitio\/wp-content\/uploads\/2023\/12\/Sin-titulo-23-08-min.png","contentUrl":"https:\/\/cosmenales.com\/sitio\/wp-content\/uploads\/2023\/12\/Sin-titulo-23-08-min.png","width":1651,"height":1275},{"@type":"BreadcrumbList","@id":"https:\/\/cosmenales.com\/sitio\/producto\/crema-para-manos-byza-coco-x-200g-colapsible\/#breadcrumb","itemListElement":[{"@type":"ListItem","position":1,"name":"Portada","item":"https:\/\/cosmenales.com\/sitio\/"},{"@type":"ListItem","position":2,"name":"Tienda","item":"https:\/\/cosmenales.com\/sitio\/shop\/"},{"@type":"ListItem","position":3,"name":"CREMA PARA MANOS B\u00b4YZA COCO X 200g colapsible"}]},{"@type":"WebSite","@id":"https:\/\/cosmenales.com\/sitio\/#website","url":"https:\/\/cosmenales.com\/sitio\/","name":"Cosmenales Laboratorio de Cosm\u00e9ticos Internacionales","description":"Empresa con 21 a\u00f1os de experiencia en la fabricaci\u00f3n y Comercializaci\u00f3n de Productos Cosm\u00e9ticos.","publisher":{"@id":"https:\/\/cosmenales.com\/sitio\/#organization"},"alternateName":"cosmenales","potentialAction":[{"@type":"SearchAction","target":{"@type":"EntryPoint","urlTemplate":"https:\/\/cosmenales.com\/sitio\/?s={search_term_string}"},"query-input":{"@type":"PropertyValueSpecification","valueRequired":true,"valueName":"search_term_string"}}],"inLanguage":"es"},{"@type":"Organization","@id":"https:\/\/cosmenales.com\/sitio\/#organization","name":"Cosmenales Laboratorio de Cosm\u00e9ticos Internacionales","url":"https:\/\/cosmenales.com\/sitio\/","logo":{"@type":"ImageObject","inLanguage":"es","@id":"https:\/\/cosmenales.com\/sitio\/#\/schema\/logo\/image\/","url":"https:\/\/cosmenales.com\/sitio\/wp-content\/uploads\/2026\/03\/cropped-logo-cosmenales-horizontal_Mesa-de-trabajo-1.png","contentUrl":"https:\/\/cosmenales.com\/sitio\/wp-content\/uploads\/2026\/03\/cropped-logo-cosmenales-horizontal_Mesa-de-trabajo-1.png","width":375,"height":125,"caption":"Cosmenales Laboratorio de Cosm\u00e9ticos Internacionales"},"image":{"@id":"https:\/\/cosmenales.com\/sitio\/#\/schema\/logo\/image\/"}}]}},"uagb_featured_image_src":{"full":["https:\/\/cosmenales.com\/sitio\/wp-content\/uploads\/2023\/12\/Sin-titulo-23-08-min.png",1651,1275,false],"thumbnail":["https:\/\/cosmenales.com\/sitio\/wp-content\/uploads\/2023\/12\/Sin-titulo-23-08-min-150x150.png",150,150,true],"medium":["https:\/\/cosmenales.com\/sitio\/wp-content\/uploads\/2023\/12\/Sin-titulo-23-08-min-300x232.png",300,232,true],"medium_large":["https:\/\/cosmenales.com\/sitio\/wp-content\/uploads\/2023\/12\/Sin-titulo-23-08-min-768x593.png",768,593,true],"large":["https:\/\/cosmenales.com\/sitio\/wp-content\/uploads\/2023\/12\/Sin-titulo-23-08-min-1024x791.png",1024,791,true],"1536x1536":["https:\/\/cosmenales.com\/sitio\/wp-content\/uploads\/2023\/12\/Sin-titulo-23-08-min-1536x1186.png",1536,1186,true],"2048x2048":["https:\/\/cosmenales.com\/sitio\/wp-content\/uploads\/2023\/12\/Sin-titulo-23-08-min.png",1651,1275,false],"woocommerce_thumbnail":["https:\/\/cosmenales.com\/sitio\/wp-content\/uploads\/2023\/12\/Sin-titulo-23-08-min-300x225.png",300,225,true],"woocommerce_single":["https:\/\/cosmenales.com\/sitio\/wp-content\/uploads\/2023\/12\/Sin-titulo-23-08-min-600x463.png",600,463,true],"woocommerce_gallery_thumbnail":["https:\/\/cosmenales.com\/sitio\/wp-content\/uploads\/2023\/12\/Sin-titulo-23-08-min-100x100.png",100,100,true],"variation_swatches_image_size":["https:\/\/cosmenales.com\/sitio\/wp-content\/uploads\/2023\/12\/Sin-titulo-23-08-min-50x50.png",50,50,true],"variation_swatches_tooltip_size":["https:\/\/cosmenales.com\/sitio\/wp-content\/uploads\/2023\/12\/Sin-titulo-23-08-min-100x100.png",100,100,true]},"uagb_author_info":{"display_name":"ecommerce","author_link":"https:\/\/cosmenales.com\/sitio\/author\/"},"uagb_comment_info":0,"uagb_excerpt":"F\u00f3rmula especialmente desarrollada para humectar y suavizar la piel, contiene \u00f3leos de arg\u00e1n, karit\u00e9, coco y macadamia que nutren y mejoran la apariencia de la piel. MODO DE USO: Aplique generosamente sobre la piel, luego distrib\u00fayalo con un suave masaje. ADVERTENCIA Y PRECAUCIONES: Solo para uso externo. Evite el contacto con los ojos, no ingerirlo.&hellip;","jetpack_sharing_enabled":true,"brands":[],"publishpress_future_workflow_manual_trigger":{"enabledWorkflows":[]},"_links":{"self":[{"href":"https:\/\/cosmenales.com\/sitio\/wp-json\/wp\/v2\/product\/6738","targetHints":{"allow":["GET"]}}],"collection":[{"href":"https:\/\/cosmenales.com\/sitio\/wp-json\/wp\/v2\/product"}],"about":[{"href":"https:\/\/cosmenales.com\/sitio\/wp-json\/wp\/v2\/types\/product"}],"wp:featuredmedia":[{"embeddable":true,"href":"https:\/\/cosmenales.com\/sitio\/wp-json\/wp\/v2\/media\/5564"}],"wp:attachment":[{"href":"https:\/\/cosmenales.com\/sitio\/wp-json\/wp\/v2\/media?parent=6738"}],"wp:term":[{"taxonomy":"pwb-brand","embeddable":true,"href":"https:\/\/cosmenales.com\/sitio\/wp-json\/wp\/v2\/pwb-brand?post=6738"},{"taxonomy":"product_brand","embeddable":true,"href":"https:\/\/cosmenales.com\/sitio\/wp-json\/wp\/v2\/product_brand?post=6738"},{"taxonomy":"product_cat","embeddable":true,"href":"https:\/\/cosmenales.com\/sitio\/wp-json\/wp\/v2\/product_cat?post=6738"},{"taxonomy":"product_tag","embeddable":true,"href":"https:\/\/cosmenales.com\/sitio\/wp-json\/wp\/v2\/product_tag?post=6738"}],"curies":[{"name":"wp","href":"https:\/\/api.w.org\/{rel}","templated":true}]}}