{"id":7199,"date":"2025-06-10T14:39:20","date_gmt":"2025-06-10T19:39:20","guid":{"rendered":"https:\/\/cosmenales.com\/sitio\/?post_type=product&#038;p=7199"},"modified":"2026-03-02T16:02:16","modified_gmt":"2026-03-02T21:02:16","slug":"gel-hom-formen-para-afeitar-y-marcar-corte-x-265g","status":"publish","type":"product","link":"https:\/\/cosmenales.com\/sitio\/producto\/gel-hom-formen-para-afeitar-y-marcar-corte-x-265g\/","title":{"rendered":"GEL HOM FORMEN PARA AFEITAR Y MARCAR CORTE X 265g"},"content":{"rendered":"<ul class=\"tabs wc-tabs\" role=\"tablist\">\n<li id=\"tab-title-description\" class=\"description_tab active\" role=\"tab\" aria-controls=\"tab-description\" aria-selected=\"true\"><a href=\"https:\/\/cosmenales.com\/sitio\/producto\/gel-hom-formen-para-afeitar-y-marcar-corte-x-500g-bolsa\/#tab-description\">Descripci\u00f3n<\/a><\/li>\n<\/ul>\n<div id=\"tab-description\" class=\"woocommerce-Tabs-panel woocommerce-Tabs-panel--description panel entry-content wc-tab\" role=\"tabpanel\" aria-labelledby=\"tab-title-description\">\n<p>Este producto es ideal para marcar corte, tanto en cabello como en barba, puede ser usado para la afeitada. Contiene aloe vera y agentes acondicionadores que suavizan y protegen la piel.<\/p>\n<h6>MODO DE USO:<\/h6>\n<p>Aplique de forma generosa en las areas que van a rasurar, luego proceda con el afeitado con barbera y cuchilla.<\/p>\n<h6>ADVERTENCIAS Y PRECAUCIONES:<\/h6>\n<p>Solo para uso externo. Evite el contacto con los ojos, no ingerirlo; no aplicar sobre heridas y piel irritada. Si observa alguna reacci\u00f3n desfavorable, suspenda su uso y consulte con un m\u00e9dico. Mant\u00e9ngase fuera del alcance de ni\u00f1os y\u00a0 mascotas, mant\u00e9ngase en un lugar fresco en un lugar fresco y seco.<\/p>\n<\/div>\n","protected":false},"excerpt":{"rendered":"<p>Descripci\u00f3n Este producto es ideal para marcar corte, tanto en cabello como en barba, puede ser usado para la afeitada. Contiene aloe vera y agentes acondicionadores que suavizan y protegen la piel. MODO DE USO: Aplique de forma generosa en las areas que van a rasurar, luego proceda con el afeitado con barbera y cuchilla. [&hellip;]<\/p>\n","protected":false},"featured_media":7200,"template":"","meta":{"_uag_custom_page_level_css":"","site-sidebar-layout":"default","site-content-layout":"","ast-site-content-layout":"default","site-content-style":"default","site-sidebar-style":"default","ast-global-header-display":"","ast-banner-title-visibility":"","ast-main-header-display":"","ast-hfb-above-header-display":"","ast-hfb-below-header-display":"","ast-hfb-mobile-header-display":"","site-post-title":"","ast-breadcrumbs-content":"","ast-featured-img":"","footer-sml-layout":"","ast-disable-related-posts":"","theme-transparent-header-meta":"default","adv-header-id-meta":"","stick-header-meta":"","header-above-stick-meta":"","header-main-stick-meta":"","header-below-stick-meta":"","astra-migrate-meta-layouts":"set","ast-page-background-enabled":"default","ast-page-background-meta":{"desktop":{"background-color":"","background-image":"","background-repeat":"repeat","background-position":"center center","background-size":"auto","background-attachment":"scroll","background-type":"","background-media":"","overlay-type":"","overlay-color":"","overlay-opacity":"","overlay-gradient":""},"tablet":{"background-color":"","background-image":"","background-repeat":"repeat","background-position":"center center","background-size":"auto","background-attachment":"scroll","background-type":"","background-media":"","overlay-type":"","overlay-color":"","overlay-opacity":"","overlay-gradient":""},"mobile":{"background-color":"","background-image":"","background-repeat":"repeat","background-position":"center center","background-size":"auto","background-attachment":"scroll","background-type":"","background-media":"","overlay-type":"","overlay-color":"","overlay-opacity":"","overlay-gradient":""}},"ast-content-background-meta":{"desktop":{"background-color":"var(--ast-global-color-5)","background-image":"","background-repeat":"repeat","background-position":"center center","background-size":"auto","background-attachment":"scroll","background-type":"","background-media":"","overlay-type":"","overlay-color":"","overlay-opacity":"","overlay-gradient":""},"tablet":{"background-color":"var(--ast-global-color-5)","background-image":"","background-repeat":"repeat","background-position":"center center","background-size":"auto","background-attachment":"scroll","background-type":"","background-media":"","overlay-type":"","overlay-color":"","overlay-opacity":"","overlay-gradient":""},"mobile":{"background-color":"var(--ast-global-color-5)","background-image":"","background-repeat":"repeat","background-position":"center center","background-size":"auto","background-attachment":"scroll","background-type":"","background-media":"","overlay-type":"","overlay-color":"","overlay-opacity":"","overlay-gradient":""}}},"pwb-brand":[],"product_brand":[],"product_cat":[23],"product_tag":[],"class_list":{"0":"post-7199","1":"product","2":"type-product","3":"status-publish","4":"has-post-thumbnail","6":"product_cat-3-bioseguridad","7":"desktop-align-center","8":"tablet-align-left","9":"mobile-align-left","11":"first","12":"instock","13":"taxable","14":"shipping-taxable","15":"purchasable","16":"product-type-simple"},"yoast_head":"<!-- This site is optimized with the Yoast SEO plugin v27.0 - https:\/\/yoast.com\/product\/yoast-seo-wordpress\/ -->\n<title>GEL HOM FORMEN PARA AFEITAR Y MARCAR CORTE X 265g - Cosmenales Laboratorio de Cosm\u00e9ticos Internacionales<\/title>\n<meta name=\"robots\" content=\"index, follow, max-snippet:-1, max-image-preview:large, max-video-preview:-1\" \/>\n<link rel=\"canonical\" href=\"https:\/\/cosmenales.com\/sitio\/producto\/gel-hom-formen-para-afeitar-y-marcar-corte-x-265g\/\" \/>\n<meta property=\"og:locale\" content=\"es_ES\" \/>\n<meta property=\"og:type\" content=\"article\" \/>\n<meta property=\"og:title\" content=\"GEL HOM FORMEN PARA AFEITAR Y MARCAR CORTE X 265g - Cosmenales Laboratorio de Cosm\u00e9ticos Internacionales\" \/>\n<meta property=\"og:description\" content=\"Descripci\u00f3n Este producto es ideal para marcar corte, tanto en cabello como en barba, puede ser usado para la afeitada. Contiene aloe vera y agentes acondicionadores que suavizan y protegen la piel. MODO DE USO: Aplique de forma generosa en las areas que van a rasurar, luego proceda con el afeitado con barbera y cuchilla. [&hellip;]\" \/>\n<meta property=\"og:url\" content=\"https:\/\/cosmenales.com\/sitio\/producto\/gel-hom-formen-para-afeitar-y-marcar-corte-x-265g\/\" \/>\n<meta property=\"og:site_name\" content=\"Cosmenales Laboratorio de Cosm\u00e9ticos Internacionales\" \/>\n<meta property=\"article:modified_time\" content=\"2026-03-02T21:02:16+00:00\" \/>\n<meta property=\"og:image\" content=\"https:\/\/cosmenales.com\/sitio\/wp-content\/uploads\/2025\/06\/gel-265.png\" \/>\n\t<meta property=\"og:image:width\" content=\"1080\" \/>\n\t<meta property=\"og:image:height\" content=\"1080\" \/>\n\t<meta property=\"og:image:type\" content=\"image\/png\" \/>\n<meta name=\"twitter:card\" content=\"summary_large_image\" \/>\n<meta name=\"twitter:label1\" content=\"Tiempo de lectura\" \/>\n\t<meta name=\"twitter:data1\" content=\"1 minuto\" \/>\n<script type=\"application\/ld+json\" class=\"yoast-schema-graph\">{\"@context\":\"https:\/\/schema.org\",\"@graph\":[{\"@type\":\"WebPage\",\"@id\":\"https:\/\/cosmenales.com\/sitio\/producto\/gel-hom-formen-para-afeitar-y-marcar-corte-x-265g\/\",\"url\":\"https:\/\/cosmenales.com\/sitio\/producto\/gel-hom-formen-para-afeitar-y-marcar-corte-x-265g\/\",\"name\":\"GEL HOM FORMEN PARA AFEITAR Y MARCAR CORTE X 265g - Cosmenales Laboratorio de Cosm\u00e9ticos Internacionales\",\"isPartOf\":{\"@id\":\"https:\/\/cosmenales.com\/sitio\/#website\"},\"primaryImageOfPage\":{\"@id\":\"https:\/\/cosmenales.com\/sitio\/producto\/gel-hom-formen-para-afeitar-y-marcar-corte-x-265g\/#primaryimage\"},\"image\":{\"@id\":\"https:\/\/cosmenales.com\/sitio\/producto\/gel-hom-formen-para-afeitar-y-marcar-corte-x-265g\/#primaryimage\"},\"thumbnailUrl\":\"https:\/\/cosmenales.com\/sitio\/wp-content\/uploads\/2025\/06\/gel-265.png\",\"datePublished\":\"2025-06-10T19:39:20+00:00\",\"dateModified\":\"2026-03-02T21:02:16+00:00\",\"breadcrumb\":{\"@id\":\"https:\/\/cosmenales.com\/sitio\/producto\/gel-hom-formen-para-afeitar-y-marcar-corte-x-265g\/#breadcrumb\"},\"inLanguage\":\"es\",\"potentialAction\":[{\"@type\":\"ReadAction\",\"target\":[\"https:\/\/cosmenales.com\/sitio\/producto\/gel-hom-formen-para-afeitar-y-marcar-corte-x-265g\/\"]}]},{\"@type\":\"ImageObject\",\"inLanguage\":\"es\",\"@id\":\"https:\/\/cosmenales.com\/sitio\/producto\/gel-hom-formen-para-afeitar-y-marcar-corte-x-265g\/#primaryimage\",\"url\":\"https:\/\/cosmenales.com\/sitio\/wp-content\/uploads\/2025\/06\/gel-265.png\",\"contentUrl\":\"https:\/\/cosmenales.com\/sitio\/wp-content\/uploads\/2025\/06\/gel-265.png\",\"width\":1080,\"height\":1080},{\"@type\":\"BreadcrumbList\",\"@id\":\"https:\/\/cosmenales.com\/sitio\/producto\/gel-hom-formen-para-afeitar-y-marcar-corte-x-265g\/#breadcrumb\",\"itemListElement\":[{\"@type\":\"ListItem\",\"position\":1,\"name\":\"Portada\",\"item\":\"https:\/\/cosmenales.com\/sitio\/\"},{\"@type\":\"ListItem\",\"position\":2,\"name\":\"Tienda\",\"item\":\"https:\/\/cosmenales.com\/sitio\/shop\/\"},{\"@type\":\"ListItem\",\"position\":3,\"name\":\"GEL HOM FORMEN PARA AFEITAR Y MARCAR CORTE X 265g\"}]},{\"@type\":\"WebSite\",\"@id\":\"https:\/\/cosmenales.com\/sitio\/#website\",\"url\":\"https:\/\/cosmenales.com\/sitio\/\",\"name\":\"Cosmenales Laboratorio de Cosm\u00e9ticos Internacionales\",\"description\":\"Empresa con 21 a\u00f1os de experiencia en la fabricaci\u00f3n y Comercializaci\u00f3n de Productos Cosm\u00e9ticos.\",\"publisher\":{\"@id\":\"https:\/\/cosmenales.com\/sitio\/#organization\"},\"alternateName\":\"cosmenales\",\"potentialAction\":[{\"@type\":\"SearchAction\",\"target\":{\"@type\":\"EntryPoint\",\"urlTemplate\":\"https:\/\/cosmenales.com\/sitio\/?s={search_term_string}\"},\"query-input\":{\"@type\":\"PropertyValueSpecification\",\"valueRequired\":true,\"valueName\":\"search_term_string\"}}],\"inLanguage\":\"es\"},{\"@type\":\"Organization\",\"@id\":\"https:\/\/cosmenales.com\/sitio\/#organization\",\"name\":\"Cosmenales Laboratorio de Cosm\u00e9ticos Internacionales\",\"url\":\"https:\/\/cosmenales.com\/sitio\/\",\"logo\":{\"@type\":\"ImageObject\",\"inLanguage\":\"es\",\"@id\":\"https:\/\/cosmenales.com\/sitio\/#\/schema\/logo\/image\/\",\"url\":\"https:\/\/cosmenales.com\/sitio\/wp-content\/uploads\/2026\/03\/cropped-logo-cosmenales-horizontal_Mesa-de-trabajo-1.png\",\"contentUrl\":\"https:\/\/cosmenales.com\/sitio\/wp-content\/uploads\/2026\/03\/cropped-logo-cosmenales-horizontal_Mesa-de-trabajo-1.png\",\"width\":375,\"height\":125,\"caption\":\"Cosmenales Laboratorio de Cosm\u00e9ticos Internacionales\"},\"image\":{\"@id\":\"https:\/\/cosmenales.com\/sitio\/#\/schema\/logo\/image\/\"}}]}<\/script>\n<!-- \/ Yoast SEO plugin. -->","yoast_head_json":{"title":"GEL HOM FORMEN PARA AFEITAR Y MARCAR CORTE X 265g - Cosmenales Laboratorio de Cosm\u00e9ticos Internacionales","robots":{"index":"index","follow":"follow","max-snippet":"max-snippet:-1","max-image-preview":"max-image-preview:large","max-video-preview":"max-video-preview:-1"},"canonical":"https:\/\/cosmenales.com\/sitio\/producto\/gel-hom-formen-para-afeitar-y-marcar-corte-x-265g\/","og_locale":"es_ES","og_type":"article","og_title":"GEL HOM FORMEN PARA AFEITAR Y MARCAR CORTE X 265g - Cosmenales Laboratorio de Cosm\u00e9ticos Internacionales","og_description":"Descripci\u00f3n Este producto es ideal para marcar corte, tanto en cabello como en barba, puede ser usado para la afeitada. Contiene aloe vera y agentes acondicionadores que suavizan y protegen la piel. MODO DE USO: Aplique de forma generosa en las areas que van a rasurar, luego proceda con el afeitado con barbera y cuchilla. [&hellip;]","og_url":"https:\/\/cosmenales.com\/sitio\/producto\/gel-hom-formen-para-afeitar-y-marcar-corte-x-265g\/","og_site_name":"Cosmenales Laboratorio de Cosm\u00e9ticos Internacionales","article_modified_time":"2026-03-02T21:02:16+00:00","og_image":[{"width":1080,"height":1080,"url":"https:\/\/cosmenales.com\/sitio\/wp-content\/uploads\/2025\/06\/gel-265.png","type":"image\/png"}],"twitter_card":"summary_large_image","twitter_misc":{"Tiempo de lectura":"1 minuto"},"schema":{"@context":"https:\/\/schema.org","@graph":[{"@type":"WebPage","@id":"https:\/\/cosmenales.com\/sitio\/producto\/gel-hom-formen-para-afeitar-y-marcar-corte-x-265g\/","url":"https:\/\/cosmenales.com\/sitio\/producto\/gel-hom-formen-para-afeitar-y-marcar-corte-x-265g\/","name":"GEL HOM FORMEN PARA AFEITAR Y MARCAR CORTE X 265g - Cosmenales Laboratorio de Cosm\u00e9ticos Internacionales","isPartOf":{"@id":"https:\/\/cosmenales.com\/sitio\/#website"},"primaryImageOfPage":{"@id":"https:\/\/cosmenales.com\/sitio\/producto\/gel-hom-formen-para-afeitar-y-marcar-corte-x-265g\/#primaryimage"},"image":{"@id":"https:\/\/cosmenales.com\/sitio\/producto\/gel-hom-formen-para-afeitar-y-marcar-corte-x-265g\/#primaryimage"},"thumbnailUrl":"https:\/\/cosmenales.com\/sitio\/wp-content\/uploads\/2025\/06\/gel-265.png","datePublished":"2025-06-10T19:39:20+00:00","dateModified":"2026-03-02T21:02:16+00:00","breadcrumb":{"@id":"https:\/\/cosmenales.com\/sitio\/producto\/gel-hom-formen-para-afeitar-y-marcar-corte-x-265g\/#breadcrumb"},"inLanguage":"es","potentialAction":[{"@type":"ReadAction","target":["https:\/\/cosmenales.com\/sitio\/producto\/gel-hom-formen-para-afeitar-y-marcar-corte-x-265g\/"]}]},{"@type":"ImageObject","inLanguage":"es","@id":"https:\/\/cosmenales.com\/sitio\/producto\/gel-hom-formen-para-afeitar-y-marcar-corte-x-265g\/#primaryimage","url":"https:\/\/cosmenales.com\/sitio\/wp-content\/uploads\/2025\/06\/gel-265.png","contentUrl":"https:\/\/cosmenales.com\/sitio\/wp-content\/uploads\/2025\/06\/gel-265.png","width":1080,"height":1080},{"@type":"BreadcrumbList","@id":"https:\/\/cosmenales.com\/sitio\/producto\/gel-hom-formen-para-afeitar-y-marcar-corte-x-265g\/#breadcrumb","itemListElement":[{"@type":"ListItem","position":1,"name":"Portada","item":"https:\/\/cosmenales.com\/sitio\/"},{"@type":"ListItem","position":2,"name":"Tienda","item":"https:\/\/cosmenales.com\/sitio\/shop\/"},{"@type":"ListItem","position":3,"name":"GEL HOM FORMEN PARA AFEITAR Y MARCAR CORTE X 265g"}]},{"@type":"WebSite","@id":"https:\/\/cosmenales.com\/sitio\/#website","url":"https:\/\/cosmenales.com\/sitio\/","name":"Cosmenales Laboratorio de Cosm\u00e9ticos Internacionales","description":"Empresa con 21 a\u00f1os de experiencia en la fabricaci\u00f3n y Comercializaci\u00f3n de Productos Cosm\u00e9ticos.","publisher":{"@id":"https:\/\/cosmenales.com\/sitio\/#organization"},"alternateName":"cosmenales","potentialAction":[{"@type":"SearchAction","target":{"@type":"EntryPoint","urlTemplate":"https:\/\/cosmenales.com\/sitio\/?s={search_term_string}"},"query-input":{"@type":"PropertyValueSpecification","valueRequired":true,"valueName":"search_term_string"}}],"inLanguage":"es"},{"@type":"Organization","@id":"https:\/\/cosmenales.com\/sitio\/#organization","name":"Cosmenales Laboratorio de Cosm\u00e9ticos Internacionales","url":"https:\/\/cosmenales.com\/sitio\/","logo":{"@type":"ImageObject","inLanguage":"es","@id":"https:\/\/cosmenales.com\/sitio\/#\/schema\/logo\/image\/","url":"https:\/\/cosmenales.com\/sitio\/wp-content\/uploads\/2026\/03\/cropped-logo-cosmenales-horizontal_Mesa-de-trabajo-1.png","contentUrl":"https:\/\/cosmenales.com\/sitio\/wp-content\/uploads\/2026\/03\/cropped-logo-cosmenales-horizontal_Mesa-de-trabajo-1.png","width":375,"height":125,"caption":"Cosmenales Laboratorio de Cosm\u00e9ticos Internacionales"},"image":{"@id":"https:\/\/cosmenales.com\/sitio\/#\/schema\/logo\/image\/"}}]}},"uagb_featured_image_src":{"full":["https:\/\/cosmenales.com\/sitio\/wp-content\/uploads\/2025\/06\/gel-265.png",1080,1080,false],"thumbnail":["https:\/\/cosmenales.com\/sitio\/wp-content\/uploads\/2025\/06\/gel-265-150x150.png",150,150,true],"medium":["https:\/\/cosmenales.com\/sitio\/wp-content\/uploads\/2025\/06\/gel-265-300x300.png",300,300,true],"medium_large":["https:\/\/cosmenales.com\/sitio\/wp-content\/uploads\/2025\/06\/gel-265-768x768.png",768,768,true],"large":["https:\/\/cosmenales.com\/sitio\/wp-content\/uploads\/2025\/06\/gel-265-1024x1024.png",1024,1024,true],"1536x1536":["https:\/\/cosmenales.com\/sitio\/wp-content\/uploads\/2025\/06\/gel-265.png",1080,1080,false],"2048x2048":["https:\/\/cosmenales.com\/sitio\/wp-content\/uploads\/2025\/06\/gel-265.png",1080,1080,false],"woocommerce_thumbnail":["https:\/\/cosmenales.com\/sitio\/wp-content\/uploads\/2025\/06\/gel-265-300x225.png",300,225,true],"woocommerce_single":["https:\/\/cosmenales.com\/sitio\/wp-content\/uploads\/2025\/06\/gel-265-600x600.png",600,600,true],"woocommerce_gallery_thumbnail":["https:\/\/cosmenales.com\/sitio\/wp-content\/uploads\/2025\/06\/gel-265-100x100.png",100,100,true],"variation_swatches_image_size":["https:\/\/cosmenales.com\/sitio\/wp-content\/uploads\/2025\/06\/gel-265.png",50,50,false],"variation_swatches_tooltip_size":["https:\/\/cosmenales.com\/sitio\/wp-content\/uploads\/2025\/06\/gel-265.png",100,100,false]},"uagb_author_info":{"display_name":"ecommerce","author_link":"https:\/\/cosmenales.com\/sitio\/author\/"},"uagb_comment_info":0,"uagb_excerpt":"Descripci\u00f3n Este producto es ideal para marcar corte, tanto en cabello como en barba, puede ser usado para la afeitada. Contiene aloe vera y agentes acondicionadores que suavizan y protegen la piel. MODO DE USO: Aplique de forma generosa en las areas que van a rasurar, luego proceda con el afeitado con barbera y cuchilla.&hellip;","jetpack_sharing_enabled":true,"brands":[],"publishpress_future_workflow_manual_trigger":{"enabledWorkflows":[]},"_links":{"self":[{"href":"https:\/\/cosmenales.com\/sitio\/wp-json\/wp\/v2\/product\/7199","targetHints":{"allow":["GET"]}}],"collection":[{"href":"https:\/\/cosmenales.com\/sitio\/wp-json\/wp\/v2\/product"}],"about":[{"href":"https:\/\/cosmenales.com\/sitio\/wp-json\/wp\/v2\/types\/product"}],"wp:featuredmedia":[{"embeddable":true,"href":"https:\/\/cosmenales.com\/sitio\/wp-json\/wp\/v2\/media\/7200"}],"wp:attachment":[{"href":"https:\/\/cosmenales.com\/sitio\/wp-json\/wp\/v2\/media?parent=7199"}],"wp:term":[{"taxonomy":"pwb-brand","embeddable":true,"href":"https:\/\/cosmenales.com\/sitio\/wp-json\/wp\/v2\/pwb-brand?post=7199"},{"taxonomy":"product_brand","embeddable":true,"href":"https:\/\/cosmenales.com\/sitio\/wp-json\/wp\/v2\/product_brand?post=7199"},{"taxonomy":"product_cat","embeddable":true,"href":"https:\/\/cosmenales.com\/sitio\/wp-json\/wp\/v2\/product_cat?post=7199"},{"taxonomy":"product_tag","embeddable":true,"href":"https:\/\/cosmenales.com\/sitio\/wp-json\/wp\/v2\/product_tag?post=7199"}],"curies":[{"name":"wp","href":"https:\/\/api.w.org\/{rel}","templated":true}]}}